{"id":3134,"date":"2018-02-15T19:28:56","date_gmt":"2018-02-15T19:28:56","guid":{"rendered":"https:\/\/csaballoons.com\/?page_id=3134"},"modified":"2018-02-24T17:12:23","modified_gmt":"2018-02-24T17:12:23","slug":"a-propos","status":"publish","type":"page","link":"https:\/\/csaballoons.com\/fr\/a-propos\/","title":{"rendered":"\u00c0 propos"},"content":{"rendered":"[vc_row fullwidth=\u00a0\u00bbtrue\u00a0\u00bb][vc_column][vc_single_image image=\u00a0\u00bb664&Prime; img_size=\u00a0\u00bbfull\u00a0\u00bb][vc_column_text align=\u00a0\u00bbcenter\u00a0\u00bb css=\u00a0\u00bb.vc_custom_1518722676102{margin-top: -5% !important;margin-bottom: 0px !important;}\u00a0\u00bb]\n<h1>\u00c0 propos<\/h1>\n[\/vc_column_text][\/vc_column][\/vc_row][vc_row fullwidth=\u00a0\u00bbtrue\u00a0\u00bb fullwidth_content=\u00a0\u00bbfalse\u00a0\u00bb css=\u00a0\u00bb.vc_custom_1516469607443{padding-top: 3% !important;padding-bottom: 3% !important;background-color: #f2f2f2 !important;}\u00a0\u00bb][vc_column][vc_column_text css=\u00a0\u00bb.vc_custom_1518722686390{margin-bottom: 0px !important;}\u00a0\u00bb]\n<h4>Ballons CSA, une entreprise familliale.<\/h4>\n[\/vc_column_text][vc_row_inner][vc_column_inner width=\u00a0\u00bb1\/2&Prime;][vc_column_text css=\u00a0\u00bb.vc_custom_1518722904948{margin-bottom: 0px !important;}\u00a0\u00bb]Ma\u00eetre-concepteur en \u00e9lectro-m\u00e9canique et sp\u00e9cialis\u00e9 en robotique industrielle, Csaba consacra plus de 10 ans \u00e0 l\u2019am\u00e9lioration et l\u2019\u00e9laboration de nouvelles id\u00e9es dans la fabrication de ballons de latex. Il con\u00e7oit et d\u00e9veloppe, pour plusieurs entreprises internationales, des dispositifs et proc\u00e9d\u00e9s des plus avanc\u00e9s au monde.<\/p>\n<p>En 2003, bien que la fabrication de ballons n\u2019avait plus de secrets pour lui, il constate que la client\u00e8le \u00e9tait mal servie lorsqu\u2019il s\u2019agissait de ballons imprim\u00e9s. Il fonde alors son entreprise d\u2019impression de ballons, qu\u2019il nomma \u00abBallons CSA\u00bb.[\/vc_column_text][\/vc_column_inner][vc_column_inner width=\u00a0\u00bb1\/2&Prime;][vc_column_text css=\u00a0\u00bb.vc_custom_1518722707320{margin-bottom: 0px !important;}\u00a0\u00bb]Ayant les atouts n\u00e9cessaires, il con\u00e7oit ses machines de production poss\u00e9dant plusieurs secrets technologiques offrant une polyvalence et une qualit\u00e9 d\u2019impression in\u00e9gal\u00e9e \u00e0 ce jour et permet \u00e0 Ballons CSA de se tailler un positionnement concurrentiel tr\u00e8s enviable et d\u2019\u00e9lever les standards \u00e0 un niveau sup\u00e9rieur tout en maintenant des prix comp\u00e9titifs.<\/p>\n<p>Ballons CSA imprime plus de 5 millions de ballons latex et mylar par ann\u00e9e. De plus, ils effectuent la gestion, la livraison et l\u2019installation de d\u00e9cors corporatifs en ballons en tout lieu au Canada et aux \u00c9tats-Unis.[\/vc_column_text][\/vc_column_inner][\/vc_row_inner][\/vc_column][\/vc_row][vc_row fullwidth=\u00a0\u00bbtrue\u00a0\u00bb fullwidth_content=\u00a0\u00bbfalse\u00a0\u00bb css=\u00a0\u00bb.vc_custom_1518722934149{padding-top: 1% !important;padding-bottom: 3% !important;background-color: #f2f2f2 !important;}\u00a0\u00bb][vc_column][vc_column_text align=\u00a0\u00bbcenter\u00a0\u00bb css=\u00a0\u00bb.vc_custom_1518722718106{margin-bottom: 0px !important;}\u00a0\u00bb]\n<h4>Visionnez notre video!<\/h4>\n[\/vc_column_text][vc_row_inner css=\u00a0\u00bb.vc_custom_1516469675510{padding-right: 8% !important;padding-left: 8% !important;}\u00a0\u00bb][vc_column_inner][vc_column_text align=\u00a0\u00bbcenter\u00a0\u00bb css=\u00a0\u00bb.vc_custom_1516469666059{margin-bottom: 0px !important;}\u00a0\u00bb]<iframe loading=\"lazy\" src=\"https:\/\/www.youtube.com\/embed\/XiEPBnHs9sE\" width=\"560\" height=\"315\" frameborder=\"0\" allowfullscreen=\"allowfullscreen\" data-mce-fragment=\"1\"><\/iframe>[\/vc_column_text][\/vc_column_inner][\/vc_row_inner][\/vc_column][\/vc_row][vc_row fullwidth=\u00a0\u00bbtrue\u00a0\u00bb fullwidth_content=\u00a0\u00bbfalse\u00a0\u00bb css=\u00a0\u00bb.vc_custom_1516469688672{padding-bottom: 3% !important;background-color: #f2f2f2 !important;}\u00a0\u00bb][vc_column width=\u00a0\u00bb1\/2&Prime;][vc_column_text css=\u00a0\u00bb.vc_custom_1518722731090{margin-bottom: 0px !important;}\u00a0\u00bb]Magasins, restaurants, dentistes, concessionnaires, organismes, \u00e9coles, pharmacies, h\u00f4tels, municipalit\u00e9s, fleuristes, salons, clubs, agences, optom\u00e9tristes, entrepreneurs, paysagistes, associations, garages, v\u00e9t\u00e9rinaires, magiciens, etc. Ballons CSA est au service de tous les secteurs d\u2019activit\u00e9s, et aussi au service des particuliers.<\/p>\n<p>Ballons CSA est votre partenaire de choix pour \u00ab\u00a0ATTIRER L&rsquo;ATTENTION\u00a0\u00bb lors de vos \u00e9v\u00e8nements, promotions, d\u00e9cors, expositions, campagnes publicitaires, mariage etc.[\/vc_column_text][\/vc_column][vc_column width=\u00a0\u00bb1\/2&Prime;][vc_column_text css=\u00a0\u00bb.vc_custom_1518722750520{margin-bottom: 0px !important;}\u00a0\u00bb]\n<h4>Ballons CSA, c\u2019est aussi:<\/h4>\n<p>&#8211; de vraies personnes au bout de la ligne, amicales, professionnelles et efficaces;<br \/>\n&#8211; un r\u00e9seau de 384 d\u00e9corateurs certifi\u00e9s en ballon au Canada et aux \u00c9tats-Unis;<br \/>\n&#8211; des produits innovateurs de qualit\u00e9 sup\u00e9rieure;<br \/>\n&#8211; des conditions de travail qui favorisent le bonheur et l\u2019\u00e9panouissement de ses employ\u00e9s;<br \/>\n&#8211; des politiques d\u2019actions \u00e9co-responsables en entreprise afin de r\u00e9duire au maximum l\u2019empreinte environnementale;<br \/>\n&#8211; des relations d\u2019affaires bas\u00e9es sur l\u2019\u00e9coute, le respect, la confiance, le dynamisme, le professionnalisme.[\/vc_column_text][\/vc_column][\/vc_row][vc_row fullwidth=\u00a0\u00bbtrue\u00a0\u00bb fullwidth_content=\u00a0\u00bbfalse\u00a0\u00bb parallax=\u00a0\u00bbcontent-moving\u00a0\u00bb parallax_image=\u00a0\u00bb2804&Prime; css=\u00a0\u00bb.vc_custom_1518722895584{padding-top: 7% !important;padding-bottom: 7% !important;background-position: center;background-repeat: no-repeat !important;background-size: cover !important;}\u00a0\u00bb][vc_column][vc_column_text align=\u00a0\u00bbcenter\u00a0\u00bb css=\u00a0\u00bb.vc_custom_1518722766952{margin-bottom: 0px !important;}\u00a0\u00bb]\n<h2 style=\"color: #ffffff;\">Qualit\u00e9 | Service | Rapidit\u00e9<\/h2>\n[\/vc_column_text][mk_button dimension=\u00a0\u00bbflat\u00a0\u00bb size=\u00a0\u00bblarge\u00a0\u00bb url=\u00a0\u00bb\/fr\/devis\/\u00a0\u00bb align=\u00a0\u00bbcenter\u00a0\u00bb button_custom_width=\u00a0\u00bb220&Prime; bg_color=\u00a0\u00bb#55c17f\u00a0\u00bb btn_hover_bg=\u00a0\u00bb#3f9160&Prime;]OBTENIR UN PRIX![\/mk_button][\/vc_column][\/vc_row]\n","protected":false},"excerpt":{"rendered":"<p>[vc_row fullwidth=\u00a0\u00bbtrue\u00a0\u00bb][vc_column][vc_single_image image=\u00a0\u00bb664&Prime; img_size=\u00a0\u00bbfull\u00a0\u00bb][vc_column_text align=\u00a0\u00bbcenter\u00a0\u00bb css=\u00a0\u00bb.vc_custom_1518722676102{margin-top: -5% !important;margin-bottom: 0px !important;}\u00a0\u00bb] \u00c0 propos [\/vc_column_text][\/vc_column][\/vc_row][vc_row fullwidth=\u00a0\u00bbtrue\u00a0\u00bb fullwidth_content=\u00a0\u00bbfalse\u00a0\u00bb css=\u00a0\u00bb.vc_custom_1516469607443{padding-top: 3% !important;padding-bottom: 3% !important;background-color: #f2f2f2 !important;}\u00a0\u00bb][vc_column][vc_column_text css=\u00a0\u00bb.vc_custom_1518722686390{margin-bottom: 0px !important;}\u00a0\u00bb] Ballons CSA, une entreprise familliale. [\/vc_column_text][vc_row_inner][vc_column_inner width=\u00a0\u00bb1\/2&Prime;][vc_column_text css=\u00a0\u00bb.vc_custom_1518722904948{margin-bottom: 0px !important;}\u00a0\u00bb]Ma\u00eetre-concepteur en \u00e9lectro-m\u00e9canique et sp\u00e9cialis\u00e9 en robotique industrielle, Csaba consacra plus de 10 ans \u00e0 l\u2019am\u00e9lioration et l\u2019\u00e9laboration de nouvelles id\u00e9es [&hellip;]<\/p>\n","protected":false},"author":3,"featured_media":0,"parent":0,"menu_order":0,"comment_status":"closed","ping_status":"closed","template":"","meta":{"_monsterinsights_skip_tracking":false,"_monsterinsights_sitenote_active":false,"_monsterinsights_sitenote_note":"","_monsterinsights_sitenote_category":0},"_links":{"self":[{"href":"https:\/\/csaballoons.com\/fr\/wp-json\/wp\/v2\/pages\/3134"}],"collection":[{"href":"https:\/\/csaballoons.com\/fr\/wp-json\/wp\/v2\/pages"}],"about":[{"href":"https:\/\/csaballoons.com\/fr\/wp-json\/wp\/v2\/types\/page"}],"author":[{"embeddable":true,"href":"https:\/\/csaballoons.com\/fr\/wp-json\/wp\/v2\/users\/3"}],"replies":[{"embeddable":true,"href":"https:\/\/csaballoons.com\/fr\/wp-json\/wp\/v2\/comments?post=3134"}],"version-history":[{"count":5,"href":"https:\/\/csaballoons.com\/fr\/wp-json\/wp\/v2\/pages\/3134\/revisions"}],"predecessor-version":[{"id":3139,"href":"https:\/\/csaballoons.com\/fr\/wp-json\/wp\/v2\/pages\/3134\/revisions\/3139"}],"wp:attachment":[{"href":"https:\/\/csaballoons.com\/fr\/wp-json\/wp\/v2\/media?parent=3134"}],"curies":[{"name":"wp","href":"https:\/\/api.w.org\/{rel}","templated":true}]}}