{"id":3140,"date":"2018-02-15T19:37:12","date_gmt":"2018-02-15T19:37:12","guid":{"rendered":"https:\/\/csaballoons.com\/?page_id=3140"},"modified":"2018-02-24T17:37:03","modified_gmt":"2018-02-24T17:37:03","slug":"temoignages","status":"publish","type":"page","link":"https:\/\/csaballoons.com\/fr\/temoignages\/","title":{"rendered":"T\u00e9moignages"},"content":{"rendered":"[vc_row fullwidth=\u00a0\u00bbtrue\u00a0\u00bb][vc_column][vc_single_image image=\u00a0\u00bb624&Prime; img_size=\u00a0\u00bbfull\u00a0\u00bb][vc_column_text align=\u00a0\u00bbcenter\u00a0\u00bb css=\u00a0\u00bb.vc_custom_1518723064739{margin-top: -5% !important;margin-bottom: 0px !important;}\u00a0\u00bb]\n<h1>T\u00e9moignages<\/h1>\n[\/vc_column_text][\/vc_column][\/vc_row][vc_row css=\u00a0\u00bb.vc_custom_1516470717997{padding-top: 2% !important;}\u00a0\u00bb][vc_column][vc_column_text css=\u00a0\u00bb.vc_custom_1518723418604{margin-bottom: 0px !important;}\u00a0\u00bb]<strong>\u00ab\u00a0Ce fut un plaisir de travailler avec CSA, ils ont \u00e9t\u00e9 extr\u00eamement efficaces! Merci!\u00a0\u00bb<\/strong>[\/vc_column_text][vc_column_text align=\u00a0\u00bbright\u00a0\u00bb css=\u00a0\u00bb.vc_custom_1518723411345{margin-bottom: 0px !important;}\u00a0\u00bb]<b>Adrien Arnoux<\/b><br \/>\nIn.Press Association Marketing<br \/>\nHEC Montreal[\/vc_column_text][\/vc_column][\/vc_row][vc_row css=\u00a0\u00bb.vc_custom_1516470717997{padding-top: 2% !important;}\u00a0\u00bb][vc_column][vc_column_text css=\u00a0\u00bb.vc_custom_1518723112304{margin-bottom: 0px !important;}\u00a0\u00bb]<strong>\u00ab\u00a0Les ballons \u00e9taient fantastiques et ils ont \u00e9t\u00e9 tr\u00e8s appr\u00e9ci\u00e9s au Cupcake Montr\u00e9al 2010! Ballons CSA fait preuve d&rsquo;une grande expertise. Je vais d\u00e9finitivement vous r\u00e9f\u00e9rer \u00e0 nos partenaires.\u00a0\u00bb<\/strong>[\/vc_column_text][vc_column_text align=\u00a0\u00bbright\u00a0\u00bb css=\u00a0\u00bb.vc_custom_1516470996326{margin-bottom: 0px !important;}\u00a0\u00bb]<b>Bertrand-Olivier Desmarteau<\/b><br \/>\nCommunications Manager<br \/>\nAudio Cin\u00e9 Film<br \/>\n<a href=\"http:\/\/www.acf-film.com\/\" target=\"_blank\" rel=\"noopener\">www.acf-film.com<\/a>[\/vc_column_text][\/vc_column][\/vc_row][vc_row css=\u00a0\u00bb.vc_custom_1516470717997{padding-top: 2% !important;}\u00a0\u00bb][vc_column][vc_column_text css=\u00a0\u00bb.vc_custom_1518723138964{margin-bottom: 0px !important;}\u00a0\u00bb]<strong>\u00ab\u00a0Je voulais simplement vous faire savoir qu\u2019on a re\u00e7u nos ballons \u00e0 temps et qu\u2019ils sont fantastiques. Nous retiendrons d\u00e9finitivement vos services \u00e0 l&rsquo;avenir. Merci beaucoup!\u00a0\u00bb<\/strong>[\/vc_column_text][vc_column_text align=\u00a0\u00bbright\u00a0\u00bb css=\u00a0\u00bb.vc_custom_1516471029963{margin-bottom: 0px !important;}\u00a0\u00bb]<b>Andrew Parker<\/b><br \/>\nParker Pet Care<br \/>\n<a href=\"http:\/\/www.parkerpetcare.ca\/\" target=\"_blank\" rel=\"noopener\">www.parkerpetcare.ca<\/a>[\/vc_column_text][\/vc_column][\/vc_row][vc_row css=\u00a0\u00bb.vc_custom_1516470717997{padding-top: 2% !important;}\u00a0\u00bb][vc_column][vc_column_text css=\u00a0\u00bb.vc_custom_1518723168159{margin-bottom: 0px !important;}\u00a0\u00bb]<strong>\u00ab\u00a0Merci beaucoup pour les ballons; ils sont magnifiques! Nous allons vous r\u00e9f\u00e9rer \u00e0 nos amis.\u00a0\u00bb<\/strong>[\/vc_column_text][vc_column_text align=\u00a0\u00bbright\u00a0\u00bb css=\u00a0\u00bb.vc_custom_1516471057555{margin-bottom: 0px !important;}\u00a0\u00bb]<b>Kendra Hogge<\/b><br \/>\nGrand Slam Sports<br \/>\n<a href=\"http:\/\/www.grandslamcanada.com\/\" target=\"_blank\" rel=\"noopener\">www.grandslamcanada.com<\/a>[\/vc_column_text][\/vc_column][\/vc_row][vc_row css=\u00a0\u00bb.vc_custom_1516470717997{padding-top: 2% !important;}\u00a0\u00bb][vc_column][vc_column_text css=\u00a0\u00bb.vc_custom_1518723194322{margin-bottom: 0px !important;}\u00a0\u00bb]<strong>\u00ab\u00a0J\u2019ai re\u00e7u les ballons et ils sont superbes. J\u2019ai aussi beaucoup appr\u00e9ci\u00e9 votre diligence. Votre service \u00e9tait excellent et vos prix tr\u00e8s comp\u00e9titifs. Merci pour votre aide. Je garderai votre nom pour nos futurs besoins et je vous r\u00e9f\u00e9rerai \u00e0 mes coll\u00e8gues. D\u2019 habitude je ne m\u2019excite pas pour des ballons, mais vous avez su cr\u00e9er un nouveau standard pour nous en ce qui concerne les ballons imprim\u00e9s.\u00a0\u00bb<\/strong>[\/vc_column_text][vc_column_text align=\u00a0\u00bbright\u00a0\u00bb css=\u00a0\u00bb.vc_custom_1516471090371{margin-bottom: 0px !important;}\u00a0\u00bb]<b>Brad Sherwin<\/b><br \/>\nBrandspank Creative Marketing<br \/>\n<a href=\"http:\/\/www.brandspank.net\/\" target=\"_blank\" rel=\"noopener\">www.brandspank.net<\/a>[\/vc_column_text][\/vc_column][\/vc_row][vc_row css=\u00a0\u00bb.vc_custom_1516470717997{padding-top: 2% !important;}\u00a0\u00bb][vc_column][vc_column_text css=\u00a0\u00bb.vc_custom_1518723219487{margin-bottom: 0px !important;}\u00a0\u00bb]<strong>\u00ab\u00a0Les ballons \u00e9taient exceptionnels. Merci beaucoup Jack. C\u2019est s\u00fbr que vous obtiendrez nos nouvelles commandes!\u00a0\u00bb<\/strong>[\/vc_column_text][vc_column_text align=\u00a0\u00bbright\u00a0\u00bb css=\u00a0\u00bb.vc_custom_1516471119455{margin-bottom: 0px !important;}\u00a0\u00bb]<b>Ali Dale<\/b><br \/>\nThe Jim Allen Group<br \/>\n<a href=\"http:\/\/www.jimallen.com\/\" target=\"_blank\" rel=\"noopener\">www.jimallen.com<\/a>[\/vc_column_text][\/vc_column][\/vc_row][vc_row css=\u00a0\u00bb.vc_custom_1516470717997{padding-top: 2% !important;}\u00a0\u00bb][vc_column][vc_column_text css=\u00a0\u00bb.vc_custom_1518723239777{margin-bottom: 0px !important;}\u00a0\u00bb]<strong>\u00ab\u00a0Les ballons sont parfaits!!! Merci beaucoup pour votre aide et pour votre excellent service \u00e0 la client\u00e8le\u00a0\u00bb<\/strong>[\/vc_column_text][vc_column_text align=\u00a0\u00bbright\u00a0\u00bb css=\u00a0\u00bb.vc_custom_1516471147156{margin-bottom: 0px !important;}\u00a0\u00bb]<b>Hannah Bauman<\/b><br \/>\nCampaign Manager<br \/>\nBauman for J-Town City Council[\/vc_column_text][\/vc_column][\/vc_row][vc_row css=\u00a0\u00bb.vc_custom_1516470717997{padding-top: 2% !important;}\u00a0\u00bb][vc_column][vc_column_text css=\u00a0\u00bb.vc_custom_1518723262500{margin-bottom: 0px !important;}\u00a0\u00bb]<strong>\u00ab\u00a0On est ravis des ballons &#8211; les couleurs sont parfaites et l\u2019emballage aussi. Ils sont faciles \u00e0 gonfler et le lettrage est clair. MERCI.\u00a0\u00bb<\/strong>[\/vc_column_text][vc_column_text align=\u00a0\u00bbright\u00a0\u00bb css=\u00a0\u00bb.vc_custom_1516471176158{margin-bottom: 0px !important;}\u00a0\u00bb]<b>Michael Francaviglia<\/b><br \/>\nDiocese of Newark<br \/>\n<a href=\"http:\/\/www.dioceseofnewark.org\/\" target=\"_blank\" rel=\"noopener\">www.dioceseofnewark.org<\/a>[\/vc_column_text][\/vc_column][\/vc_row][vc_row css=\u00a0\u00bb.vc_custom_1516470717997{padding-top: 2% !important;}\u00a0\u00bb][vc_column][vc_column_text css=\u00a0\u00bb.vc_custom_1518723288148{margin-bottom: 0px !important;}\u00a0\u00bb]<strong>\u00ab\u00a0Les ballons sont parfaits. On va passer une autre commande bient\u00f4t.\u00a0\u00bb<\/strong>[\/vc_column_text][vc_column_text align=\u00a0\u00bbright\u00a0\u00bb css=\u00a0\u00bb.vc_custom_1516471209955{margin-bottom: 0px !important;}\u00a0\u00bb]<b>Hector Aguayo<\/b><br \/>\nAguayo Insurance Solutions Inc.<br \/>\n<a href=\"http:\/\/www.aguayoins.com\/\" target=\"_blank\" rel=\"noopener\">www.aguayoins.com<\/a>[\/vc_column_text][\/vc_column][\/vc_row][vc_row css=\u00a0\u00bb.vc_custom_1516471284689{padding-top: 2% !important;padding-bottom: 3% !important;}\u00a0\u00bb][vc_column][vc_column_text align=\u00a0\u00bbcenter\u00a0\u00bb css=\u00a0\u00bb.vc_custom_1516471290184{margin-bottom: 0px !important;}\u00a0\u00bb]<img loading=\"lazy\" class=\"size-full wp-image-318 aligncenter\" src=\"https:\/\/csaballoons.com\/wp-content\/uploads\/2018\/01\/balloon-arch-logo.png\" alt=\"\" width=\"400\" height=\"450\" srcset=\"https:\/\/csaballoons.com\/wp-content\/uploads\/2018\/01\/balloon-arch-logo.png 400w, https:\/\/csaballoons.com\/wp-content\/uploads\/2018\/01\/balloon-arch-logo-267x300.png 267w\" sizes=\"(max-width: 400px) 100vw, 400px\" \/>[\/vc_column_text][\/vc_column][\/vc_row][vc_row fullwidth=\u00a0\u00bbtrue\u00a0\u00bb fullwidth_content=\u00a0\u00bbfalse\u00a0\u00bb parallax=\u00a0\u00bbcontent-moving\u00a0\u00bb parallax_image=\u00a0\u00bb60&Prime; css=\u00a0\u00bb.vc_custom_1516299214862{padding-top: 4.5% !important;padding-bottom: 4.5% !important;background-position: center;background-repeat: no-repeat;background-size: cover !important;}\u00a0\u00bb][vc_column][vc_column_text align=\u00a0\u00bbcenter\u00a0\u00bb css=\u00a0\u00bb.vc_custom_1518723314972{margin-bottom: 0px !important;}\u00a0\u00bb]\n<h2 style=\"color: #ffffff;\">Qualit\u00e9 | Service | Rapidit\u00e9<\/h2>\n[\/vc_column_text][mk_button dimension=\u00a0\u00bbflat\u00a0\u00bb size=\u00a0\u00bblarge\u00a0\u00bb url=\u00a0\u00bb\/fr\/devis\/\u00a0\u00bb align=\u00a0\u00bbcenter\u00a0\u00bb button_custom_width=\u00a0\u00bb220&Prime; bg_color=\u00a0\u00bb#55c17f\u00a0\u00bb btn_hover_bg=\u00a0\u00bb#3f9160&Prime;]OBTENIR UN PRIX![\/mk_button][\/vc_column][\/vc_row]\n","protected":false},"excerpt":{"rendered":"<p>[vc_row fullwidth=\u00a0\u00bbtrue\u00a0\u00bb][vc_column][vc_single_image image=\u00a0\u00bb624&Prime; img_size=\u00a0\u00bbfull\u00a0\u00bb][vc_column_text align=\u00a0\u00bbcenter\u00a0\u00bb css=\u00a0\u00bb.vc_custom_1518723064739{margin-top: -5% !important;margin-bottom: 0px !important;}\u00a0\u00bb] T\u00e9moignages [\/vc_column_text][\/vc_column][\/vc_row][vc_row css=\u00a0\u00bb.vc_custom_1516470717997{padding-top: 2% !important;}\u00a0\u00bb][vc_column][vc_column_text css=\u00a0\u00bb.vc_custom_1518723418604{margin-bottom: 0px !important;}\u00a0\u00bb]\u00ab\u00a0Ce fut un plaisir de travailler avec CSA, ils ont \u00e9t\u00e9 extr\u00eamement efficaces! Merci!\u00a0\u00bb[\/vc_column_text][vc_column_text align=\u00a0\u00bbright\u00a0\u00bb css=\u00a0\u00bb.vc_custom_1518723411345{margin-bottom: 0px !important;}\u00a0\u00bb]Adrien Arnoux In.Press Association Marketing HEC Montreal[\/vc_column_text][\/vc_column][\/vc_row][vc_row css=\u00a0\u00bb.vc_custom_1516470717997{padding-top: 2% !important;}\u00a0\u00bb][vc_column][vc_column_text css=\u00a0\u00bb.vc_custom_1518723112304{margin-bottom: 0px !important;}\u00a0\u00bb]\u00ab\u00a0Les ballons \u00e9taient fantastiques et ils ont \u00e9t\u00e9 tr\u00e8s [&hellip;]<\/p>\n","protected":false},"author":3,"featured_media":0,"parent":0,"menu_order":0,"comment_status":"closed","ping_status":"closed","template":"","meta":{"_monsterinsights_skip_tracking":false,"_monsterinsights_sitenote_active":false,"_monsterinsights_sitenote_note":"","_monsterinsights_sitenote_category":0},"_links":{"self":[{"href":"https:\/\/csaballoons.com\/fr\/wp-json\/wp\/v2\/pages\/3140"}],"collection":[{"href":"https:\/\/csaballoons.com\/fr\/wp-json\/wp\/v2\/pages"}],"about":[{"href":"https:\/\/csaballoons.com\/fr\/wp-json\/wp\/v2\/types\/page"}],"author":[{"embeddable":true,"href":"https:\/\/csaballoons.com\/fr\/wp-json\/wp\/v2\/users\/3"}],"replies":[{"embeddable":true,"href":"https:\/\/csaballoons.com\/fr\/wp-json\/wp\/v2\/comments?post=3140"}],"version-history":[{"count":3,"href":"https:\/\/csaballoons.com\/fr\/wp-json\/wp\/v2\/pages\/3140\/revisions"}],"predecessor-version":[{"id":3143,"href":"https:\/\/csaballoons.com\/fr\/wp-json\/wp\/v2\/pages\/3140\/revisions\/3143"}],"wp:attachment":[{"href":"https:\/\/csaballoons.com\/fr\/wp-json\/wp\/v2\/media?parent=3140"}],"curies":[{"name":"wp","href":"https:\/\/api.w.org\/{rel}","templated":true}]}}