{"id":3245,"date":"2018-02-15T20:37:56","date_gmt":"2018-02-15T20:37:56","guid":{"rendered":"https:\/\/csaballoons.com\/?page_id=3245"},"modified":"2019-02-07T14:58:32","modified_gmt":"2019-02-07T14:58:32","slug":"charte-couleurs-ballons-personnalises-en-mylar","status":"publish","type":"page","link":"https:\/\/csaballoons.com\/fr\/charte-couleurs-ballons-personnalises-en-mylar\/","title":{"rendered":"Charte de couleurs des ballons personnalis\u00e9s en mylar"},"content":{"rendered":"[vc_row fullwidth=\u00a0\u00bbtrue\u00a0\u00bb][vc_column][vc_single_image image=\u00a0\u00bb273&Prime; img_size=\u00a0\u00bbfull\u00a0\u00bb][vc_column_text align=\u00a0\u00bbcenter\u00a0\u00bb css=\u00a0\u00bb.vc_custom_1518727074124{margin-top: -5% !important;margin-bottom: 0px !important;}\u00a0\u00bb]\n<h1>Charte de couleurs des ballons personnalis\u00e9s en mylar<\/h1>\n[\/vc_column_text][\/vc_column][\/vc_row][vc_row][vc_column][vc_column_text align=\u00a0\u00bbcenter\u00a0\u00bb css=\u00a0\u00bb.vc_custom_1549551354900{margin-bottom: 0px !important;}\u00a0\u00bb]\n<h4>Couleur et forme de ballon de Mylar<\/h4>\n<p><strong>Rond<\/strong><br \/>\n<img loading=\"lazy\" class=\"aligncenter wp-image-3240 size-full\" src=\"https:\/\/csaballoons.com\/wp-content\/uploads\/2018\/02\/foil-round-fr-e1549550632685.jpg\" alt=\"BALLONS IMPRESSION QUEBEC\" width=\"800\" height=\"300\" srcset=\"https:\/\/csaballoons.com\/wp-content\/uploads\/2018\/02\/foil-round-fr-e1549550632685.jpg 800w, https:\/\/csaballoons.com\/wp-content\/uploads\/2018\/02\/foil-round-fr-e1549550632685-600x225.jpg 600w, https:\/\/csaballoons.com\/wp-content\/uploads\/2018\/02\/foil-round-fr-e1549550632685-768x288.jpg 768w\" sizes=\"(max-width: 800px) 100vw, 800px\" \/>[\/vc_column_text][mk_button dimension=\u00a0\u00bbflat\u00a0\u00bb size=\u00a0\u00bbmedium\u00a0\u00bb url=\u00a0\u00bb\/fr\/commande\/\u00a0\u00bb align=\u00a0\u00bbcenter\u00a0\u00bb bg_color=\u00a0\u00bb#2466a8&Prime;]DEMANDE DE PRIX[\/mk_button][vc_column_text align=\u00a0\u00bbcenter\u00a0\u00bb css=\u00a0\u00bb.vc_custom_1549551439869{margin-bottom: 0px !important;padding-top: 3% !important;}\u00a0\u00bb]<b>Coeur<\/b><br \/>\n<img loading=\"lazy\" class=\"aligncenter wp-image-3238 size-full\" src=\"https:\/\/csaballoons.com\/wp-content\/uploads\/2018\/02\/foil-round-fr-coeur-e1549550600434.jpg\" alt=\"CUSTOM BALLONS DECORATION\" width=\"800\" height=\"316\" srcset=\"https:\/\/csaballoons.com\/wp-content\/uploads\/2018\/02\/foil-round-fr-coeur-e1549550600434.jpg 800w, https:\/\/csaballoons.com\/wp-content\/uploads\/2018\/02\/foil-round-fr-coeur-e1549550600434-600x236.jpg 600w, https:\/\/csaballoons.com\/wp-content\/uploads\/2018\/02\/foil-round-fr-coeur-e1549550600434-768x303.jpg 768w\" sizes=\"(max-width: 800px) 100vw, 800px\" \/>[\/vc_column_text][mk_button dimension=\u00a0\u00bbflat\u00a0\u00bb size=\u00a0\u00bbmedium\u00a0\u00bb url=\u00a0\u00bb\/fr\/commande\/\u00a0\u00bb align=\u00a0\u00bbcenter\u00a0\u00bb bg_color=\u00a0\u00bb#2466a8&Prime;]DEMANDE DE PRIX[\/mk_button][vc_column_text align=\u00a0\u00bbcenter\u00a0\u00bb css=\u00a0\u00bb.vc_custom_1549551449509{margin-bottom: 0px !important;padding-top: 3% !important;}\u00a0\u00bb]<strong>\u00c9toile<\/strong><br \/>\n<img loading=\"lazy\" class=\"aligncenter wp-image-3236 size-full\" src=\"https:\/\/csaballoons.com\/wp-content\/uploads\/2018\/02\/star-fr-e1549550557615.jpg\" alt=\"BALLONS PERSONALIZEES\" width=\"800\" height=\"324\" srcset=\"https:\/\/csaballoons.com\/wp-content\/uploads\/2018\/02\/star-fr-e1549550557615.jpg 800w, https:\/\/csaballoons.com\/wp-content\/uploads\/2018\/02\/star-fr-e1549550557615-600x243.jpg 600w, https:\/\/csaballoons.com\/wp-content\/uploads\/2018\/02\/star-fr-e1549550557615-768x311.jpg 768w\" sizes=\"(max-width: 800px) 100vw, 800px\" \/>[\/vc_column_text][mk_button dimension=\u00a0\u00bbflat\u00a0\u00bb size=\u00a0\u00bbmedium\u00a0\u00bb url=\u00a0\u00bb\/fr\/commande\/\u00a0\u00bb align=\u00a0\u00bbcenter\u00a0\u00bb bg_color=\u00a0\u00bb#2466a8&Prime;]DEMANDE DE PRIX[\/mk_button][vc_column_text css=\u00a0\u00bb.vc_custom_1549550855095{margin-bottom: 0px !important;padding-top: 3% !important;}\u00a0\u00bb]\n<p style=\"text-align: center;\">*** La couleur peut diff\u00e9rer de l&rsquo;image num\u00e9rique ci-haut pr\u00e9sent\u00e9e. ***<\/p>\n[\/vc_column_text][\/vc_column][\/vc_row][vc_row dimension=\u00a0\u00bbflat\u00a0\u00bb corner_style=\u00a0\u00bbpointed\u00a0\u00bb size=\u00a0\u00bbmedium\u00a0\u00bb letter_spacing=\u00a0\u00bb0&Prime; icon=\u00a0\u00bb\u00a0\u00bb icon_anim=\u00a0\u00bbnone\u00a0\u00bb url=\u00a0\u00bb\/quote-customize-balloons\/\u00a0\u00bb target=\u00a0\u00bb_self\u00a0\u00bb nofollow=\u00a0\u00bbfalse\u00a0\u00bb align=\u00a0\u00bbcenter\u00a0\u00bb button_custom_width=\u00a0\u00bb0&Prime; margin_top=\u00a0\u00bb0&Prime; margin_bottom=\u00a0\u00bb15&Prime; margin_right=\u00a0\u00bb15&Prime; outline_skin=\u00a0\u00bbdark\u00a0\u00bb outline_active_color=\u00a0\u00bb\u00a0\u00bb outline_active_text_color=\u00a0\u00bb\u00a0\u00bb outline_hover_bg_color=\u00a0\u00bb\u00a0\u00bb outline_hover_color=\u00a0\u00bb\u00a0\u00bb bg_color=\u00a0\u00bb#2466a8&Prime; btn_hover_bg=\u00a0\u00bb\u00a0\u00bb text_color=\u00a0\u00bblight\u00a0\u00bb btn_hover_txt_color=\u00a0\u00bb\u00a0\u00bb][vc_column][\/vc_column][\/vc_row]\n","protected":false},"excerpt":{"rendered":"<p>[vc_row fullwidth=\u00a0\u00bbtrue\u00a0\u00bb][vc_column][vc_single_image image=\u00a0\u00bb273&Prime; img_size=\u00a0\u00bbfull\u00a0\u00bb][vc_column_text align=\u00a0\u00bbcenter\u00a0\u00bb css=\u00a0\u00bb.vc_custom_1518727074124{margin-top: -5% !important;margin-bottom: 0px !important;}\u00a0\u00bb] Charte de couleurs des ballons personnalis\u00e9s en mylar [\/vc_column_text][\/vc_column][\/vc_row][vc_row][vc_column][vc_column_text align=\u00a0\u00bbcenter\u00a0\u00bb css=\u00a0\u00bb.vc_custom_1549551354900{margin-bottom: 0px !important;}\u00a0\u00bb] Couleur et forme de ballon de Mylar Rond [\/vc_column_text][mk_button dimension=\u00a0\u00bbflat\u00a0\u00bb size=\u00a0\u00bbmedium\u00a0\u00bb url=\u00a0\u00bb\/fr\/commande\/\u00a0\u00bb align=\u00a0\u00bbcenter\u00a0\u00bb bg_color=\u00a0\u00bb#2466a8&Prime;]DEMANDE DE PRIX[\/mk_button][vc_column_text align=\u00a0\u00bbcenter\u00a0\u00bb css=\u00a0\u00bb.vc_custom_1549551439869{margin-bottom: 0px !important;padding-top: 3% !important;}\u00a0\u00bb]Coeur [\/vc_column_text][mk_button dimension=\u00a0\u00bbflat\u00a0\u00bb size=\u00a0\u00bbmedium\u00a0\u00bb url=\u00a0\u00bb\/fr\/commande\/\u00a0\u00bb align=\u00a0\u00bbcenter\u00a0\u00bb bg_color=\u00a0\u00bb#2466a8&Prime;]DEMANDE DE PRIX[\/mk_button][vc_column_text align=\u00a0\u00bbcenter\u00a0\u00bb css=\u00a0\u00bb.vc_custom_1549551449509{margin-bottom: [&hellip;]<\/p>\n","protected":false},"author":3,"featured_media":0,"parent":0,"menu_order":0,"comment_status":"closed","ping_status":"closed","template":"","meta":{"_monsterinsights_skip_tracking":false,"_monsterinsights_sitenote_active":false,"_monsterinsights_sitenote_note":"","_monsterinsights_sitenote_category":0},"_links":{"self":[{"href":"https:\/\/csaballoons.com\/fr\/wp-json\/wp\/v2\/pages\/3245"}],"collection":[{"href":"https:\/\/csaballoons.com\/fr\/wp-json\/wp\/v2\/pages"}],"about":[{"href":"https:\/\/csaballoons.com\/fr\/wp-json\/wp\/v2\/types\/page"}],"author":[{"embeddable":true,"href":"https:\/\/csaballoons.com\/fr\/wp-json\/wp\/v2\/users\/3"}],"replies":[{"embeddable":true,"href":"https:\/\/csaballoons.com\/fr\/wp-json\/wp\/v2\/comments?post=3245"}],"version-history":[{"count":16,"href":"https:\/\/csaballoons.com\/fr\/wp-json\/wp\/v2\/pages\/3245\/revisions"}],"predecessor-version":[{"id":4731,"href":"https:\/\/csaballoons.com\/fr\/wp-json\/wp\/v2\/pages\/3245\/revisions\/4731"}],"wp:attachment":[{"href":"https:\/\/csaballoons.com\/fr\/wp-json\/wp\/v2\/media?parent=3245"}],"curies":[{"name":"wp","href":"https:\/\/api.w.org\/{rel}","templated":true}]}}