{"id":3267,"date":"2018-02-15T21:42:51","date_gmt":"2018-02-15T21:42:51","guid":{"rendered":"https:\/\/csaballoons.com\/?page_id=3267"},"modified":"2022-11-10T13:00:41","modified_gmt":"2022-11-10T13:00:41","slug":"galerie","status":"publish","type":"page","link":"https:\/\/csaballoons.com\/fr\/galerie\/","title":{"rendered":"Galerie"},"content":{"rendered":"[vc_row fullwidth=\u00a0\u00bbtrue\u00a0\u00bb][vc_column][vc_single_image image=\u00a0\u00bb624&Prime; img_size=\u00a0\u00bbfull\u00a0\u00bb][vc_column_text align=\u00a0\u00bbcenter\u00a0\u00bb css=\u00a0\u00bb.vc_custom_1542824594507{margin-top: -5% !important;margin-bottom: 0px !important;}\u00a0\u00bb]\n<h1>Galerie de ballons personnalis\u00e9s<\/h1>\n[\/vc_column_text][\/vc_column][\/vc_row][vc_row fullwidth=\u00a0\u00bbtrue\u00a0\u00bb fullwidth_content=\u00a0\u00bbfalse\u00a0\u00bb css=\u00a0\u00bb.vc_custom_1516390896399{padding-top: 1% !important;padding-bottom: 1% !important;}\u00a0\u00bb][vc_column][vc_column_text css=\u00a0\u00bb.vc_custom_1668085223283{margin-bottom: 0px !important;}\u00a0\u00bb]Bienvenue dans notre galerie de photos et d\u00e9couvrez quelques exemples de nos ballons r\u00e9cemment imprim\u00e9s.<\/p>\n<p>Nos proc\u00e9d\u00e9s d&rsquo;impression de ballons, uniques et tr\u00e8s avanc\u00e9s, nous permettent d&rsquo;imprimer vos ballons personnalis\u00e9s avec une clart\u00e9, une pr\u00e9cision, et une superficie d&rsquo;impression exceptionnelle et in\u00e9gal\u00e9e \u00e0 ce jour.<\/p>\n<p>Commandez vos ballons personnalis\u00e9s chez le sp\u00e9cialiste canadien en impression de ballons d\u00e8s aujourd&rsquo;hui. Notre personnel qualifi\u00e9 se fera un plaisir de vous aider \u00e0 choisir parmi notre large \u00e9ventail de produits!<\/p>\n<p>Obtenez une soumission rapide et personnalis\u00e9e!<\/p>\n<h2 style=\"text-align: center;\">R\u00e9centes impressions sur ballons:<\/h2>\n[\/vc_column_text][\/vc_column][\/vc_row][vc_row][vc_column width=\u00a0\u00bb1\/4&Prime;][vc_single_image image=\u00a0\u00bb632&Prime; img_size=\u00a0\u00bbfull\u00a0\u00bb][\/vc_column][vc_column width=\u00a0\u00bb1\/4&Prime;][vc_single_image image=\u00a0\u00bb631&Prime; img_size=\u00a0\u00bbfull\u00a0\u00bb][\/vc_column][vc_column width=\u00a0\u00bb1\/4&Prime;][vc_single_image image=\u00a0\u00bb630&Prime; img_size=\u00a0\u00bbfull\u00a0\u00bb][\/vc_column][vc_column width=\u00a0\u00bb1\/4&Prime;][vc_single_image image=\u00a0\u00bb629&Prime; img_size=\u00a0\u00bbfull\u00a0\u00bb][\/vc_column][\/vc_row][vc_row css=\u00a0\u00bb.vc_custom_1516391421954{padding-top: 1% !important;}\u00a0\u00bb][vc_column width=\u00a0\u00bb1\/4&Prime;][vc_single_image image=\u00a0\u00bb627&Prime; img_size=\u00a0\u00bbfull\u00a0\u00bb][\/vc_column][vc_column width=\u00a0\u00bb1\/4&Prime;][vc_single_image image=\u00a0\u00bb626&Prime; img_size=\u00a0\u00bbfull\u00a0\u00bb][\/vc_column][vc_column width=\u00a0\u00bb1\/4&Prime;][vc_single_image image=\u00a0\u00bb625&Prime; img_size=\u00a0\u00bbfull\u00a0\u00bb][\/vc_column][vc_column width=\u00a0\u00bb1\/4&Prime;][vc_single_image image=\u00a0\u00bb628&Prime; img_size=\u00a0\u00bbfull\u00a0\u00bb][\/vc_column][\/vc_row][vc_row fullwidth=\u00a0\u00bbtrue\u00a0\u00bb fullwidth_content=\u00a0\u00bbfalse\u00a0\u00bb parallax=\u00a0\u00bbcontent-moving\u00a0\u00bb parallax_image=\u00a0\u00bb122&Prime; css=\u00a0\u00bb.vc_custom_1516466041489{padding-top: 7% !important;padding-bottom: 7% !important;background-position: center;background-repeat: no-repeat !important;background-size: cover !important;}\u00a0\u00bb][vc_column][vc_column_text align=\u00a0\u00bbcenter\u00a0\u00bb css=\u00a0\u00bb.vc_custom_1518730836658{margin-bottom: 0px !important;}\u00a0\u00bb]\n<h2 style=\"color: #ffffff;\">Qualit\u00e9 | Service | Rapidit\u00e9<\/h2>\n[\/vc_column_text][mk_button dimension=\u00a0\u00bbflat\u00a0\u00bb size=\u00a0\u00bblarge\u00a0\u00bb url=\u00a0\u00bb\/fr\/devis\/\u00a0\u00bb align=\u00a0\u00bbcenter\u00a0\u00bb button_custom_width=\u00a0\u00bb220&Prime; bg_color=\u00a0\u00bb#55c17f\u00a0\u00bb btn_hover_bg=\u00a0\u00bb#3f9160&Prime;]OBTENIR UN PRIX![\/mk_button][\/vc_column][\/vc_row][vc_row css=\u00a0\u00bb.vc_custom_1516393973569{padding-top: 3% !important;}\u00a0\u00bb][vc_column][vc_row_inner css=\u00a0\u00bb.vc_custom_1543871345519{padding-bottom: 1% !important;}\u00a0\u00bb][vc_column_inner width=\u00a0\u00bb1\/4&Prime;][vc_single_image image=\u00a0\u00bb4601&Prime; img_size=\u00a0\u00bbfull\u00a0\u00bb][\/vc_column_inner][vc_column_inner width=\u00a0\u00bb1\/4&Prime;][vc_single_image image=\u00a0\u00bb4599&Prime; img_size=\u00a0\u00bbfull\u00a0\u00bb][\/vc_column_inner][vc_column_inner width=\u00a0\u00bb1\/4&Prime;][vc_single_image image=\u00a0\u00bb4597&Prime; img_size=\u00a0\u00bbfull\u00a0\u00bb][\/vc_column_inner][vc_column_inner width=\u00a0\u00bb1\/4&Prime;][vc_single_image image=\u00a0\u00bb4595&Prime; img_size=\u00a0\u00bbfull\u00a0\u00bb][\/vc_column_inner][\/vc_row_inner][vc_row_inner][vc_column_inner width=\u00a0\u00bb1\/4&Prime;][vc_single_image image=\u00a0\u00bb4178&Prime; img_size=\u00a0\u00bbfull\u00a0\u00bb][\/vc_column_inner][vc_column_inner width=\u00a0\u00bb1\/4&Prime;][vc_single_image image=\u00a0\u00bb635&Prime; img_size=\u00a0\u00bbfull\u00a0\u00bb][\/vc_column_inner][vc_column_inner width=\u00a0\u00bb1\/4&Prime;][vc_single_image image=\u00a0\u00bb634&Prime; img_size=\u00a0\u00bbfull\u00a0\u00bb][\/vc_column_inner][vc_column_inner width=\u00a0\u00bb1\/4&Prime;][vc_single_image image=\u00a0\u00bb633&Prime; img_size=\u00a0\u00bbfull\u00a0\u00bb][\/vc_column_inner][\/vc_row_inner][vc_row_inner css=\u00a0\u00bb.vc_custom_1516392905415{padding-top: 1% !important;}\u00a0\u00bb][vc_column_inner][vc_column_text css=\u00a0\u00bb.vc_custom_1668085235523{margin-bottom: 0px !important;padding-bottom: 3% !important;}\u00a0\u00bb]\n<h3>Ballons Imprim\u00e9s &#8211; Impression de ballons &#8211; Rapide et Professionnel<\/h3>\n<p>L&rsquo;\u00e9quipe de Ballons CSA vous offres un service d&rsquo;impression de ballons ultra-rapide de deux jours et effectue l&rsquo;envoie de vos ballons imprim\u00e9s par le service d&rsquo;exp\u00e9dition standard appropri\u00e9 ou un service prioritaire, selon vos besoins et la date de votre \u00e9v\u00e8nement.<\/p>\n<p>Que ce soit par Purolator, FedEx, UPS ou Poste Canada, nous exp\u00e9dions vos ballons imprim\u00e9s rapidement, partout au Qu\u00e9bec et au Canada. Acheter vos ballons imprim\u00e9s directement chez Ballons CSA et encourager une entreprise bien de chez vous!<\/p>\n<h3>Vos ballons imprim\u00e9s &#8211; Votre outil promotionnel de tous les jours<\/h3>\n<p>Vos ballons imprim\u00e9s mettent du soleil dans votre entreprise tous les jours de l&rsquo;ann\u00e9e! Plusieurs s&rsquo;en servent pour d\u00e9corer leur magasin, mettre en valeur un produit ou une promotion, et bien s\u00fbr, les offrir \u00e0 leurs clients. Les ballons \u00e9merveillent les plus petits et les plus grands! Attirez vous aussi l&rsquo;attention \u00e0 l&rsquo;aide de vos ballons personnalis\u00e9s et offrez une exp\u00e9rience de magasinage exaltante et enthousiaste.<\/p>\n<p>Restaurants, \u00e9coles, concessionnaires, dentistes, agents d&rsquo;immeubles, boutiques et autres, gonflent tous des ballons imprim\u00e9s tous les jours. Essayer-les!<\/p>\n<p>Tous les logos corporatifs sont radieux sur ballons. Faite imprimer les v\u00f4tres d\u00e8s aujourd&rsquo;hui.[\/vc_column_text][vc_raw_html]JTVCZ2FsbGVyeS1kaXNwbGF5JTIwaWRzJTNEJTIyNjI0OCUyQzYyNDklMkM2MjUwJTJDNjI1MSUyQzYyNTIlMkM2MjUzJTJDNjI1NCUyQzYyNTUlMkM2MjU2JTJDNjI1NyUyQzYyNTglMkM2MjU5JTJDNjI2MCUyQzYyNjElMkM2MjYyJTJDNjI2MyUyQzYyNjUlMkM2MjY2JTJDNjI2NyUyQzYyNjglMkM2MjY5JTJDNjI3MCUyQzYyNzElMkM2MjcyJTJDNjI3MyUyQzYyNzQlMkM2Mjc1JTJDNjI3NiUyQzYyNzclMkM2Mjc4JTJDNjI3OSUyQzYyODAlMkM2MjgxJTJDNjI4MiUyQzYyODMlMkM2Mjg0JTJDNjI4NSUyQzYyODYlMkM2Mjg3JTJDNjI4OCUyQzYyODklMkM2MjkwJTJDNjI5MSUyQzYyOTIlMkM2MjkzJTJDNjI5NCUyQzYyOTUlMkM2Mjk2JTJDNjI5NyUyQzYyOTglMkM2Mjk5JTJDNjMwMCUyQzYzMDElMkM2MzAyJTJDNjMwMyUyQzYzMDQlMkM2MzA1JTJDNjMwNiUyQzYzMDclMkM2MzA4JTJDNjMwOSUyQzYzMTAlMkM2MzExJTJDNjMxMiUyQzYzMTMlMkM2MzE0JTJDNjMxNSUyQzYzMTYlMkM2MzE3JTJDNjMxOCUyQzYzMTklMkM2MzIwJTJDNjMyMSUyQzYzMjIlMkM2MzIzJTJDNjMyNCUyQzYzMjUlMkM2MzI2JTJDNjMyNyUyQzYzMjglMkM2MzI5JTJDNjMzMCUyQzYzMzElMkM2MzMyJTJDNjMzMyUyQzYzMzUlMkM2MzM2JTJDNjMzNyUyQzYzMzklMkM2MzQxJTJDNjM0MiUyQzYzNDMlMkM2MzQ0JTJDNjM0NSUyQzYzNDYlMkM2MzQ3JTJDNjM0OCUyQzYzNDklMkM2MzUwJTJDNjM1MSUyQzYzNTIlMkM2MzUzJTJDNjM1NCUyQzYzNTUlMkM2MzU2JTJDNjM1NyUyQzYzNTglMkM2MzU5JTJDNjM2MCUyQzYzNjElMkM2MzYyJTJDNjM2MyUyQzYzNjQlMkM2MzY1JTJDNjM2NiUyQzYzNjclMkM2MzY4JTJDNjM2OSUyQzYzNzAlMkM2MzcxJTJDNjM3MiUyQzYzNzMlMkM2Mzc0JTJDNjM3NSUyQzYzNzYlMkM2Mzc3JTJDNjM3OCUyQzYzNzklMkM2MzgwJTJDNjM4MSUyMiU1RA==[\/vc_raw_html][\/vc_column_inner][\/vc_row_inner][\/vc_column][\/vc_row]\n","protected":false},"excerpt":{"rendered":"<p>[vc_row fullwidth=\u00a0\u00bbtrue\u00a0\u00bb][vc_column][vc_single_image image=\u00a0\u00bb624&Prime; img_size=\u00a0\u00bbfull\u00a0\u00bb][vc_column_text align=\u00a0\u00bbcenter\u00a0\u00bb css=\u00a0\u00bb.vc_custom_1542824594507{margin-top: -5% !important;margin-bottom: 0px !important;}\u00a0\u00bb] Galerie de ballons personnalis\u00e9s [\/vc_column_text][\/vc_column][\/vc_row][vc_row fullwidth=\u00a0\u00bbtrue\u00a0\u00bb fullwidth_content=\u00a0\u00bbfalse\u00a0\u00bb css=\u00a0\u00bb.vc_custom_1516390896399{padding-top: 1% !important;padding-bottom: 1% !important;}\u00a0\u00bb][vc_column][vc_column_text css=\u00a0\u00bb.vc_custom_1668085223283{margin-bottom: 0px !important;}\u00a0\u00bb]Bienvenue dans notre galerie de photos et d\u00e9couvrez quelques exemples de nos ballons r\u00e9cemment imprim\u00e9s. Nos proc\u00e9d\u00e9s d&rsquo;impression de ballons, uniques et tr\u00e8s avanc\u00e9s, nous permettent d&rsquo;imprimer vos ballons personnalis\u00e9s avec [&hellip;]<\/p>\n","protected":false},"author":3,"featured_media":0,"parent":0,"menu_order":0,"comment_status":"closed","ping_status":"closed","template":"","meta":{"_monsterinsights_skip_tracking":false,"_monsterinsights_sitenote_active":false,"_monsterinsights_sitenote_note":"","_monsterinsights_sitenote_category":0},"_links":{"self":[{"href":"https:\/\/csaballoons.com\/fr\/wp-json\/wp\/v2\/pages\/3267"}],"collection":[{"href":"https:\/\/csaballoons.com\/fr\/wp-json\/wp\/v2\/pages"}],"about":[{"href":"https:\/\/csaballoons.com\/fr\/wp-json\/wp\/v2\/types\/page"}],"author":[{"embeddable":true,"href":"https:\/\/csaballoons.com\/fr\/wp-json\/wp\/v2\/users\/3"}],"replies":[{"embeddable":true,"href":"https:\/\/csaballoons.com\/fr\/wp-json\/wp\/v2\/comments?post=3267"}],"version-history":[{"count":10,"href":"https:\/\/csaballoons.com\/fr\/wp-json\/wp\/v2\/pages\/3267\/revisions"}],"predecessor-version":[{"id":7559,"href":"https:\/\/csaballoons.com\/fr\/wp-json\/wp\/v2\/pages\/3267\/revisions\/7559"}],"wp:attachment":[{"href":"https:\/\/csaballoons.com\/fr\/wp-json\/wp\/v2\/media?parent=3267"}],"curies":[{"name":"wp","href":"https:\/\/api.w.org\/{rel}","templated":true}]}}