{"id":3274,"date":"2018-02-15T22:04:36","date_gmt":"2018-02-15T22:04:36","guid":{"rendered":"https:\/\/csaballoons.com\/?page_id=3274"},"modified":"2026-01-16T14:46:18","modified_gmt":"2026-01-16T14:46:18","slug":"tarifs","status":"publish","type":"page","link":"https:\/\/csaballoons.com\/fr\/tarifs\/","title":{"rendered":"Tarifs"},"content":{"rendered":"[vc_row fullwidth=\u00a0\u00bbtrue\u00a0\u00bb][vc_column][vc_single_image image=\u00a0\u00bb3282&Prime; img_size=\u00a0\u00bbfull\u00a0\u00bb][vc_column_text align=\u00a0\u00bbcenter\u00a0\u00bb css=\u00a0\u00bb.vc_custom_1518731524557{margin-top: -5% !important;margin-bottom: 0px !important;}\u00a0\u00bb]\n<h1>Tarifs<\/h1>\n[\/vc_column_text][\/vc_column][\/vc_row][vc_row][vc_column][vc_column_text css=\u00a0\u00bb.vc_custom_1654121466510{margin-bottom: 0px !important;}\u00a0\u00bb]\n<h4 style=\"color: red;\"><span style=\"color: #2466a8!important; font-weight: bold!important; font-size: 24px!important;\">MEILLEUR VENDEUR!<\/span> &#8211; BALLONS IMPRIM\u00c9S 12 POUCES<\/h4>\n\n<table id=\"tablepress-24\" class=\"tablepress tablepress-id-24\">\n<thead>\n<tr class=\"row-1 odd\">\n\t<th class=\"column-1\">Quantit\u00e9<\/th><th class=\"column-2\">100<\/th><th class=\"column-3\">250<\/th><th class=\"column-4\">500<\/th><th class=\"column-5\">750<\/th><th class=\"column-6\">1000<\/th><th class=\"column-7\">2500<\/th><th class=\"column-8\">5000<\/th>\n<\/tr>\n<\/thead>\n<tbody class=\"row-hover\">\n<tr class=\"row-2 even\">\n\t<td class=\"column-1\">1 c\u00f4t\u00e9<br \/>\n<\/td><td class=\"column-2\">$ 170<\/td><td class=\"column-3\">$ 205<\/td><td class=\"column-4\">$ 265<\/td><td class=\"column-5\">$ 325<\/td><td class=\"column-6\">$ 385<\/td><td class=\"column-7\">$ 750<\/td><td class=\"column-8\">$ 1355<\/td>\n<\/tr>\n<tr class=\"row-3 odd\">\n\t<td class=\"column-1\">2 c\u00f4t\u00e9s<\/td><td class=\"column-2\">$ 230<\/td><td class=\"column-3\">$ 265<\/td><td class=\"column-4\">$ 325<\/td><td class=\"column-5\">$ 385<\/td><td class=\"column-6\">$ 445<\/td><td class=\"column-7\">$ 900<\/td><td class=\"column-8\">$ 1630<\/td>\n<\/tr>\n<\/tbody>\n<\/table>\n<!-- #tablepress-24 from cache -->\n<h5>\u00c9PREUVES, BALLONS STANDARD IMPRIM\u00c9S 1 COULEUR, CADRE ET MISE EN MARCHE INCLUS<\/h5>\n<p>&#8211; BALLONS CRISTAL AJOUTER $20\/1000, PERL\u00c9 ET METALLIQUE, AJOUTER $30\/1000<br \/>\n&#8211; POUR IMPRESSION 2 COULEURS, AJOUTER $85\/ c\u00f4t\u00e9 \/ 1000 (ou moins)<br \/>\n&#8211; CHANGEMENT D&rsquo;ENCRE AJOUTER $35<br \/>\n&#8211; SUPPORT GRAPHIQUE ET CORRESPONDANCE DE COULEUR D&rsquo;ENCRE DISPONIBLE<br \/>\n&#8211; <a style=\"color: red;\" href=\"https:\/\/csaballoons.com\/fr\/charte-couleurs-ballons-personnalises-en-latex\/#12-inch-standard\">VOIR LA CHARTE DES COULEURS<\/a>[\/vc_column_text][mk_button dimension=\u00a0\u00bbflat\u00a0\u00bb size=\u00a0\u00bbmedium\u00a0\u00bb url=\u00a0\u00bb\/fr\/commande\/\u00a0\u00bb align=\u00a0\u00bbcenter\u00a0\u00bb bg_color=\u00a0\u00bb#2466a8&Prime;]DEVIS \/ COMMANDE[\/mk_button][\/vc_column][\/vc_row][vc_row css=\u00a0\u00bb.vc_custom_1516467849885{padding-top: 3% !important;}\u00a0\u00bb][vc_column][vc_column_text css=\u00a0\u00bb.vc_custom_1654121425102{margin-bottom: 0px !important;}\u00a0\u00bb]\n<h4 style=\"color: red;\">BALLONS IMPRIM\u00c9S 16 POUCES<\/h4>\n\n<table id=\"tablepress-15\" class=\"tablepress tablepress-id-15\">\n<thead>\n<tr class=\"row-1 odd\">\n\t<th class=\"column-1\">Quantit\u00e9<\/th><th class=\"column-2\">250<\/th><th class=\"column-3\">500<\/th><th class=\"column-4\">750<\/th><th class=\"column-5\">1000<\/th><th class=\"column-6\">2500<\/th><th class=\"column-7\">5000<\/th><th class=\"column-8\">10000<\/th>\n<\/tr>\n<\/thead>\n<tbody class=\"row-hover\">\n<tr class=\"row-2 even\">\n\t<td class=\"column-1\">1 c\u00f4t\u00e9<\/td><td class=\"column-2\">$ 401<\/td><td class=\"column-3\">$ 500<\/td><td class=\"column-4\">$ 655<\/td><td class=\"column-5\">$ 799<\/td><td class=\"column-6\">$ 1795<\/td><td class=\"column-7\">$ 3130<\/td><td class=\"column-8\">$ 5610<\/td>\n<\/tr>\n<tr class=\"row-3 odd\">\n\t<td class=\"column-1\">2 c\u00f4t\u00e9s<\/td><td class=\"column-2\">$ 491<\/td><td class=\"column-3\">$ 590<\/td><td class=\"column-4\">$ 750<\/td><td class=\"column-5\">$ 899<\/td><td class=\"column-6\">$ 1920<\/td><td class=\"column-7\">$ 3255<\/td><td class=\"column-8\">$ 5760<\/td>\n<\/tr>\n<\/tbody>\n<\/table>\n<!-- #tablepress-15 from cache -->\n<h5>\u00c9PREUVES, BALLONS STANDARD IMPRIM\u00c9S 1 COULEUR, CADRE ET MISE EN MARCHE INCLUS<\/h5>\n<p>&#8211; BALLONS CRISTAL AJOUTER $29\/1000 &#8211; PERL\u00c9 ET METALLIQUE $58\/1000<br \/>\n&#8211; CORRESPONDANCE DE COULEUR D&rsquo;ENCRE AJOUTER $29<br \/>\n&#8211; CHANGEMENT D&rsquo;ENCRE AJOUTER $45<br \/>\n&#8211; <a style=\"color: red;\" href=\"https:\/\/csaballoons.com\/fr\/charte-couleurs-ballons-personnalises-en-latex\/#16-inch\">VOIR LA CHARTE DES COULEURS<\/a>[\/vc_column_text][mk_button dimension=\u00a0\u00bbflat\u00a0\u00bb size=\u00a0\u00bbmedium\u00a0\u00bb url=\u00a0\u00bb\/fr\/commande\/\u00a0\u00bb align=\u00a0\u00bbcenter\u00a0\u00bb bg_color=\u00a0\u00bb#2466a8&Prime;]DEVIS \/ COMMANDE[\/mk_button][\/vc_column][\/vc_row][vc_row css=\u00a0\u00bb.vc_custom_1516467849885{padding-top: 3% !important;}\u00a0\u00bb][vc_column][vc_column_text css=\u00a0\u00bb.vc_custom_1768574774369{margin-bottom: 0px !important;}\u00a0\u00bb]\n<h4 style=\"color: red;\">BALLONS IMPRIM\u00c9S 24 POUCES<\/h4>\n\n<table id=\"tablepress-16\" class=\"tablepress tablepress-id-16\">\n<thead>\n<tr class=\"row-1 odd\">\n\t<th class=\"column-1\">Quantit\u00e9<\/th><th class=\"column-2\">10<\/th><th class=\"column-3\">25<\/th><th class=\"column-4\">50<\/th><th class=\"column-5\">75<\/th><th class=\"column-6\">100<\/th><th class=\"column-7\">250<\/th><th class=\"column-8\">500<\/th>\n<\/tr>\n<\/thead>\n<tbody class=\"row-hover\">\n<tr class=\"row-2 even\">\n\t<td class=\"column-1\">1 c\u00f4t\u00e9<\/td><td class=\"column-2\">$ 212<\/td><td class=\"column-3\">$ 378<\/td><td class=\"column-4\">$ 538<\/td><td class=\"column-5\">$ 653<\/td><td class=\"column-6\">$ 758<\/td><td class=\"column-7\">$ 1668<\/td><td class=\"column-8\">$ 3180<\/td>\n<\/tr>\n<tr class=\"row-3 odd\">\n\t<td class=\"column-1\">2 c\u00f4t\u00e9s<\/td><td class=\"column-2\">$ 219<\/td><td class=\"column-3\">$ 397<\/td><td class=\"column-4\">$ 575<\/td><td class=\"column-5\">$ 709<\/td><td class=\"column-6\">$ 833<\/td><td class=\"column-7\">$ 1856<\/td><td class=\"column-8\">$ 3555<\/td>\n<\/tr>\n<\/tbody>\n<\/table>\n<!-- #tablepress-16 from cache -->\n<h5>\u00c9PREUVES, BALLONS STANDARD IMPRIM\u00c9S 1 COULEUR, CADRE ET MISE EN MARCHE INCLUS<\/h5>\n<p>&#8211; BALLONS CRISTAL AJOUTER $0.55\/BALLONS<br \/>\n&#8211; BALLONS M\u00c9TALLIQUE AJOUTER $0.75\/BALLONS<br \/>\n&#8211; CORRESPONDANCE DE COULEUR D&rsquo;ENCRE $29<br \/>\n&#8211; CHANGEMENT D&rsquo;ENCRE $45<br \/>\n&#8211; <a style=\"color: red;\" href=\"https:\/\/csaballoons.com\/fr\/charte-couleurs-ballons-personnalises-en-latex\/#36-inch\">VOIR LA CHARTE DES COULEURS<\/a>[\/vc_column_text][mk_button dimension=\u00a0\u00bbflat\u00a0\u00bb size=\u00a0\u00bbmedium\u00a0\u00bb url=\u00a0\u00bb\/fr\/commande\/\u00a0\u00bb align=\u00a0\u00bbcenter\u00a0\u00bb bg_color=\u00a0\u00bb#2466a8&Prime;]DEVIS \/ COMMANDE[\/mk_button][\/vc_column][\/vc_row][vc_row css=\u00a0\u00bb.vc_custom_1516467849885{padding-top: 3% !important;}\u00a0\u00bb][vc_column][vc_column_text css=\u00a0\u00bb.vc_custom_1654121510797{margin-bottom: 0px !important;}\u00a0\u00bb]\n<h4 style=\"color: red;\">BALLONS IMPRIM\u00c9S 36 POUCES<\/h4>\n\n<table id=\"tablepress-17\" class=\"tablepress tablepress-id-17\">\n<thead>\n<tr class=\"row-1 odd\">\n\t<th class=\"column-1\">Quantit\u00e9<\/th><th class=\"column-2\">10<\/th><th class=\"column-3\">25<\/th><th class=\"column-4\">50<\/th><th class=\"column-5\">100<\/th><th class=\"column-6\">250<\/th><th class=\"column-7\">500<\/th><th class=\"column-8\">1000<\/th>\n<\/tr>\n<\/thead>\n<tbody class=\"row-hover\">\n<tr class=\"row-2 even\">\n\t<td class=\"column-1\">1 c\u00f4t\u00e9<\/td><td class=\"column-2\">$ 199<\/td><td class=\"column-3\">$ 399<\/td><td class=\"column-4\">$ 550<\/td><td class=\"column-5\">$ 699 <\/td><td class=\"column-6\">$ 1559<\/td><td class=\"column-7\">$ 3069<\/td><td class=\"column-8\">$ 6050<\/td>\n<\/tr>\n<tr class=\"row-3 odd\">\n\t<td class=\"column-1\">2 c\u00f4t\u00e9s<\/td><td class=\"column-2\">$ 204<\/td><td class=\"column-3\">$ 412<\/td><td class=\"column-4\">$ 575<\/td><td class=\"column-5\">$ 749<\/td><td class=\"column-6\">$ 1684<\/td><td class=\"column-7\">$ 3319<\/td><td class=\"column-8\">$ 6550<\/td>\n<\/tr>\n<\/tbody>\n<\/table>\n<!-- #tablepress-17 from cache -->\n<h5>\u00c9PREUVES, BALLONS STANDARD IMPRIM\u00c9S 1 COULEUR, CADRE ET MISE EN MARCHE INCLUS<\/h5>\n<p>&#8211; BALLONS CRISTAL AJOUTER $0.55\/BALLONS<br \/>\n&#8211; BALLONS M\u00c9TALLIQUE AJOUTER $0.75\/BALLONS<br \/>\n&#8211; CORRESPONDANCE DE COULEUR D&rsquo;ENCRE $29<br \/>\n&#8211; CHANGEMENT D&rsquo;ENCRE $45<br \/>\n&#8211; <a style=\"color: red;\" href=\"https:\/\/csaballoons.com\/fr\/charte-couleurs-ballons-personnalises-en-latex\/#36-inch\">VOIR LA CHARTE DES COULEURS<\/a>[\/vc_column_text][mk_button dimension=\u00a0\u00bbflat\u00a0\u00bb size=\u00a0\u00bbmedium\u00a0\u00bb url=\u00a0\u00bb\/fr\/commande\/\u00a0\u00bb align=\u00a0\u00bbcenter\u00a0\u00bb bg_color=\u00a0\u00bb#2466a8&Prime;]DEVIS \/ COMMANDE[\/mk_button][vc_column_text css=\u00a0\u00bb.vc_custom_1654121519549{margin-bottom: 0px !important;}\u00a0\u00bb]\n<h4 style=\"color: red;\">BALLONS MYLARS IMPRIM\u00c9S 18 POUCES<\/h4>\n\n<table id=\"tablepress-18\" class=\"tablepress tablepress-id-18\">\n<thead>\n<tr class=\"row-1 odd\">\n\t<th class=\"column-1\">Quantit\u00e9<\/th><th class=\"column-2\">50<\/th><th class=\"column-3\">100<\/th><th class=\"column-4\">250<\/th><th class=\"column-5\">500<\/th><th class=\"column-6\">750<\/th><th class=\"column-7\">1000<\/th>\n<\/tr>\n<\/thead>\n<tbody class=\"row-hover\">\n<tr class=\"row-2 even\">\n\t<td class=\"column-1\">1 c\u00f4t\u00e9<\/td><td class=\"column-2\">$ 217<\/td><td class=\"column-3\">$ 309<\/td><td class=\"column-4\">$ 654<\/td><td class=\"column-5\">$ 1114<\/td><td class=\"column-6\">$ 1586<\/td><td class=\"column-7\">$ 2023<\/td>\n<\/tr>\n<tr class=\"row-3 odd\">\n\t<td class=\"column-1\">2 c\u00f4t\u00e9s<\/td><td class=\"column-2\">$ 321<\/td><td class=\"column-3\">$ 459<\/td><td class=\"column-4\">$ 988<\/td><td class=\"column-5\">$ 1666<\/td><td class=\"column-6\">$ 2368<\/td><td class=\"column-7\">$ 3046<\/td>\n<\/tr>\n<\/tbody>\n<\/table>\n<!-- #tablepress-18 from cache -->\n<h5>\u00c9PREUVES, BALLONS STANDARD IMPRIM\u00c9S 1 COULEUR, CADRE ET MISE EN MARCHE INCLUS<\/h5>\n<p>&#8211; CORRESPONDANCE DE COULEUR D&rsquo;ENCRE, AJOUTER $29<br \/>\n&#8211; CHANGEMENT D&rsquo;ENCRE, AJOUTER $35<br \/>\n&#8211; IMPRESSIONS MULTICOULEURS &#8211; <a style=\"color: red;\" href=\"tel:888-950-7878\">SVP APPELEZ<\/a><br \/>\n&#8211; <a style=\"color: red;\" href=\"https:\/\/csaballoons.com\/fr\/charte-couleurs-ballons-personnalises-en-mylar\/\">VOIR LA CHARTE DES COULEURS<\/a>[\/vc_column_text][mk_button dimension=\u00a0\u00bbflat\u00a0\u00bb size=\u00a0\u00bbmedium\u00a0\u00bb url=\u00a0\u00bb\/fr\/commande\/\u00a0\u00bb align=\u00a0\u00bbcenter\u00a0\u00bb bg_color=\u00a0\u00bb#2466a8&Prime;]DEVIS \/ COMMANDE[\/mk_button][\/vc_column][\/vc_row][vc_row disable_element=\u00a0\u00bbyes\u00a0\u00bb css=\u00a0\u00bb.vc_custom_1618339539395{padding-top: 3% !important;}\u00a0\u00bb][vc_column][vc_column_text css=\u00a0\u00bb.vc_custom_1521470228103{margin-bottom: 0px !important;}\u00a0\u00bb]\n<h4 style=\"color: red;\">D\u00c9LAIS DE PRODUCTION<\/h4>\n<p>Nos d\u00e9lais de productions varient selon les quantit\u00e9s, la complexit\u00e9 et la date requise. Avec vous, nous d\u00e9terminerons vos besoins et mettrons tout en \u0153uvre afin d&rsquo;\u00eatre rapide et efficace. \u00c9galement, nous offrons des services de production prioritaires afin de r\u00e9pondre \u00e0 vos besoin plus pressant.<\/p>\n<p><b>Service Prioritaire (24H)<\/b><br \/>\n*Des frais de production suppl\u00e9mentaires de $49 par 1000 ballons seront appliqu\u00e9s. ($49 minimum)<br \/>\n-Confirmation et r\u00e8glement de votre commande aujourd\u2019hui, avant 2h00 pm<br \/>\n-Mise en production cette nuit<br \/>\n-Exp\u00e9dition demain.<\/p>\n<p><b>Service Prioritaire (12H)<\/b><br \/>\n*Des frais de production suppl\u00e9mentaires de $99 par 1000 ballons seront appliqu\u00e9s.<br \/>\n-Confirmation et r\u00e8glement de votre commande aujourd\u2019hui, avant 11h00 am<br \/>\n-Mise en production aujourd&rsquo;hui<br \/>\n-Exp\u00e9dition aujourd&rsquo;hui.<\/p>\n<p>Veuillez noter que certains d\u00e9lais inattendus occasionn\u00e9s par l\u2019exp\u00e9diteur peuvent survenir et que Ballons CSA ne pourra voir sa responsabilit\u00e9 engag\u00e9e en cas de retard de livraison.[\/vc_column_text][mk_button dimension=\u00a0\u00bbflat\u00a0\u00bb size=\u00a0\u00bbmedium\u00a0\u00bb url=\u00a0\u00bbhttps:\/\/csaballoons.com\/fr\/devis\/\u00a0\u00bb align=\u00a0\u00bbcenter\u00a0\u00bb bg_color=\u00a0\u00bb#2466a8&Prime;]OBTENIR UN PRIX[\/mk_button][\/vc_column][\/vc_row][vc_row css=\u00a0\u00bb.vc_custom_1516468167295{padding-top: 3% !important;padding-bottom: 3% !important;}\u00a0\u00bb][vc_column][\/vc_column][\/vc_row][vc_row fullwidth=\u00a0\u00bbtrue\u00a0\u00bb fullwidth_content=\u00a0\u00bbfalse\u00a0\u00bb parallax=\u00a0\u00bbcontent-moving\u00a0\u00bb parallax_image=\u00a0\u00bb60&Prime; css=\u00a0\u00bb.vc_custom_1516468145802{padding-top: 7% !important;padding-bottom: 7% !important;background-position: center;background-repeat: no-repeat !important;background-size: cover !important;}\u00a0\u00bb][vc_column][vc_column_text align=\u00a0\u00bbcenter\u00a0\u00bb css=\u00a0\u00bb.vc_custom_1518732071992{margin-bottom: 0px !important;}\u00a0\u00bb]\n<h2 style=\"color: #ffffff;\">Qualit\u00e9 | Service | Rapidit\u00e9<\/h2>\n[\/vc_column_text][mk_button dimension=\u00a0\u00bbflat\u00a0\u00bb size=\u00a0\u00bblarge\u00a0\u00bb url=\u00a0\u00bb\/fr\/devis\/\u00a0\u00bb align=\u00a0\u00bbcenter\u00a0\u00bb button_custom_width=\u00a0\u00bb220&Prime; bg_color=\u00a0\u00bb#55c17f\u00a0\u00bb btn_hover_bg=\u00a0\u00bb#3f9160&Prime;]OBTENIR UN PRIX![\/mk_button][\/vc_column][\/vc_row][vc_row][vc_column][\/vc_column][\/vc_row]\n","protected":false},"excerpt":{"rendered":"<p>[vc_row fullwidth=\u00a0\u00bbtrue\u00a0\u00bb][vc_column][vc_single_image image=\u00a0\u00bb3282&Prime; img_size=\u00a0\u00bbfull\u00a0\u00bb][vc_column_text align=\u00a0\u00bbcenter\u00a0\u00bb css=\u00a0\u00bb.vc_custom_1518731524557{margin-top: -5% !important;margin-bottom: 0px !important;}\u00a0\u00bb] Tarifs [\/vc_column_text][\/vc_column][\/vc_row][vc_row][vc_column][vc_column_text css=\u00a0\u00bb.vc_custom_1654121466510{margin-bottom: 0px !important;}\u00a0\u00bb] MEILLEUR VENDEUR! &#8211; BALLONS IMPRIM\u00c9S 12 POUCES \u00c9PREUVES, BALLONS STANDARD IMPRIM\u00c9S 1 COULEUR, CADRE ET MISE EN MARCHE INCLUS &#8211; BALLONS CRISTAL AJOUTER $20\/1000, PERL\u00c9 ET METALLIQUE, AJOUTER $30\/1000 &#8211; POUR IMPRESSION 2 COULEURS, AJOUTER $85\/ c\u00f4t\u00e9 \/ 1000 (ou [&hellip;]<\/p>\n","protected":false},"author":3,"featured_media":0,"parent":0,"menu_order":0,"comment_status":"closed","ping_status":"closed","template":"","meta":{"_monsterinsights_skip_tracking":false,"_monsterinsights_sitenote_active":false,"_monsterinsights_sitenote_note":"","_monsterinsights_sitenote_category":0},"_links":{"self":[{"href":"https:\/\/csaballoons.com\/fr\/wp-json\/wp\/v2\/pages\/3274"}],"collection":[{"href":"https:\/\/csaballoons.com\/fr\/wp-json\/wp\/v2\/pages"}],"about":[{"href":"https:\/\/csaballoons.com\/fr\/wp-json\/wp\/v2\/types\/page"}],"author":[{"embeddable":true,"href":"https:\/\/csaballoons.com\/fr\/wp-json\/wp\/v2\/users\/3"}],"replies":[{"embeddable":true,"href":"https:\/\/csaballoons.com\/fr\/wp-json\/wp\/v2\/comments?post=3274"}],"version-history":[{"count":21,"href":"https:\/\/csaballoons.com\/fr\/wp-json\/wp\/v2\/pages\/3274\/revisions"}],"predecessor-version":[{"id":13102,"href":"https:\/\/csaballoons.com\/fr\/wp-json\/wp\/v2\/pages\/3274\/revisions\/13102"}],"wp:attachment":[{"href":"https:\/\/csaballoons.com\/fr\/wp-json\/wp\/v2\/media?parent=3274"}],"curies":[{"name":"wp","href":"https:\/\/api.w.org\/{rel}","templated":true}]}}