{"id":3298,"date":"2018-02-15T22:12:39","date_gmt":"2018-02-15T22:12:39","guid":{"rendered":"https:\/\/csaballoons.com\/?page_id=3298"},"modified":"2022-11-10T08:57:14","modified_gmt":"2022-11-10T08:57:14","slug":"ballons-personnalises-montreal","status":"publish","type":"page","link":"https:\/\/csaballoons.com\/fr\/ballons-personnalises-montreal\/","title":{"rendered":"Ballons personnalis\u00e9s \u00e0 Montr\u00e9al"},"content":{"rendered":"[vc_row el_class=\u00a0\u00bbhome-header\u00a0\u00bb][vc_column el_class=\u00a0\u00bbhome-slider-header\u00a0\u00bb][mk_fullwidth_slideshow images=\u00a0\u00bb5406&Prime;][\/vc_column][vc_column el_class=\u00a0\u00bbheader-text\u00a0\u00bb][vc_column_text css=\u00a0\u00bb.vc_custom_1648672105910{margin-bottom: 0px !important;}\u00a0\u00bb]Ballons Personnalis\u00e9s<br \/>\n\u00e0 Montr\u00e9al<\/p>\n\t\t\t\t\t<h3 class=\"since_texte\"><span class=\"font_un\">Depuis<\/span> <span class=\"font_deux\">2001<\/span><\/h3>\n\t\t<div id=\"ensem_trois_bouton\">\n\t\t\t<a href=\"https:\/\/csaballoons.com\/fr\/demande-de-prix\/\" class=\"bton_un\">Demander un devis<\/a>\n\t\t\t<a href=\"https:\/\/csaballoons.com\/fr\/commande\/\" class=\"bton_deux\">Commandes en ligne, 5% de rabais<\/a>\n\t\t\t<a href=\"https:\/\/csaballoons.com\/fr\/contact\/\" class=\"bton_trois\">Contact rapide<\/a>\n\t\t<\/div>\n\t\t\t\t\t\n\t\t[\/vc_column_text][\/vc_column][\/vc_row][vc_row el_class=\u00a0\u00bbhome-block1&Prime;][vc_column][vc_raw_html]JTVCaG9tZS1zbGlkZXIlMjBpZHMlM0QlMjI2MjQ4JTJDNjI0OSUyQzYyNTAlMkM2MjUxJTJDNjI1MiUyQzYyNTMlMkM2MjU0JTJDNjI1NSUyQzYyNTYlMkM2MjU3JTJDNjI1OCUyQzYyNTklMkM2MjYwJTJDNjI2MSUyQzYyNjIlMkM2MjYzJTJDNjI2NSUyQzYyNjYlMkM2MjY3JTJDNjI2OCUyQzYyNjklMkM2MjcwJTJDNjI3MSUyQzYyNzIlMkM2MjczJTJDNjI3NCUyQzYyNzUlMkM2Mjc2JTJDNjI3NyUyQzYyNzglMkM2Mjc5JTJDNjI4MCUyQzYyODElMkM2MjgyJTJDNjI4MyUyQzYyODQlMkM2Mjg1JTJDNjI4NiUyQzYyODclMkM2Mjg4JTJDNjI4OSUyQzYyOTAlMkM2MjkxJTJDNjI5MiUyQzYyOTMlMkM2Mjk0JTJDNjI5NSUyQzYyOTYlMkM2Mjk3JTJDNjI5OCUyQzYyOTklMkM2MzAwJTJDNjMwMSUyQzYzMDIlMkM2MzAzJTJDNjMwNCUyQzYzMDUlMkM2MzA2JTJDNjMwNyUyQzYzMDglMkM2MzA5JTJDNjMxMCUyQzYzMTElMkM2MzEyJTJDNjMxMyUyQzYzMTQlMkM2MzE1JTJDNjMxNiUyQzYzMTclMkM2MzE4JTJDNjMxOSUyQzYzMjAlMkM2MzIxJTJDNjMyMiUyQzYzMjMlMkM2MzI0JTJDNjMyNSUyQzYzMjYlMkM2MzI3JTJDNjMyOCUyQzYzMjklMkM2MzMwJTJDNjMzMSUyQzYzMzIlMkM2MzMzJTJDNjMzNSUyQzYzMzYlMkM2MzM3JTJDNjMzOSUyQzYzNDElMkM2MzQyJTJDNjM0MyUyQzYzNDQlMkM2MzQ1JTJDNjM0NiUyQzYzNDclMkM2MzQ4JTJDNjM0OSUyQzYzNTAlMkM2MzUxJTJDNjM1MiUyQzYzNTMlMkM2MzU0JTJDNjM1NSUyQzYzNTYlMkM2MzU3JTJDNjM1OCUyQzYzNTklMkM2MzYwJTJDNjM2MSUyQzYzNjIlMkM2MzYzJTJDNjM2NCUyQzYzNjUlMkM2MzY2JTJDNjM2NyUyQzYzNjglMkM2MzY5JTJDNjM3MCUyQzYzNzElMkM2MzcyJTJDNjM3MyUyQzYzNzQlMkM2Mzc1JTJDNjM3NiUyQzYzNzclMkM2Mzc4JTJDNjM3OSUyQzYzODAlMkM2MzgxJTIyJTVE[\/vc_raw_html][vc_column_text css=\u00a0\u00bb.vc_custom_1645650773900{margin-bottom: 0px !important;}\u00a0\u00bb]\n<h2 style=\"text-align: center;\">Ballons Personnalis\u00e9s \u00e0 Montr\u00e9al<\/h2>\n<p>Nous imprimons des ballons personnalis\u00e9s avec des logos d\u2019entreprise et des messages promotionnels dans notre imprimerie de Boucherville, situ\u00e9e sur la Rive-Sud de Montr\u00e9al.<\/p>\n<p>Nous sommes le chef de file de l\u2019impression de ballons personnalis\u00e9s \u00e0 Montr\u00e9al et au Qu\u00e9bec.<\/p>\n<p>Si vous cherchez des ballons personnalis\u00e9s \u00e0 Montr\u00e9al, vous \u00eates au bon endroit. Nous savons \u00e0 quel point il est difficile de planifier un \u00e9v\u00e9nement. Nous comprenons aussi combien il est crucial que tout fonctionne correctement la journ\u00e9e de l\u2019\u00e9v\u00e9nement. Pour cette raison, nous sommes ax\u00e9s sur un service \u00e0 la client\u00e8le hors pair et nous fournissons des ballons de haute qualit\u00e9 \u00e0 des co\u00fbts tr\u00e8s abordables.<\/p>\n<p>Notre objectif est de vous fournir exactement les ballons dont vous avez besoin, sans tracas ni inconv\u00e9nients.<\/p>\n<p>Nous sommes le premier fabricant de ballons imprim\u00e9s personnalis\u00e9s \u00e0 Montr\u00e9al, ainsi que partout au Canada et aux \u00c9tats-Unis![\/vc_column_text][vc_single_image image=\u00a0\u00bb5415&Prime; img_size=\u00a0\u00bbfull\u00a0\u00bb el_class=\u00a0\u00bbcsa-confetti\u00a0\u00bb][\/vc_column][\/vc_row][vc_row el_class=\u00a0\u00bbhome-block2&Prime;][vc_column][vc_raw_html]JTNDaDIlMjBjbGFzcyUzRCUyMnByb2R0aXRsZUIlMjIlM0UlMEElM0NhJTIwaHJlZiUzRCUyMiUyRmNvbW1lbnQtc29udC1mYWJyaXF1ZXMtbGVzLWJhbGxvbnMtZW4tbGF0ZXgtbmF0dXJlbCUyRiUyMiUzRSUzQ2ltZyUyMHNyYyUzRCUyMiUyRndwLWNvbnRlbnQlMkZ1cGxvYWRzJTJGMjAyMSUyRjAzJTJGY3NhLWJpb2ZyLTItMTI1eDEyNS1zLnBuZyUyMiUyMCUyRiUzRSUzQyUyRmElM0UlMEElM0NzcGFuJTNFQ29tcGwlQzMlQTl0ZXolMjB2b3RyZSUyMGNvbW1hbmRlJTIwZGUlMjBiYWxsb25zJTNDYnIlM0UlMEFwZXJzb25uYWxpcyVDMyVBOXMlMjBlbiUyMGxpZ25lJTIwZXQlMjBvYnRlbmV6JTIwJTNDc3Ryb25nJTNFNSUyNSUzQyUyRnN0cm9uZyUzRSUyMGRlJTIwcmFiYWlzLiUwQSUzQ2JyJTNFJTBBJTNDc3Ryb25nJTNFQ09ERSUyMFBST01PJTNBJTIwR0lWRU1FNSUzQyUyRnN0cm9uZyUzRSUwQSUzQyUyRnNwYW4lM0UlMEElM0NhJTIwaHJlZiUzRCUyMiUyRmNvbW1lbnQtc29udC1mYWJyaXF1ZXMtbGVzLWJhbGxvbnMtZW4tbGF0ZXgtbmF0dXJlbCUyRiUyMiUzRSUzQ2ltZyUyMHNyYyUzRCUyMiUyRndwLWNvbnRlbnQlMkZ1cGxvYWRzJTJGMjAyMSUyRjAzJTJGY3NhLWJpb2ZyLTItMTI1eDEyNS1zLnBuZyUyMiUyMCUyRiUzRSUzQyUyRmElM0UlMEElM0MlMkZoMiUzRQ==[\/vc_raw_html][vc_column_text css=\u00a0\u00bb.vc_custom_1645651596624{margin-bottom: 4px !important;}\u00a0\u00bb]\n<p style=\"text-align: center;\">            <div class=\"products-home\" isapp=\"\">\n                                <!-- <h2>\n                    <img src=\"\/wp-content\/uploads\/2021\/03\/csa-biofr-2-125x125-s.png\">\n                    <img src=\"\/wp-content\/uploads\/2021\/03\/csa-biofr-2-125x125-s.png\">\n                    <img src=\"\/wp-content\/uploads\/2021\/03\/csa-biofr-2-125x125-s.png\">\n                    <span>\n                                        <\/span>\n                    <img src=\"\/wp-content\/uploads\/2021\/03\/csa-biofr-2-125x125-s.png\">\n                    <img src=\"\/wp-content\/uploads\/2021\/03\/csa-biofr-2-125x125-s.png\">\n                    <img src=\"\/wp-content\/uploads\/2021\/03\/csa-biofr-2-125x125-s.png\">\n                <\/h2> -->\n                                <div class=\"products-home-block\">\n                                                    <a href=\"commande\/\/#latex-12\">\n                                    <img src=\"https:\/\/csaballoons.com\/wp-content\/uploads\/2021\/03\/csa-products-balloons-1.png\" alt=\"Latex 12\u201d\">\n                                    <h2>Latex 12\u201d<\/h2>\n                                <\/a>\n                                                            <a href=\"commande\/\/#latex-16\">\n                                    <img src=\"https:\/\/csaballoons.com\/wp-content\/uploads\/2021\/03\/csa-products-balloons-2.png\" alt=\"Latex 16\u201d\">\n                                    <h2>Latex 16\u201d<\/h2>\n                                <\/a>\n                                                            <a href=\"commande\/\/#latex-24\">\n                                    <img src=\"https:\/\/csaballoons.com\/wp-content\/uploads\/2021\/03\/csa-products-balloons-3.png\" alt=\"Latex 24\u201d\">\n                                    <h2>Latex 24\u201d<\/h2>\n                                <\/a>\n                                                            <a href=\"commande\/\/#latex-36\">\n                                    <img src=\"https:\/\/csaballoons.com\/wp-content\/uploads\/2021\/03\/csa-products-balloons-4.png\" alt=\"Latex 36\u201d\">\n                                    <h2>Latex 36\u201d<\/h2>\n                                <\/a>\n                                                            <a href=\"commande\/\/#round-foil\">\n                                    <img src=\"https:\/\/csaballoons.com\/wp-content\/uploads\/2021\/03\/csa-products-balloons-6.png\" alt=\"18\u201d Round Foil\">\n                                    <h2>Mylar Rond 18\u201d<\/h2>\n                                <\/a>\n                                                            <a href=\"commande\/\/#heart-foil\">\n                                    <img src=\"https:\/\/csaballoons.com\/wp-content\/uploads\/2021\/03\/csa-products-balloons-7.png\" alt=\"18\u201d Heart Foil\">\n                                    <h2>Mylar Coeur 18\u201d<\/h2>\n                                <\/a>\n                                                            <a href=\"commande\/\/#star-foil\">\n                                    <img src=\"https:\/\/csaballoons.com\/wp-content\/uploads\/2021\/03\/csa-products-balloons-8.png\" alt=\"18\u201d Star Foil\">\n                                    <h2>Mylar \u00c9toile 18\u201d<\/h2>\n                                <\/a>\n                                            <\/div>\n            <\/div>\n        \n        \n[\/vc_column_text][vc_column_text el_class=\u00a0\u00bbblock2_cities\u00a0\u00bb css=\u00a0\u00bb.vc_custom_1645652494424{margin-top: 50px !important;margin-bottom: 0px !important;}\u00a0\u00bb]\n<p style=\"text-align: center;\"><strong>L\u2019imprimeur de ballons #1 au Canada est juste de l\u2019autre c\u00f4t\u00e9 du pont!<\/strong><\/p>\n<p>Notre usine d\u2019impression de ballons \u00e0 Montr\u00e9al (situ\u00e9e \u00e0 Boucherville) imprime des ballons personnalis\u00e9s pour des entreprises partout en Am\u00e9rique du Nord. Votre commande de ballons imprim\u00e9s en latex ou en Mylar sera imprim\u00e9e par un expert, \u00e0 l\u2019aide de notre \u00e9quipement unique et moderne, puis sera livr\u00e9e selon vos pr\u00e9cisions. Nous sommes heureux d\u2019offrir nos services de livraison partout au Qu\u00e9bec.<\/p>\n<p>Choisissez CSA Ballons pour\u00a0:<\/p>\n<ul>\n<li>Une impression de ballons de qualit\u00e9 sup\u00e9rieure avec des logos imprim\u00e9s jusqu\u2019\u00e0 7 pouces de large ;<\/li>\n<li>Des ballons uniques, imprim\u00e9s rapidement ;<\/li>\n<li>Des ballons en latex naturel, 100% biod\u00e9gradables ;<\/li>\n<li>Un excellent service \u00e0 la client\u00e8le.<\/li>\n<\/ul>\n<p>Commandez vos ballons imprim\u00e9s personnalis\u00e9s d\u00e8s aujourd\u2019hui et nous imprimerons votre commande demain! T\u00e9l\u00e9chargez votre image maintenant et obtenez un devis rapidement.[\/vc_column_text][vc_column_text css=\u00a0\u00bb.vc_custom_1668070531426{margin-bottom: 0px !important;}\u00a0\u00bb]<div class=\"wp-block-button pbutton alt blue-button\"><a class=\"wp-block-button__link blue-button\" href=\"https:\/\/csaballoons.com\/fr\/demande-de-prix\/\" target=\"\"><strong> Demande de Prix <\/strong><\/a><\/div>[\/vc_column_text][vc_single_image image=\u00a0\u00bb5447&Prime; img_size=\u00a0\u00bbfull\u00a0\u00bb el_class=\u00a0\u00bbcsa-roundbox\u00a0\u00bb][\/vc_column][\/vc_row][vc_row el_class=\u00a0\u00bbhome-block3&Prime;][vc_column][vc_column_text css=\u00a0\u00bb.vc_custom_1668070616971{margin-bottom: 0px !important;}\u00a0\u00bb]\n<h2 style=\"text-align: left;\"><strong>Des ballons personnalis\u00e9s pour toutes les occasions!<br \/>\n<\/strong><\/h2>\n<p><strong>Ballons imprim\u00e9s \u00e0 Montr\u00e9al<\/strong><\/p>\n<p>Depuis plus de 20 ans, Ballons CSA est le leader montr\u00e9alais de l\u2019impression de ballons personnalis\u00e9s. Avec l\u2019aide d\u2019une \u00e9quipe d\u2019experts et d\u2019installations ultramodernes, nos produits sont r\u00e9put\u00e9s pour leur qualit\u00e9, leur clart\u00e9, leur pr\u00e9cision et leur taille d\u2019impression.<\/p>\n<p>Nos ballons imprim\u00e9s personnalis\u00e9s sont en latex naturel ou en Mylar 100% recyclable. Gr\u00e2ce \u00e0 notre large choix de couleurs et de finitions, nous pourrons cr\u00e9er des ballons personnalis\u00e9s qui s\u2019int\u00e8greront parfaitement dans votre d\u00e9cor. Nous comprenons l\u2019importance de la qualit\u00e9 et nous compl\u00e9tons notre travail correctement la premi\u00e8re fois.<\/p>\n<p>Appelez pour un service rapide en fran\u00e7ais ou en anglais. Faites confiance \u00e0 CSA Ballons pour votre prochain \u00e9v\u00e9nement.<\/p>\n<p style=\"text-align: center;\"><div class=\"wp-block-button pbutton alt blue-button\"><a class=\"wp-block-button__link blue-button\" href=\"contact\/\" target=\"\">Contactez Ballons CSA<\/a><\/div>\n<p><iframe loading=\"lazy\" src=\"https:\/\/www.youtube.com\/embed\/XiEPBnHs9sE\" width=\"527\" height=\"296\" frameborder=\"0\" allowfullscreen=\"allowfullscreen\" data-mce-fragment=\"1\"><\/iframe>[\/vc_column_text][vc_single_image image=\u00a0\u00bb5415&Prime; img_size=\u00a0\u00bbfull\u00a0\u00bb el_class=\u00a0\u00bbcsa-confetti\u00a0\u00bb][\/vc_column][\/vc_row][vc_row el_class=\u00a0\u00bbhome-block4&Prime;][vc_column][vc_column_text css=\u00a0\u00bb.vc_custom_1668070542678{margin-bottom: 0px !important;}\u00a0\u00bb]\n<h2 style=\"text-align: left;\"><strong>Les entreprises Montr\u00e9alaises adorent les ballons personnalis\u00e9s imprim\u00e9s sur deux c\u00f4t\u00e9s<\/strong><\/h2>\n<p>Vous voulez que votre message soit plus dimensionnel? Les ballons personnalis\u00e9s imprim\u00e9s sur 2 c\u00f4t\u00e9s permettent aux gens de voir votre marque \u00e0 l\u2019aller et au retour. Mettez votre logo d\u2019un c\u00f4t\u00e9 et de l\u2019autre, ajoutez un mot-clic\u00a0 qui correspond \u00e0 votre derni\u00e8re campagne de m\u00e9dias sociaux.<\/p>\n<p>Nos clients adorent la clart\u00e9 d\u2019impression de nos ballons. Avec nos techniques d\u2019impression avanc\u00e9es, votre logo et vos images seront claires et nettes. Nous pouvons \u00e9galement convenir aux couleurs Pantone.<\/p>\n<p>Si vous \u00eates pr\u00eat \u00e0 commander, il ne suffit que de t\u00e9l\u00e9charger votre image et vous obtiendrez un devis gratuit rapidement. Si vous avez besoin d\u2019aide ou d\u2019id\u00e9es, communiquez avec nous! Nos graphistes sont disponibles pour vous aider. Faites la promotion de votre prochain \u00e9v\u00e9nement \u00e0 Montr\u00e9al avec de magnifiques ballons imprim\u00e9s sur deux c\u00f4t\u00e9s.[\/vc_column_text][vc_single_image image=\u00a0\u00bb5415&Prime; img_size=\u00a0\u00bbfull\u00a0\u00bb el_class=\u00a0\u00bbcsa-confetti\u00a0\u00bb][vc_single_image image=\u00a0\u00bb5454&Prime; img_size=\u00a0\u00bbfull\u00a0\u00bb el_class=\u00a0\u00bbcsa-balloon1&Prime;][vc_single_image image=\u00a0\u00bb5456&Prime; img_size=\u00a0\u00bbfull\u00a0\u00bb el_class=\u00a0\u00bbcsa-balloon2&Prime;][\/vc_column][\/vc_row][vc_row el_class=\u00a0\u00bbhome-block5&Prime;][vc_column][vc_column_text align=\u00a0\u00bbcenter\u00a0\u00bb el_class=\u00a0\u00bbblock_text_white\u00a0\u00bb css=\u00a0\u00bb.vc_custom_1668070550324{margin-bottom: 0px !important;}\u00a0\u00bb]Nous serons heureux de vous fournier des id\u00e9es ainsi qu\u2019une \u00e9preuve gratuite de vos ballons imprim\u00e9s personnalis\u00e9s d\u00e8s aujourd\u2019hui.[\/vc_column_text][\/vc_column][\/vc_row][vc_row el_class=\u00a0\u00bbhome-block6&Prime;][vc_column width=\u00a0\u00bb1\/2&Prime;][vc_column_text css=\u00a0\u00bb.vc_custom_1645651007507{margin-bottom: 0px !important;}\u00a0\u00bb]\n<h2 style=\"text-align: left;\"><strong>Service d\u2019impression de ballons pour les \u00e9v\u00e9nements de Montr\u00e9al<\/strong><\/h2>\n<p>Il n\u2019y a pas une meilleure fa\u00e7on pour les entreprises qu\u00e9b\u00e9coises d\u2019atteindre leurs client\u00e8les cible que durant des \u00e9v\u00e9nements! Imprimez votre logo ou votre message sur l\u2019objet promotionnel pr\u00e9f\u00e9r\u00e9 des Montr\u00e9alais et vous serez pr\u00eat \u00e0 faire grandir votre chiffre d\u2019affaires!<\/p>\n<p>Accrochez vos ballons \u00e0 un ruban et voyez votre logo circuler \u00e0 travers la foule. Ajoutez un slogan ou votre message promotionnel et transformez vos ballons personnalis\u00e9s en de vrais mini panneaux d\u2019affichage flottants. Demandez-nous d\u2019installer une arche de ballons personnalis\u00e9s et voyez votre logo devenir l\u2019arri\u00e8re-plan d\u2019une multitude d\u2019\u00e9goportraits partag\u00e9s sur les m\u00e9dias sociaux. Peu importe comment vous d\u00e9ciderez de pr\u00e9senter vos ballons personnalis\u00e9s, ils seront tr\u00e8s rentables et apporterons beaucoup d\u2019attention \u00e0 votre image de marque!<\/p>\n<p>Faisons la promotion de votre entreprise \u00e0 un tout nouveau groupe de clients potentiels, en exploitant la puissance des ballons.\u00a0<a href=\"https:\/\/csaballoons.com\/fr\/contact\/\">Contactez-nous aujourd\u2019hui<\/a>.[\/vc_column_text][\/vc_column][vc_column width=\u00a0\u00bb1\/2&Prime;][vc_column_text css=\u00a0\u00bb.vc_custom_1668070560182{margin-bottom: 0px !important;}\u00a0\u00bb]\n<h2 style=\"text-align: left;\"><strong>Des ballons promotionnels pour les \u00e9v\u00e9nements sp\u00e9ciaux de Montr\u00e9al<\/strong><\/h2>\n<p>Nous livrons des ballons partout dans la grande r\u00e9gion de Montr\u00e9al depuis notre imprimerie de Boucherville. Acheter des produits qu\u00e9b\u00e9cois est rapide et facile avec des ballons imprim\u00e9s personnalis\u00e9s. Ajoutez du drame, de la couleur, du style et de l\u2019\u00e9nergie \u00e0 tout \u00e9v\u00e9nement avec des ballons.<\/p>\n<p>Qu\u2019il s\u2019agisse d\u2019une lev\u00e9e de fonds ou de l\u2019ouverture d\u2019un nouvel emplacement, les ballons sont un moyen rentable d\u2019attirer l\u2019attention de vos clients. De plus, nos ballons en latex naturel sont \u00e9cologiques. Nous pouvons convenir aux couleurs Pantone et nous offrons la plus grande impression de logo sur ballon de l\u2019industrie. Avec des ballons personnalis\u00e9s, chacun de vos \u00e9v\u00e9nements sera m\u00e9morable.<\/p>\n<p class=\"big\">Appelez-nous et commen\u00e7ons la promotion de votre \u00e9v\u00e9nement.<\/p>\n[\/vc_column_text][\/vc_column][\/vc_row][vc_row el_class=\u00a0\u00bbhome-block7&Prime;][vc_column][vc_column_text css=\u00a0\u00bb.vc_custom_1668070568457{margin-bottom: 0px !important;}\u00a0\u00bb]\n<p style=\"text-align: center;\"><div class=\"wp-block-button pbutton alt blue-button\"><a class=\"wp-block-button__link blue-button\" href=\"https:\/\/csaballoons.com\/fr\/demande-de-prix\/\" target=\"\"><strong> Demande de Prix <\/strong><\/a><\/div>\n[\/vc_column_text][\/vc_column][\/vc_row][vc_row el_class=\u00a0\u00bbhome-block8&Prime;][vc_column][vc_single_image image=\u00a0\u00bb5466&Prime; img_size=\u00a0\u00bbfull\u00a0\u00bb el_class=\u00a0\u00bbcsa-balloon-banner\u00a0\u00bb][vc_single_image image=\u00a0\u00bb5415&Prime; img_size=\u00a0\u00bbfull\u00a0\u00bb el_class=\u00a0\u00bbcsa-confetti\u00a0\u00bb][vc_column_text css=\u00a0\u00bb.vc_custom_1668070580451{margin-bottom: 0px !important;}\u00a0\u00bb]\n<h2 style=\"text-align: center;\"><strong>Les ballons personnalis\u00e9s de Montr\u00e9al<\/strong><\/h2>\n<p>Pour tous vos \u00e9v\u00e9nements \u00e0 Montr\u00e9al, annoncez efficacement vos messages promotionnels ou corporatifs avec nos ballons imprim\u00e9s enti\u00e8rement personnalis\u00e9s!<\/p>\n<p>Les ballons personnalis\u00e9s sont parfaits pour les f\u00eates d\u2019entreprise, les promotions et grandes ventes, les collectes de fonds, les \u00e9v\u00e9nements sportifs, et bien plus encore.<\/p>\n<p>Notre imprimerie de Boucherville, imprimera le logo de votre entreprise sur jusqu\u2019\u00e0 20 000 ballons en latex de 12 pouces en un jour. D\u2019autres\u00a0<a href=\"https:\/\/csaballoons.com\/fr\/charte-couleurs-ballons-personnalises-en-latex\/\">grandeurs de ballons<\/a>\u00a0sont aussi disponibles.<\/p>\n<p>Vos ballons personnalis\u00e9s peuvent \u00eatre imprim\u00e9s et livr\u00e9s partout dans la grande r\u00e9gion de Montr\u00e9al rapidement.<\/p>\n<p>Achetez des produits qu\u00e9b\u00e9cois! T\u00e9l\u00e9chargez votre image pour obtenir votre devis gratuit rapidement.<\/p>\n<p style=\"text-align: center;\"><div class=\"wp-block-button pbutton alt blue-button\"><a class=\"wp-block-button__link blue-button\" href=\"https:\/\/csaballoons.com\/fr\/demande-de-prix\/\" target=\"\"><strong> Demande de Prix <\/strong><\/a><\/div>\n[\/vc_column_text][vc_single_image image=\u00a0\u00bb5415&Prime; img_size=\u00a0\u00bbfull\u00a0\u00bb el_class=\u00a0\u00bbcsa-confetti csa-confettiB\u00a0\u00bb][\/vc_column][\/vc_row][vc_row el_class=\u00a0\u00bbhome-block9&Prime;][vc_column width=\u00a0\u00bb1\/2&Prime;][vc_column_text css=\u00a0\u00bb.vc_custom_1668070594562{margin-bottom: 0px !important;}\u00a0\u00bb]\n<h2 class=\"h2b\" style=\"text-align: left;\">La meilleure entreprise d\u2019impression de ballons \u00e0 Montr\u00e9al<\/h2>\n<p>Les entreprises montr\u00e9alaises veulent le meilleur produit de qualit\u00e9 pour leur budget et nos ballons sont magnifiques\u00a0: ils cr\u00e9ent du drame et ajoutent des optiques int\u00e9ressantes aux images \u00e0 partager sur les m\u00e9dias sociaux. Les gestionnaires d\u2019\u00e9v\u00e9nements appr\u00e9cient notre service rapide, notre service \u00e0 la client\u00e8le est incomparable et notre service de livraison est fiable.<\/p>\n<p><a href=\"https:\/\/csaballoons.com\/fr\/contact\/\">Communiquez avec la meilleure entreprise d\u2019impression de ballons personnalis\u00e9s de Montr\u00e9al<\/a>.<\/p>\n<h2 class=\"red\" style=\"text-align: center;\">Commandez vos ballons personnalis\u00e9s<br \/>\naujourd\u2019hui<\/h2>\n[\/vc_column_text][\/vc_column][vc_column width=\u00a0\u00bb1\/2&Prime;][vc_single_image image=\u00a0\u00bb5468&Prime; img_size=\u00a0\u00bbfull\u00a0\u00bb el_class=\u00a0\u00bbcsa-balloon-banner\u00a0\u00bb][\/vc_column][\/vc_row][vc_row el_class=\u00a0\u00bbcsa-infolettre\u00a0\u00bb][vc_column][vc_column_text css=\u00a0\u00bb.vc_custom_1615320958405{margin-bottom: 0px !important;}\u00a0\u00bb]\n<h2>Inscription \u00e0 notre infolettre<\/h2>\n<div role=\"form\" class=\"wpcf7\" id=\"wpcf7-f5438-o1\" lang=\"en-US\" dir=\"ltr\">\n<div class=\"screen-reader-response\"><p role=\"status\" aria-live=\"polite\" aria-atomic=\"true\"><\/p> <ul><\/ul><\/div>\n<form action=\"\/fr\/wp-json\/wp\/v2\/pages\/3298#wpcf7-f5438-o1\" method=\"post\" class=\"wpcf7-form init\" novalidate=\"novalidate\" data-status=\"init\">\n<div style=\"display: none;\">\n<input type=\"hidden\" name=\"_wpcf7\" value=\"5438\" \/>\n<input type=\"hidden\" name=\"_wpcf7_version\" value=\"5.5.6.1\" \/>\n<input type=\"hidden\" name=\"_wpcf7_locale\" value=\"en_US\" \/>\n<input type=\"hidden\" name=\"_wpcf7_unit_tag\" value=\"wpcf7-f5438-o1\" \/>\n<input type=\"hidden\" name=\"_wpcf7_container_post\" value=\"0\" \/>\n<input type=\"hidden\" name=\"_wpcf7_posted_data_hash\" value=\"\" \/>\n<\/div>\n<div class=\"crow\"><span class=\"wpcf7-form-control-wrap your-last\"><input type=\"text\" name=\"your-last\" value=\"\" size=\"40\" class=\"wpcf7-form-control wpcf7-text wpcf7-validates-as-required\" aria-required=\"true\" aria-invalid=\"false\" placeholder=\"Votre nom\" \/><\/span><span class=\"wpcf7-form-control-wrap your-email\"><input type=\"email\" name=\"your-email\" value=\"\" size=\"40\" class=\"wpcf7-form-control wpcf7-text wpcf7-email wpcf7-validates-as-required wpcf7-validates-as-email\" aria-required=\"true\" aria-invalid=\"false\" placeholder=\"Votre courriel\" \/><\/span>\n<div class=\"cbutton\"><input type=\"submit\" value=\"Je m\u2019inscris\" class=\"wpcf7-form-control has-spinner wpcf7-submit\" \/><\/div>\n<\/div>\n<input type=\"hidden\" id=\"ct_checkjs_cf7_41ae36ecb9b3eee609d05b90c14222fb\" name=\"ct_checkjs_cf7\" value=\"0\" \/><input\n                    class=\"apbct_special_field apbct_email_id__wp_contact_form_7\"\n                    name=\"apbct__email_id__wp_contact_form_7\"\n                    aria-label=\"apbct__label_id__wp_contact_form_7\"\n                    type=\"text\" size=\"30\" maxlength=\"200\" autocomplete=\"off\"\n                    value=\"\"\n                \/><div class=\"wpcf7-response-output\" aria-hidden=\"true\"><\/div><\/form><\/div>[\/vc_column_text][\/vc_column][\/vc_row]\n","protected":false},"excerpt":{"rendered":"<p>[vc_row el_class=\u00a0\u00bbhome-header\u00a0\u00bb][vc_column el_class=\u00a0\u00bbhome-slider-header\u00a0\u00bb][mk_fullwidth_slideshow images=\u00a0\u00bb5406&Prime;][\/vc_column][vc_column el_class=\u00a0\u00bbheader-text\u00a0\u00bb][vc_column_text css=\u00a0\u00bb.vc_custom_1648672105910{margin-bottom: 0px !important;}\u00a0\u00bb]Ballons Personnalis\u00e9s \u00e0 Montr\u00e9al [\/vc_column_text][\/vc_column][\/vc_row][vc_row el_class=\u00a0\u00bbhome-block1&Prime;][vc_column][vc_raw_html]JTVCaG9tZS1zbGlkZXIlMjBpZHMlM0QlMjI2MjQ4JTJDNjI0OSUyQzYyNTAlMkM2MjUxJTJDNjI1MiUyQzYyNTMlMkM2MjU0JTJDNjI1NSUyQzYyNTYlMkM2MjU3JTJDNjI1OCUyQzYyNTklMkM2MjYwJTJDNjI2MSUyQzYyNjIlMkM2MjYzJTJDNjI2NSUyQzYyNjYlMkM2MjY3JTJDNjI2OCUyQzYyNjklMkM2MjcwJTJDNjI3MSUyQzYyNzIlMkM2MjczJTJDNjI3NCUyQzYyNzUlMkM2Mjc2JTJDNjI3NyUyQzYyNzglMkM2Mjc5JTJDNjI4MCUyQzYyODElMkM2MjgyJTJDNjI4MyUyQzYyODQlMkM2Mjg1JTJDNjI4NiUyQzYyODclMkM2Mjg4JTJDNjI4OSUyQzYyOTAlMkM2MjkxJTJDNjI5MiUyQzYyOTMlMkM2Mjk0JTJDNjI5NSUyQzYyOTYlMkM2Mjk3JTJDNjI5OCUyQzYyOTklMkM2MzAwJTJDNjMwMSUyQzYzMDIlMkM2MzAzJTJDNjMwNCUyQzYzMDUlMkM2MzA2JTJDNjMwNyUyQzYzMDglMkM2MzA5JTJDNjMxMCUyQzYzMTElMkM2MzEyJTJDNjMxMyUyQzYzMTQlMkM2MzE1JTJDNjMxNiUyQzYzMTclMkM2MzE4JTJDNjMxOSUyQzYzMjAlMkM2MzIxJTJDNjMyMiUyQzYzMjMlMkM2MzI0JTJDNjMyNSUyQzYzMjYlMkM2MzI3JTJDNjMyOCUyQzYzMjklMkM2MzMwJTJDNjMzMSUyQzYzMzIlMkM2MzMzJTJDNjMzNSUyQzYzMzYlMkM2MzM3JTJDNjMzOSUyQzYzNDElMkM2MzQyJTJDNjM0MyUyQzYzNDQlMkM2MzQ1JTJDNjM0NiUyQzYzNDclMkM2MzQ4JTJDNjM0OSUyQzYzNTAlMkM2MzUxJTJDNjM1MiUyQzYzNTMlMkM2MzU0JTJDNjM1NSUyQzYzNTYlMkM2MzU3JTJDNjM1OCUyQzYzNTklMkM2MzYwJTJDNjM2MSUyQzYzNjIlMkM2MzYzJTJDNjM2NCUyQzYzNjUlMkM2MzY2JTJDNjM2NyUyQzYzNjglMkM2MzY5JTJDNjM3MCUyQzYzNzElMkM2MzcyJTJDNjM3MyUyQzYzNzQlMkM2Mzc1JTJDNjM3NiUyQzYzNzclMkM2Mzc4JTJDNjM3OSUyQzYzODAlMkM2MzgxJTIyJTVE[\/vc_raw_html][vc_column_text css=\u00a0\u00bb.vc_custom_1645650773900{margin-bottom: 0px !important;}\u00a0\u00bb] Ballons Personnalis\u00e9s \u00e0 Montr\u00e9al Nous imprimons des ballons personnalis\u00e9s avec des logos d\u2019entreprise et des messages promotionnels dans notre imprimerie de Boucherville, situ\u00e9e sur la Rive-Sud de Montr\u00e9al. Nous sommes le chef de file de l\u2019impression de ballons personnalis\u00e9s [&hellip;]<\/p>\n","protected":false},"author":3,"featured_media":0,"parent":0,"menu_order":0,"comment_status":"closed","ping_status":"closed","template":"page-csa.php","meta":{"_monsterinsights_skip_tracking":false,"_monsterinsights_sitenote_active":false,"_monsterinsights_sitenote_note":"","_monsterinsights_sitenote_category":0},"_links":{"self":[{"href":"https:\/\/csaballoons.com\/fr\/wp-json\/wp\/v2\/pages\/3298"}],"collection":[{"href":"https:\/\/csaballoons.com\/fr\/wp-json\/wp\/v2\/pages"}],"about":[{"href":"https:\/\/csaballoons.com\/fr\/wp-json\/wp\/v2\/types\/page"}],"author":[{"embeddable":true,"href":"https:\/\/csaballoons.com\/fr\/wp-json\/wp\/v2\/users\/3"}],"replies":[{"embeddable":true,"href":"https:\/\/csaballoons.com\/fr\/wp-json\/wp\/v2\/comments?post=3298"}],"version-history":[{"count":24,"href":"https:\/\/csaballoons.com\/fr\/wp-json\/wp\/v2\/pages\/3298\/revisions"}],"predecessor-version":[{"id":7539,"href":"https:\/\/csaballoons.com\/fr\/wp-json\/wp\/v2\/pages\/3298\/revisions\/7539"}],"wp:attachment":[{"href":"https:\/\/csaballoons.com\/fr\/wp-json\/wp\/v2\/media?parent=3298"}],"curies":[{"name":"wp","href":"https:\/\/api.w.org\/{rel}","templated":true}]}}