{"id":3304,"date":"2018-02-15T22:16:19","date_gmt":"2018-02-15T22:16:19","guid":{"rendered":"https:\/\/csaballoons.com\/?page_id=3304"},"modified":"2023-04-19T17:11:55","modified_gmt":"2023-04-19T17:11:55","slug":"ballons-imprimes-personnalises","status":"publish","type":"page","link":"https:\/\/csaballoons.com\/fr\/ballons-imprimes-personnalises\/","title":{"rendered":"Ballons imprim\u00e9s personnalis\u00e9s"},"content":{"rendered":"[vc_row el_class=\u00a0\u00bbhome-header\u00a0\u00bb][vc_column el_class=\u00a0\u00bbhome-slider-header\u00a0\u00bb][mk_fullwidth_slideshow images=\u00a0\u00bb5406&Prime;][\/vc_column][vc_column el_class=\u00a0\u00bbheader-text\u00a0\u00bb][vc_column_text css=\u00a0\u00bb.vc_custom_1681242516615{margin-bottom: 0px !important;}\u00a0\u00bb]Ballons personnalis\u00e9s<\/p>\n\t\t\t\t\t<h3 class=\"since_texte\"><span class=\"font_un\">Depuis<\/span> <span class=\"font_deux\">2001<\/span><\/h3>\n\t\t<div id=\"ensem_trois_bouton\">\n\t\t\t<a href=\"https:\/\/csaballoons.com\/fr\/demande-de-prix\/\" class=\"bton_un\">Demander un devis<\/a>\n\t\t\t<a href=\"https:\/\/csaballoons.com\/fr\/commande\/\" class=\"bton_deux\">Commandes en ligne, 5% de rabais<\/a>\n\t\t\t<a href=\"https:\/\/csaballoons.com\/fr\/contact\/\" class=\"bton_trois\">Contact rapide<\/a>\n\t\t<\/div>\n\t\t\t\t\t\n\t\t[\/vc_column_text][\/vc_column][\/vc_row][vc_row el_class=\u00a0\u00bbhome-block1&Prime;][vc_column][vc_raw_html]JTVCaG9tZS1zbGlkZXIlMjBpZHMlM0QlMjI2MjQ4JTJDNjI0OSUyQzYyNTAlMkM2MjUxJTJDNjI1MiUyQzYyNTMlMkM2MjU0JTJDNjI1NSUyQzYyNTYlMkM2MjU3JTJDNjI1OCUyQzYyNTklMkM2MjYwJTJDNjI2MSUyQzYyNjIlMkM2MjYzJTJDNjI2NSUyQzYyNjYlMkM2MjY3JTJDNjI2OCUyQzYyNjklMkM2MjcwJTJDNjI3MSUyQzYyNzIlMkM2MjczJTJDNjI3NCUyQzYyNzUlMkM2Mjc2JTJDNjI3NyUyQzYyNzglMkM2Mjc5JTJDNjI4MCUyQzYyODElMkM2MjgyJTJDNjI4MyUyQzYyODQlMkM2Mjg1JTJDNjI4NiUyQzYyODclMkM2Mjg4JTJDNjI4OSUyQzYyOTAlMkM2MjkxJTJDNjI5MiUyQzYyOTMlMkM2Mjk0JTJDNjI5NSUyQzYyOTYlMkM2Mjk3JTJDNjI5OCUyQzYyOTklMkM2MzAwJTJDNjMwMSUyQzYzMDIlMkM2MzAzJTJDNjMwNCUyQzYzMDUlMkM2MzA2JTJDNjMwNyUyQzYzMDglMkM2MzA5JTJDNjMxMCUyQzYzMTElMkM2MzEyJTJDNjMxMyUyQzYzMTQlMkM2MzE1JTJDNjMxNiUyQzYzMTclMkM2MzE4JTJDNjMxOSUyQzYzMjAlMkM2MzIxJTJDNjMyMiUyQzYzMjMlMkM2MzI0JTJDNjMyNSUyQzYzMjYlMkM2MzI3JTJDNjMyOCUyQzYzMjklMkM2MzMwJTJDNjMzMSUyQzYzMzIlMkM2MzMzJTJDNjMzNSUyQzYzMzYlMkM2MzM3JTJDNjMzOSUyQzYzNDElMkM2MzQyJTJDNjM0MyUyQzYzNDQlMkM2MzQ1JTJDNjM0NiUyQzYzNDclMkM2MzQ4JTJDNjM0OSUyQzYzNTAlMkM2MzUxJTJDNjM1MiUyQzYzNTMlMkM2MzU0JTJDNjM1NSUyQzYzNTYlMkM2MzU3JTJDNjM1OCUyQzYzNTklMkM2MzYwJTJDNjM2MSUyQzYzNjIlMkM2MzYzJTJDNjM2NCUyQzYzNjUlMkM2MzY2JTJDNjM2NyUyQzYzNjglMkM2MzY5JTJDNjM3MCUyQzYzNzElMkM2MzcyJTJDNjM3MyUyQzYzNzQlMkM2Mzc1JTJDNjM3NiUyQzYzNzclMkM2Mzc4JTJDNjM3OSUyQzYzODAlMkM2MzgxJTIyJTVE[\/vc_raw_html][vc_column_text css=\u00a0\u00bb.vc_custom_1681242581717{margin-bottom: 0px !important;}\u00a0\u00bb]\n<h2 style=\"text-align: center;\">Ballons personnalis\u00e9s<\/h2>\n<h3 style=\"text-align: center;\">Un moyen efficace de communiquer votre marque<\/h3>\n<p style=\"text-align: center;\">Les ballons personnalis\u00e9s sont plus populaires que jamais. Les entreprises, les promoteurs d\u2019\u00e9v\u00e9nements, les organisations gouvernementales et m\u00eame les politiciens utilisent des ballons personnalis\u00e9s pour transmettre leur message. Quand les gens voient des ballons, ils les associent imm\u00e9diatement \u00e0 un \u00e9v\u00e9nement sp\u00e9cial. Pour une grande ouverture, un \u00e9v\u00e9nement de vente ou une collecte de fonds communautaire, les ballons personnalis\u00e9s attirent l\u2019attention sur votre marque et ils ne demandent que tr\u00e8s peu d\u2019investissement initial.<\/p>\n<p style=\"text-align: center;\">Depuis plus de 20 ans, Ballons CSA a aid\u00e9 des milliers d\u2019entreprises, grandes et petites, \u00e0 utiliser des ballons personnalis\u00e9s pour promouvoir leurs services ou produits. Nos ballons ont contribu\u00e9 \u00e0 la promotion de grandes marques telles que McDonald\u2019s, Coca-Cola, L\u2019Or\u00e9al et Dove. Nous avons fabriqu\u00e9 des ballons personnalis\u00e9s pour des campagnes politiques majeures, ainsi que des \u00e9v\u00e9nements communautaires, r\u00e9gionaux et m\u00eame nationaux. Nous sommes le premier imprimeur de ballons personnalis\u00e9s en Am\u00e9rique du Nord. Laissez-nous vous aider \u00e0 afficher votre marque avec nos produits de qualit\u00e9 sup\u00e9rieure. <a href=\"https:\/\/csaballoons.com\/fr\/contact\/\">Contactez Ballons CSA aujourd\u2019hui<\/a>.<\/p>\n[\/vc_column_text][vc_single_image image=\u00a0\u00bb5415&Prime; img_size=\u00a0\u00bbfull\u00a0\u00bb el_class=\u00a0\u00bbcsa-confetti\u00a0\u00bb][\/vc_column][\/vc_row][vc_row el_class=\u00a0\u00bbhome-block2&Prime;][vc_column][vc_raw_html]JTNDaDIlMjBjbGFzcyUzRCUyMnByb2R0aXRsZUIlMjIlM0UlMEElM0NhJTIwaHJlZiUzRCUyMiUyRmNvbW1lbnQtc29udC1mYWJyaXF1ZXMtbGVzLWJhbGxvbnMtZW4tbGF0ZXgtbmF0dXJlbCUyRiUyMiUzRSUzQ2ltZyUyMHNyYyUzRCUyMiUyRndwLWNvbnRlbnQlMkZ1cGxvYWRzJTJGMjAyMSUyRjAzJTJGY3NhLWJpb2ZyLTItMTI1eDEyNS1zLnBuZyUyMiUyMCUyRiUzRSUzQyUyRmElM0UlMEElM0NzcGFuJTNFQ29tcGwlQzMlQTl0ZXolMjB2b3RyZSUyMGNvbW1hbmRlJTIwZGUlMjBiYWxsb25zJTNDYnIlM0UlMEFwZXJzb25uYWxpcyVDMyVBOXMlMjBlbiUyMGxpZ25lJTIwZXQlMjBvYnRlbmV6JTIwJTNDc3Ryb25nJTNFNSUyNSUzQyUyRnN0cm9uZyUzRSUyMGRlJTIwcmFiYWlzLiUzQyUyRnNwYW4lM0UlMEElM0NhJTIwaHJlZiUzRCUyMiUyRmNvbW1lbnQtc29udC1mYWJyaXF1ZXMtbGVzLWJhbGxvbnMtZW4tbGF0ZXgtbmF0dXJlbCUyRiUyMiUzRSUzQ2ltZyUyMHNyYyUzRCUyMiUyRndwLWNvbnRlbnQlMkZ1cGxvYWRzJTJGMjAyMSUyRjAzJTJGY3NhLWJpb2ZyLTItMTI1eDEyNS1zLnBuZyUyMiUyMCUyRiUzRSUzQyUyRmElM0UlMEElM0MlMkZoMiUzRQ==[\/vc_raw_html][vc_column_text css=\u00a0\u00bb.vc_custom_1645619628705{margin-bottom: 40px !important;}\u00a0\u00bb]\n            <div class=\"products-home\" isapp=\"\">\n                                <!-- <h2>\n                    <img src=\"\/wp-content\/uploads\/2021\/03\/csa-biofr-2-125x125-s.png\">\n                    <img src=\"\/wp-content\/uploads\/2021\/03\/csa-biofr-2-125x125-s.png\">\n                    <img src=\"\/wp-content\/uploads\/2021\/03\/csa-biofr-2-125x125-s.png\">\n                    <span>\n                                        <\/span>\n                    <img src=\"\/wp-content\/uploads\/2021\/03\/csa-biofr-2-125x125-s.png\">\n                    <img src=\"\/wp-content\/uploads\/2021\/03\/csa-biofr-2-125x125-s.png\">\n                    <img src=\"\/wp-content\/uploads\/2021\/03\/csa-biofr-2-125x125-s.png\">\n                <\/h2> -->\n                                <div class=\"products-home-block\">\n                                                    <a href=\"commande\/\/#latex-12\">\n                                    <img src=\"https:\/\/csaballoons.com\/wp-content\/uploads\/2021\/03\/csa-products-balloons-1.png\" alt=\"Latex 12\u201d\">\n                                    <h2>Latex 12\u201d<\/h2>\n                                <\/a>\n                                                            <a href=\"commande\/\/#latex-16\">\n                                    <img src=\"https:\/\/csaballoons.com\/wp-content\/uploads\/2021\/03\/csa-products-balloons-2.png\" alt=\"Latex 16\u201d\">\n                                    <h2>Latex 16\u201d<\/h2>\n                                <\/a>\n                                                            <a href=\"commande\/\/#latex-24\">\n                                    <img src=\"https:\/\/csaballoons.com\/wp-content\/uploads\/2021\/03\/csa-products-balloons-3.png\" alt=\"Latex 24\u201d\">\n                                    <h2>Latex 24\u201d<\/h2>\n                                <\/a>\n                                                            <a href=\"commande\/\/#latex-36\">\n                                    <img src=\"https:\/\/csaballoons.com\/wp-content\/uploads\/2021\/03\/csa-products-balloons-4.png\" alt=\"Latex 36\u201d\">\n                                    <h2>Latex 36\u201d<\/h2>\n                                <\/a>\n                                                            <a href=\"commande\/\/#round-foil\">\n                                    <img src=\"https:\/\/csaballoons.com\/wp-content\/uploads\/2021\/03\/csa-products-balloons-6.png\" alt=\"18\u201d Round Foil\">\n                                    <h2>Mylar Rond 18\u201d<\/h2>\n                                <\/a>\n                                                            <a href=\"commande\/\/#heart-foil\">\n                                    <img src=\"https:\/\/csaballoons.com\/wp-content\/uploads\/2021\/03\/csa-products-balloons-7.png\" alt=\"18\u201d Heart Foil\">\n                                    <h2>Mylar Coeur 18\u201d<\/h2>\n                                <\/a>\n                                                            <a href=\"commande\/\/#star-foil\">\n                                    <img src=\"https:\/\/csaballoons.com\/wp-content\/uploads\/2021\/03\/csa-products-balloons-8.png\" alt=\"18\u201d Star Foil\">\n                                    <h2>Mylar \u00c9toile 18\u201d<\/h2>\n                                <\/a>\n                                            <\/div>\n            <\/div>\n        \n        \n[\/vc_column_text][vc_column_text css=\u00a0\u00bb.vc_custom_1681924310380{margin-bottom: 0px !important;}\u00a0\u00bb]<div class=\"wp-block-button pbutton alt blue-button\"><a class=\"wp-block-button__link blue-button\" href=\"https:\/\/csaballoons.com\/fr\/devis\/\" target=\"\"><strong> Demander une Soumission <\/strong><\/a><\/div>[\/vc_column_text][vc_single_image image=\u00a0\u00bb5447&Prime; img_size=\u00a0\u00bbfull\u00a0\u00bb el_class=\u00a0\u00bbcsa-roundbox\u00a0\u00bb][\/vc_column][\/vc_row][vc_row el_class=\u00a0\u00bbhome-block6&Prime;][vc_column width=\u00a0\u00bb1\/2&Prime;][vc_column_text css=\u00a0\u00bb.vc_custom_1681242631742{margin-bottom: 0px !important;}\u00a0\u00bb]\n<h2>Les ballons personnalis\u00e9s sont parfaits pour les \u00e9v\u00e9nements d\u2019affaires<\/h2>\n<p>Que vous organisiez un \u00e9v\u00e9nement promotionnel ou commercial, une collecte de fonds, une r\u00e9union d\u2019entreprise ou tout autre type d\u2019\u00e9v\u00e9nement, les ballons personnalis\u00e9s sont le moyen id\u00e9al pour attirer l\u2019attention et rendre votre moment m\u00e9morable. Chez Ballons CSA, nous nous engageons \u00e0 faire en sorte que nos clients re\u00e7oivent les meilleurs ballons. Nous savons combien de travail et d\u2019investissements sont consacr\u00e9s \u00e0 la planification d\u2019\u00e9v\u00e9nements et de r\u00e9unions d\u2019affaires, et nous voulons vous aider \u00e0 ravir vos invit\u00e9s et clients potentiels.<\/p>\n<p>Ballons CSA peut vous aider \u00e0 diffuser vos messages promotionnels ou d\u2019entreprise de fa\u00e7on efficace avec nos ballons d\u2019impression personnalis\u00e9e. Quelle que soit la taille de votre \u00e9v\u00e9nement, nous r\u00e9pondons \u00e0 vos exigences avec pr\u00e9cision.<\/p>\n<p>Nos produits sont r\u00e9put\u00e9s pour leur qualit\u00e9, leur clart\u00e9, leur pr\u00e9cision et pour leur taille d\u2019impression, qui est sup\u00e9rieure \u00e0 la comp\u00e9tition. Obtenez le meilleur pour votre prochain \u00e9v\u00e9nement d\u2019affaires. Commandez des ballons personnalis\u00e9s aujourd\u2019hui.[\/vc_column_text][\/vc_column][vc_column width=\u00a0\u00bb1\/2&Prime;][vc_single_image image=\u00a0\u00bb7812&Prime; img_size=\u00a0\u00bbfull\u00a0\u00bb][\/vc_column][\/vc_row][vc_row el_class=\u00a0\u00bbhome-block6&Prime;][vc_column width=\u00a0\u00bb1\/2&Prime;][vc_video link=\u00a0\u00bbhttps:\/\/www.youtube.com\/watch?v=XiEPBnHs9sE\u00a0\u00bb][\/vc_column][vc_column width=\u00a0\u00bb1\/2&Prime;][vc_column_text css=\u00a0\u00bb.vc_custom_1681242687649{margin-bottom: 0px !important;}\u00a0\u00bb]\n<h2>Les ballons personnalis\u00e9s:<br \/>\nUne partie essentielle \u00e0 la r\u00e9ussite du d\u00e9veloppement d\u2019une marque<\/h2>\n<h4>Poussez l\u2019image de votre marque. Imprimez votre logo sur des ballons.<\/h4>\n<p>La communication visuelle (le message que votre entreprise transmet visuellement) est une partie essentielle dans la strat\u00e9gie du d\u00e9veloppement d\u2019une image de marque. Les marques les plus prosp\u00e8res au monde investissent beaucoup de temps et d\u2019argent dans la fa\u00e7on dont elles se pr\u00e9sentent visuellement. La plupart choisissent des ballons personnalis\u00e9s pour pr\u00e9senter leur marque lors d\u2019\u00e9v\u00e9nements ou pour les distribuer comme cadeaux promotionnels.<\/p>\n<p>Chez Ballons CSA, nous savons comment impressionner votre march\u00e9 cible. Nos \u00e9quipements ultramodernes nous permettent d\u2019imprimer n\u2019importe quelle <a href=\"https:\/\/csaballoons.com\/fr\/ballons-personnalises-en-latex\/\">image sur des ballons<\/a>, et l\u2019image sera reproduite parfaitement. De plus, avec CSA, la taille de l\u2019impression sur ballon est la plus grande dans l\u2019industrie. Nous d\u00e9sirons repr\u00e9senter votre marque \u00e0 la perfection, afin qu\u2019\u00e0 travers nos ballons personnalis\u00e9s, vos futurs clients sauront qu\u2019ils pourront s\u2019attendre au meilleur de vos produits et services.<\/p>\n[\/vc_column_text][\/vc_column][\/vc_row][vc_row el_class=\u00a0\u00bbhome-block6&Prime;][vc_column width=\u00a0\u00bb1\/2&Prime;][vc_column_text css=\u00a0\u00bb.vc_custom_1681242736844{margin-bottom: 0px !important;}\u00a0\u00bb]\n<h2>Possibilit\u00e9s illimit\u00e9es: Types de ballons personnalis\u00e9s<\/h2>\n<p>Chez Ballons CSA, nous pouvons reproduire une impression personnalis\u00e9e de qualit\u00e9 sup\u00e9rieure sur des ballons en latex ou en Mylar.<\/p>\n<p>Tous nos produits sont 100% naturels, biod\u00e9gradables et recyclables. Bien que les deux types de ballons aient un impact remarquable et puissent s\u2019adapter \u00e0 n\u2019importe quel \u00e9v\u00e9nement ou occasion, chacun a ses propres avantages.<\/p>\n<p>D\u00e9couvrez les avantages des ballons en latex et Mylar et choisissez le type de ballon personnalis\u00e9 qui correspond \u00e0 vos besoins. Notre \u00e9quipe est pr\u00eate \u00e0 vous aider \u00e0 faire le bon choix pour votre \u00e9v\u00e9nement.<\/p>\n[\/vc_column_text][\/vc_column][vc_column width=\u00a0\u00bb1\/2&Prime;][vc_single_image image=\u00a0\u00bb2772&Prime; img_size=\u00a0\u00bbfull\u00a0\u00bb][\/vc_column][\/vc_row][vc_row el_class=\u00a0\u00bbhome-block6&Prime;][vc_column width=\u00a0\u00bb1\/2&Prime;][vc_single_image image=\u00a0\u00bb7681&Prime; img_size=\u00a0\u00bbfull\u00a0\u00bb alignment=\u00a0\u00bbcenter\u00a0\u00bb][\/vc_column][vc_column width=\u00a0\u00bb1\/2&Prime;][vc_column_text css=\u00a0\u00bb.vc_custom_1681242771512{margin-bottom: 0px !important;}\u00a0\u00bb]\n<h2>Ballons en latex: Un choix simple et de toute beaut\u00e9<\/h2>\n<p>Un des choix les plus populaires dans l\u2019impression de ballons personnalis\u00e9s, les ballons en latex personnalis\u00e9s sont \u00e9conomiques, disponibles dans une multitude de couleurs, de tailles et de finitions, et ils sont \u00e9galement tr\u00e8s faciles \u00e0 installer. Le choix num\u00e9ro un pour les d\u00e9corateurs de ballons et les artistes de ballons, les ballons en latex sont une bonne option si vous voulez inclure vos ballons personnalis\u00e9s dans un d\u00e9cor sp\u00e9cifique, tel que des arches de ballon, des colonnes, etc.<\/p>\n<p>Fabriqu\u00e9 \u00e0 partir de latex 100% naturel (substance laiteuse provenant de l\u2019arbre Hevea), les ballons en latex se biod\u00e9graderont rapidement sans nuire \u00e0 l\u2019environnement. Si votre entreprise soutient des initiatives qui r\u00e9duisent le r\u00e9chauffement climatique, ce produit est bon pour vous.<\/p>\n<p><a href=\"https:\/\/csaballoons.com\/fr\/devis\/\">Demander un devis pour des ballons en latex personnalis\u00e9s aujourd\u2019hui!<\/a><\/p>\n[\/vc_column_text][\/vc_column][\/vc_row][vc_row el_class=\u00a0\u00bbhome-block7&Prime;][vc_column][vc_column_text css=\u00a0\u00bb.vc_custom_1681924297760{margin-bottom: 0px !important;}\u00a0\u00bb]<div class=\"wp-block-button pbutton alt blue-button\"><a class=\"wp-block-button__link blue-button\" href=\"https:\/\/csaballoons.com\/fr\/devis\/\" target=\"\"><strong> Demander une Soumission <\/strong><\/a><\/div>[\/vc_column_text][\/vc_column][\/vc_row][vc_row el_class=\u00a0\u00bbhome-block8&Prime;][vc_column][vc_single_image image=\u00a0\u00bb5466&Prime; img_size=\u00a0\u00bbfull\u00a0\u00bb el_class=\u00a0\u00bbcsa-balloon-banner\u00a0\u00bb][vc_single_image image=\u00a0\u00bb5415&Prime; img_size=\u00a0\u00bbfull\u00a0\u00bb el_class=\u00a0\u00bbcsa-confetti\u00a0\u00bb][vc_column_text align=\u00a0\u00bbcenter\u00a0\u00bb css=\u00a0\u00bb.vc_custom_1681242833091{margin-bottom: 0px !important;}\u00a0\u00bb]\n<h2>Experts dans l\u2019impression de ballons personnalis\u00e9s<\/h2>\n<p>Si vous recherchez un service d\u2019impression de ballons personnalis\u00e9s hors pair, vous \u00eates au bon endroit. Ballons CSA est un imprimeur de confiance. Nous avons l\u2019exp\u00e9rience et les connaissances n\u00e9cessaires pour faire de votre \u00e9v\u00e9nement, une occasion remarquable.<\/p>\n<p>Nous sommes les leaders de l\u2019industrie de l\u2019impression de ballons personnalis\u00e9s depuis plus de 20 ans. Laissez-nous vous montrer ce que nous pouvons faire pour que votre prochain \u00e9v\u00e9nement soit un succ\u00e8s.<\/p>\n<p>Contactez les experts en impression de ballons personnalis\u00e9s aujourd\u2019hui.<\/p>\n[\/vc_column_text][vc_single_image image=\u00a0\u00bb5415&Prime; img_size=\u00a0\u00bbfull\u00a0\u00bb el_class=\u00a0\u00bbcsa-confetti csa-confettiB\u00a0\u00bb][\/vc_column][\/vc_row][vc_row el_class=\u00a0\u00bbhome-block6&Prime;][vc_column width=\u00a0\u00bb1\/2&Prime;][vc_column_text css=\u00a0\u00bb.vc_custom_1681242800629{margin-bottom: 0px !important;}\u00a0\u00bb]\n<h2>Ballons en Mylar: Color\u00e9ment remarquables!<\/h2>\n<p>Vifs et color\u00e9s, les <a href=\"https:\/\/csaballoons.com\/fr\/ballons-personnalises-en-mylar\/\">ballons en Mylar<\/a> sont de v\u00e9ritables accrocheurs. Leur finition permet une impression remarquablement impeccable et un design multicolore et flamboyant.<\/p>\n<p>Si vous cherchez \u00e0 cr\u00e9er une ambiance dynamique et anim\u00e9e, les ballons en Mylar d\u2019impression personnalis\u00e9e sont parfaits pour vous.<\/p>\n<p>Les ballons en Mylar sont \u00e9galement disponibles dans diverses formes.<\/p>\n<p>L\u2019environnement est une priorit\u00e9 pour vous? Nous aussi. Nos ballons en Mylar sont 100% recyclables.<\/p>\n<p><a href=\"https:\/\/csaballoons.com\/fr\/devis\/\">Demander un devis pour des ballons personnalis\u00e9s en Mylar aujourd\u2019hui!<\/a><\/p>\n[\/vc_column_text][\/vc_column][vc_column width=\u00a0\u00bb1\/2&Prime;][vc_single_image image=\u00a0\u00bb7678&Prime; img_size=\u00a0\u00bbfull\u00a0\u00bb alignment=\u00a0\u00bbcenter\u00a0\u00bb][\/vc_column][\/vc_row][vc_row el_class=\u00a0\u00bbcsa-infolettre\u00a0\u00bb][vc_column][vc_column_text css=\u00a0\u00bb.vc_custom_1681330714738{margin-bottom: 0px !important;}\u00a0\u00bb]\n<h2>Inscription \u00e0 notre infolettre<\/h2>\n<div role=\"form\" class=\"wpcf7\" id=\"wpcf7-f5438-o1\" lang=\"en-US\" dir=\"ltr\">\n<div class=\"screen-reader-response\"><p role=\"status\" aria-live=\"polite\" aria-atomic=\"true\"><\/p> <ul><\/ul><\/div>\n<form action=\"\/fr\/wp-json\/wp\/v2\/pages\/3304#wpcf7-f5438-o1\" method=\"post\" class=\"wpcf7-form init\" novalidate=\"novalidate\" data-status=\"init\">\n<div style=\"display: none;\">\n<input type=\"hidden\" name=\"_wpcf7\" value=\"5438\" \/>\n<input type=\"hidden\" name=\"_wpcf7_version\" value=\"5.5.6.1\" \/>\n<input type=\"hidden\" name=\"_wpcf7_locale\" value=\"en_US\" \/>\n<input type=\"hidden\" name=\"_wpcf7_unit_tag\" value=\"wpcf7-f5438-o1\" \/>\n<input type=\"hidden\" name=\"_wpcf7_container_post\" value=\"0\" \/>\n<input type=\"hidden\" name=\"_wpcf7_posted_data_hash\" value=\"\" \/>\n<\/div>\n<div class=\"crow\"><span class=\"wpcf7-form-control-wrap your-last\"><input type=\"text\" name=\"your-last\" value=\"\" size=\"40\" class=\"wpcf7-form-control wpcf7-text wpcf7-validates-as-required\" aria-required=\"true\" aria-invalid=\"false\" placeholder=\"Votre nom\" \/><\/span><span class=\"wpcf7-form-control-wrap your-email\"><input type=\"email\" name=\"your-email\" value=\"\" size=\"40\" class=\"wpcf7-form-control wpcf7-text wpcf7-email wpcf7-validates-as-required wpcf7-validates-as-email\" aria-required=\"true\" aria-invalid=\"false\" placeholder=\"Votre courriel\" \/><\/span>\n<div class=\"cbutton\"><input type=\"submit\" value=\"Je m\u2019inscris\" class=\"wpcf7-form-control has-spinner wpcf7-submit\" \/><\/div>\n<\/div>\n<input type=\"hidden\" id=\"ct_checkjs_cf7_e555ebe0ce426f7f9b2bef0706315e0c\" name=\"ct_checkjs_cf7\" value=\"0\" \/><input\n                    class=\"apbct_special_field apbct_email_id__wp_contact_form_7\"\n                    name=\"apbct__email_id__wp_contact_form_7\"\n                    aria-label=\"apbct__label_id__wp_contact_form_7\"\n                    type=\"text\" size=\"30\" maxlength=\"200\" autocomplete=\"off\"\n                    value=\"\"\n                \/><div class=\"wpcf7-response-output\" aria-hidden=\"true\"><\/div><\/form><\/div>[\/vc_column_text][\/vc_column][\/vc_row]\n","protected":false},"excerpt":{"rendered":"<p>[vc_row el_class=\u00a0\u00bbhome-header\u00a0\u00bb][vc_column el_class=\u00a0\u00bbhome-slider-header\u00a0\u00bb][mk_fullwidth_slideshow images=\u00a0\u00bb5406&Prime;][\/vc_column][vc_column el_class=\u00a0\u00bbheader-text\u00a0\u00bb][vc_column_text css=\u00a0\u00bb.vc_custom_1681242516615{margin-bottom: 0px !important;}\u00a0\u00bb]Ballons personnalis\u00e9s [\/vc_column_text][\/vc_column][\/vc_row][vc_row el_class=\u00a0\u00bbhome-block1&Prime;][vc_column][vc_raw_html]JTVCaG9tZS1zbGlkZXIlMjBpZHMlM0QlMjI2MjQ4JTJDNjI0OSUyQzYyNTAlMkM2MjUxJTJDNjI1MiUyQzYyNTMlMkM2MjU0JTJDNjI1NSUyQzYyNTYlMkM2MjU3JTJDNjI1OCUyQzYyNTklMkM2MjYwJTJDNjI2MSUyQzYyNjIlMkM2MjYzJTJDNjI2NSUyQzYyNjYlMkM2MjY3JTJDNjI2OCUyQzYyNjklMkM2MjcwJTJDNjI3MSUyQzYyNzIlMkM2MjczJTJDNjI3NCUyQzYyNzUlMkM2Mjc2JTJDNjI3NyUyQzYyNzglMkM2Mjc5JTJDNjI4MCUyQzYyODElMkM2MjgyJTJDNjI4MyUyQzYyODQlMkM2Mjg1JTJDNjI4NiUyQzYyODclMkM2Mjg4JTJDNjI4OSUyQzYyOTAlMkM2MjkxJTJDNjI5MiUyQzYyOTMlMkM2Mjk0JTJDNjI5NSUyQzYyOTYlMkM2Mjk3JTJDNjI5OCUyQzYyOTklMkM2MzAwJTJDNjMwMSUyQzYzMDIlMkM2MzAzJTJDNjMwNCUyQzYzMDUlMkM2MzA2JTJDNjMwNyUyQzYzMDglMkM2MzA5JTJDNjMxMCUyQzYzMTElMkM2MzEyJTJDNjMxMyUyQzYzMTQlMkM2MzE1JTJDNjMxNiUyQzYzMTclMkM2MzE4JTJDNjMxOSUyQzYzMjAlMkM2MzIxJTJDNjMyMiUyQzYzMjMlMkM2MzI0JTJDNjMyNSUyQzYzMjYlMkM2MzI3JTJDNjMyOCUyQzYzMjklMkM2MzMwJTJDNjMzMSUyQzYzMzIlMkM2MzMzJTJDNjMzNSUyQzYzMzYlMkM2MzM3JTJDNjMzOSUyQzYzNDElMkM2MzQyJTJDNjM0MyUyQzYzNDQlMkM2MzQ1JTJDNjM0NiUyQzYzNDclMkM2MzQ4JTJDNjM0OSUyQzYzNTAlMkM2MzUxJTJDNjM1MiUyQzYzNTMlMkM2MzU0JTJDNjM1NSUyQzYzNTYlMkM2MzU3JTJDNjM1OCUyQzYzNTklMkM2MzYwJTJDNjM2MSUyQzYzNjIlMkM2MzYzJTJDNjM2NCUyQzYzNjUlMkM2MzY2JTJDNjM2NyUyQzYzNjglMkM2MzY5JTJDNjM3MCUyQzYzNzElMkM2MzcyJTJDNjM3MyUyQzYzNzQlMkM2Mzc1JTJDNjM3NiUyQzYzNzclMkM2Mzc4JTJDNjM3OSUyQzYzODAlMkM2MzgxJTIyJTVE[\/vc_raw_html][vc_column_text css=\u00a0\u00bb.vc_custom_1681242581717{margin-bottom: 0px !important;}\u00a0\u00bb] Ballons personnalis\u00e9s Un moyen efficace de communiquer votre marque Les ballons personnalis\u00e9s sont plus populaires que jamais. Les entreprises, les promoteurs d\u2019\u00e9v\u00e9nements, les organisations gouvernementales et m\u00eame les politiciens utilisent des ballons personnalis\u00e9s pour transmettre leur message. Quand les gens voient [&hellip;]<\/p>\n","protected":false},"author":3,"featured_media":0,"parent":0,"menu_order":0,"comment_status":"closed","ping_status":"closed","template":"page-csa.php","meta":{"_monsterinsights_skip_tracking":false,"_monsterinsights_sitenote_active":false,"_monsterinsights_sitenote_note":"","_monsterinsights_sitenote_category":0},"_links":{"self":[{"href":"https:\/\/csaballoons.com\/fr\/wp-json\/wp\/v2\/pages\/3304"}],"collection":[{"href":"https:\/\/csaballoons.com\/fr\/wp-json\/wp\/v2\/pages"}],"about":[{"href":"https:\/\/csaballoons.com\/fr\/wp-json\/wp\/v2\/types\/page"}],"author":[{"embeddable":true,"href":"https:\/\/csaballoons.com\/fr\/wp-json\/wp\/v2\/users\/3"}],"replies":[{"embeddable":true,"href":"https:\/\/csaballoons.com\/fr\/wp-json\/wp\/v2\/comments?post=3304"}],"version-history":[{"count":28,"href":"https:\/\/csaballoons.com\/fr\/wp-json\/wp\/v2\/pages\/3304\/revisions"}],"predecessor-version":[{"id":7908,"href":"https:\/\/csaballoons.com\/fr\/wp-json\/wp\/v2\/pages\/3304\/revisions\/7908"}],"wp:attachment":[{"href":"https:\/\/csaballoons.com\/fr\/wp-json\/wp\/v2\/media?parent=3304"}],"curies":[{"name":"wp","href":"https:\/\/api.w.org\/{rel}","templated":true}]}}