{"id":3308,"date":"2018-02-15T22:26:40","date_gmt":"2018-02-15T22:26:40","guid":{"rendered":"https:\/\/csaballoons.com\/?page_id=3308"},"modified":"2018-02-15T22:26:40","modified_gmt":"2018-02-15T22:26:40","slug":"comment-sont-fabriques-les-ballons-en-latex-naturel","status":"publish","type":"page","link":"https:\/\/csaballoons.com\/fr\/comment-sont-fabriques-les-ballons-en-latex-naturel\/","title":{"rendered":"Comment sont fabriqu\u00e9s les ballons en latex naturel"},"content":{"rendered":"[vc_row fullwidth=\u00a0\u00bbtrue\u00a0\u00bb][vc_column][vc_single_image image=\u00a0\u00bb2981&Prime; img_size=\u00a0\u00bbfull\u00a0\u00bb][vc_column_text align=\u00a0\u00bbcenter\u00a0\u00bb css=\u00a0\u00bb.vc_custom_1518733150588{margin-top: -5% !important;margin-bottom: 0px !important;}\u00a0\u00bb]\n<h1>Comment sont fabriqu\u00e9s les ballons en latex naturel<\/h1>\n[\/vc_column_text][\/vc_column][\/vc_row][vc_row fullwidth=\u00a0\u00bbtrue\u00a0\u00bb fullwidth_content=\u00a0\u00bbfalse\u00a0\u00bb css=\u00a0\u00bb.vc_custom_1518733516869{padding-bottom: 2% !important;}\u00a0\u00bb][vc_column css=\u00a0\u00bb.vc_custom_1516308402936{padding-bottom: 2% !important;}\u00a0\u00bb][vc_column_text css=\u00a0\u00bb.vc_custom_1518733297475{margin-bottom: 0px !important;}\u00a0\u00bb]Chez Ballons CSA, nous imprimons sur plus de 5 millions de ballons par ann\u00e9e. Nous avons intentionnellement choisi d&rsquo;imprimer uniquement sur des ballons 100% naturels en latex, ou des ballons Mylar (100% recyclables).<\/p>\n<p>Voyons comment sont fabriqu\u00e9s les ballons en latex naturel:<\/p>\n<h3>Types de ballons en caoutchouc<\/h3>\n<p>Avant d&rsquo;entrer dans les d\u00e9tails, il est important de comprendre qu&rsquo;il y a plus d&rsquo;une fa\u00e7on de fabriquer du caoutchouc.<\/p>\n<p>Les ballons ont fait du chemin depuis leur forme originale. \u00c0 l\u2019origine, les ballons \u00e9taient fabriqu\u00e9s \u00e0 partir de baudruche (intestins ou vessie d\u2019animaux). Aujourd\u2019hui, ils sont faits de caoutchouc, naturel ou synth\u00e9tique.<\/p>\n<h4>Ballons en caoutchouc synth\u00e9tique<\/h4>\n<p>En raison de leurs utilisations particuli\u00e8res, les ballons de caoutchouc synth\u00e9tique sont sp\u00e9cialement con\u00e7us pour une r\u00e9sistance sup\u00e9rieure \u00e0 tous les niveaux. Ils sont faits de n\u00e9opr\u00e8ne et sont utilis\u00e9s comme sondes m\u00e9t\u00e9orologique, \u00e9quipements d\u2019entrainement musculaire et sportif ainsi que de mat\u00e9riel m\u00e9dical puisqu\u2019ils ne sont pas une source de pr\u00e9occupation pour les personnes allergiques au latex.<\/p>\n<h4>Ballons en caoutchouc naturel<\/h4>\n<p>Contrairement \u00e0 d&rsquo;autres produits en latex qui sont faits de polym\u00e8res synth\u00e9tiques, les ballons en latex naturel sont fabriqu\u00e9s \u00e0 partir de s\u00e8ve extraite de l&rsquo;arbre Hevea (caoutchouc). Incroyablement flexible et extensible (s&rsquo;\u00e9tirant de 7 \u00e0 8 fois sa longueur et retrouvant sa forme originale), le caoutchouc naturel (latex naturel) est \u00e9galement 100% biod\u00e9gradable; le processus de d\u00e9gradation commen\u00e7ant tout de suite apr\u00e8s la fabrication du ballon.<\/p>\n<p><img loading=\"lazy\" class=\"aligncenter size-full wp-image-3309\" src=\"https:\/\/csaballoons.com\/wp-content\/uploads\/2018\/02\/hevea-latex.jpg\" alt=\"\" width=\"312\" height=\"219\" srcset=\"https:\/\/csaballoons.com\/wp-content\/uploads\/2018\/02\/hevea-latex.jpg 312w, https:\/\/csaballoons.com\/wp-content\/uploads\/2018\/02\/hevea-latex-300x211.jpg 300w\" sizes=\"(max-width: 312px) 100vw, 312px\" \/>[\/vc_column_text][\/vc_column][\/vc_row][vc_row fullwidth=\u00a0\u00bbtrue\u00a0\u00bb fullwidth_content=\u00a0\u00bbfalse\u00a0\u00bb parallax=\u00a0\u00bbcontent-moving\u00a0\u00bb parallax_image=\u00a0\u00bb2773&Prime; css=\u00a0\u00bb.vc_custom_1518733504002{padding-top: 7% !important;padding-bottom: 7% !important;background-position: center;background-repeat: no-repeat !important;background-size: cover !important;}\u00a0\u00bb][vc_column][vc_column_text align=\u00a0\u00bbcenter\u00a0\u00bb css=\u00a0\u00bb.vc_custom_1518729101611{margin-bottom: 0px !important;}\u00a0\u00bb]\n<h2 style=\"color: #ffffff;\">Qualit\u00e9 | Service | Rapidit\u00e9<\/h2>\n[\/vc_column_text][mk_button dimension=\u00a0\u00bbflat\u00a0\u00bb size=\u00a0\u00bblarge\u00a0\u00bb url=\u00a0\u00bb\/fr\/devis\/\u00a0\u00bb align=\u00a0\u00bbcenter\u00a0\u00bb button_custom_width=\u00a0\u00bb220&Prime; bg_color=\u00a0\u00bb#55c17f\u00a0\u00bb btn_hover_bg=\u00a0\u00bb#3f9160&Prime;]OBTENIR UN PRIX![\/mk_button][\/vc_column][\/vc_row][vc_row fullwidth=\u00a0\u00bbtrue\u00a0\u00bb fullwidth_content=\u00a0\u00bbfalse\u00a0\u00bb css=\u00a0\u00bb.vc_custom_1518733509459{padding-top: 2% !important;}\u00a0\u00bb][vc_column css=\u00a0\u00bb.vc_custom_1516308402936{padding-bottom: 2% !important;}\u00a0\u00bb][vc_column_text css=\u00a0\u00bb.vc_custom_1518733541441{margin-bottom: 0px !important;}\u00a0\u00bb]\n<h3>Les 7 \u00e9tapes de fabrication de ballons en latex naturel<\/h3>\n<p>Essentiellement, le proc\u00e9d\u00e9 de fabrication de ballons en latex naturel consiste \u00e0 tremper un moule dans le latex. Le moule est en forme de ballon d\u00e9gonfl\u00e9. Les ballons color\u00e9s sont fabriqu\u00e9s en m\u00e9langeant un pigment dans le latex avant la fabrication.<\/p>\n<p>1. Le latex est d&rsquo;abord vers\u00e9 dans des cuves \u00e0 temp\u00e9rature contr\u00f4l\u00e9e, o\u00f9 des m\u00e9canismes d&rsquo;agitation assurent que le latex ne se d\u00e9pose pas.<br \/>\n2. Les moules sont immerg\u00e9s dans un r\u00e9servoir de coagulant (m\u00e9lange d&rsquo;eau, de sel \u00e0 base de calcium, de savon et de poudre de talc) puis chauff\u00e9s.<br \/>\n3. Les moules sont ensuite immerg\u00e9s dans le r\u00e9servoir de latex.<br \/>\n4. Le bourlet est form\u00e9 au bout du ballon en roulant l\u2019embout avec une brosse ou un rouleau.<br \/>\n5. Les moules sont ensuite immerg\u00e9s dans de l&rsquo;eau pure pour \u00e9liminer l&rsquo;exc\u00e8s de coagulant. 6. Les ballons en latex sont ensuite s\u00e9ch\u00e9s et durcis, g\u00e9n\u00e9ralement plac\u00e9s dans un four pendant environ 1 heure.<br \/>\n7. Enfin, les ballons sont retir\u00e9s m\u00e9caniquement des moules (\u00e0 l&rsquo;aide d&rsquo;un jet d&rsquo;eau ou d&rsquo;air), s\u00e9ch\u00e9s dans de grands s\u00e9choirs \u00e0 tambours rotatifs et emball\u00e9s.<\/p>\n<p><img loading=\"lazy\" class=\"aligncenter wp-image-3313 size-large\" src=\"https:\/\/csaballoons.com\/wp-content\/uploads\/2018\/02\/balloon-manufacturing-1024x731.jpg\" alt=\"\" width=\"1024\" height=\"731\" srcset=\"https:\/\/csaballoons.com\/wp-content\/uploads\/2018\/02\/balloon-manufacturing-1024x731.jpg 1024w, https:\/\/csaballoons.com\/wp-content\/uploads\/2018\/02\/balloon-manufacturing-600x428.jpg 600w, https:\/\/csaballoons.com\/wp-content\/uploads\/2018\/02\/balloon-manufacturing-300x214.jpg 300w, https:\/\/csaballoons.com\/wp-content\/uploads\/2018\/02\/balloon-manufacturing-768x549.jpg 768w, https:\/\/csaballoons.com\/wp-content\/uploads\/2018\/02\/balloon-manufacturing.jpg 1400w\" sizes=\"(max-width: 1024px) 100vw, 1024px\" \/><\/p>\n<p>Le processus de fabrication de ballons en latex naturel est simple et sans l&rsquo;utilisation de produits chimiques agressifs, ce qui les rend 100% biod\u00e9gradables.<\/p>\n<p>Pour plus d&rsquo;informations sur le processus d\u2019impression personnalis\u00e9e sur des ballons en latex naturel, regardez notre vid\u00e9o.<\/p>\n<p><img loading=\"lazy\" class=\"aligncenter wp-image-3311 size-large\" src=\"https:\/\/csaballoons.com\/wp-content\/uploads\/2018\/02\/ballons-en-latex-1024x683.jpeg\" alt=\"\" width=\"1024\" height=\"683\" srcset=\"https:\/\/csaballoons.com\/wp-content\/uploads\/2018\/02\/ballons-en-latex-1024x683.jpeg 1024w, https:\/\/csaballoons.com\/wp-content\/uploads\/2018\/02\/ballons-en-latex-scaled-600x400.jpeg 600w, https:\/\/csaballoons.com\/wp-content\/uploads\/2018\/02\/ballons-en-latex-300x200.jpeg 300w, https:\/\/csaballoons.com\/wp-content\/uploads\/2018\/02\/ballons-en-latex-768x512.jpeg 768w\" sizes=\"(max-width: 1024px) 100vw, 1024px\" \/><a href=\"https:\/\/csaballoons.com\/fr\/devis\/\">[\/vc_column_text][vc_column_text css=\u00a0\u00bb.vc_custom_1518733548484{margin-bottom: 0px !important;}\u00a0\u00bb]\n<\/a><\/p>\n<h3><a href=\"https:\/\/csaballoons.com\/fr\/devis\/\">Commandez<\/a>\u00a0des ballons personnalis\u00e9s naturels et biod\u00e9gradables d\u00e8s aujourd\u2019hui!<\/h3>\n[\/vc_column_text][\/vc_column][\/vc_row]\n","protected":false},"excerpt":{"rendered":"<p>[vc_row fullwidth=\u00a0\u00bbtrue\u00a0\u00bb][vc_column][vc_single_image image=\u00a0\u00bb2981&Prime; img_size=\u00a0\u00bbfull\u00a0\u00bb][vc_column_text align=\u00a0\u00bbcenter\u00a0\u00bb css=\u00a0\u00bb.vc_custom_1518733150588{margin-top: -5% !important;margin-bottom: 0px !important;}\u00a0\u00bb] Comment sont fabriqu\u00e9s les ballons en latex naturel [\/vc_column_text][\/vc_column][\/vc_row][vc_row fullwidth=\u00a0\u00bbtrue\u00a0\u00bb fullwidth_content=\u00a0\u00bbfalse\u00a0\u00bb css=\u00a0\u00bb.vc_custom_1518733516869{padding-bottom: 2% !important;}\u00a0\u00bb][vc_column css=\u00a0\u00bb.vc_custom_1516308402936{padding-bottom: 2% !important;}\u00a0\u00bb][vc_column_text css=\u00a0\u00bb.vc_custom_1518733297475{margin-bottom: 0px !important;}\u00a0\u00bb]Chez Ballons CSA, nous imprimons sur plus de 5 millions de ballons par ann\u00e9e. Nous avons intentionnellement choisi d&rsquo;imprimer uniquement sur des ballons 100% naturels en [&hellip;]<\/p>\n","protected":false},"author":3,"featured_media":0,"parent":0,"menu_order":0,"comment_status":"closed","ping_status":"closed","template":"","meta":{"_monsterinsights_skip_tracking":false,"_monsterinsights_sitenote_active":false,"_monsterinsights_sitenote_note":"","_monsterinsights_sitenote_category":0},"_links":{"self":[{"href":"https:\/\/csaballoons.com\/fr\/wp-json\/wp\/v2\/pages\/3308"}],"collection":[{"href":"https:\/\/csaballoons.com\/fr\/wp-json\/wp\/v2\/pages"}],"about":[{"href":"https:\/\/csaballoons.com\/fr\/wp-json\/wp\/v2\/types\/page"}],"author":[{"embeddable":true,"href":"https:\/\/csaballoons.com\/fr\/wp-json\/wp\/v2\/users\/3"}],"replies":[{"embeddable":true,"href":"https:\/\/csaballoons.com\/fr\/wp-json\/wp\/v2\/comments?post=3308"}],"version-history":[{"count":2,"href":"https:\/\/csaballoons.com\/fr\/wp-json\/wp\/v2\/pages\/3308\/revisions"}],"predecessor-version":[{"id":3316,"href":"https:\/\/csaballoons.com\/fr\/wp-json\/wp\/v2\/pages\/3308\/revisions\/3316"}],"wp:attachment":[{"href":"https:\/\/csaballoons.com\/fr\/wp-json\/wp\/v2\/media?parent=3308"}],"curies":[{"name":"wp","href":"https:\/\/api.w.org\/{rel}","templated":true}]}}