{"id":4078,"date":"2018-06-13T01:16:55","date_gmt":"2018-06-13T01:16:55","guid":{"rendered":"https:\/\/csaballoons.com\/?page_id=4078"},"modified":"2022-11-10T09:04:44","modified_gmt":"2022-11-10T09:04:44","slug":"decors-de-ballons-rive-sud","status":"publish","type":"page","link":"https:\/\/csaballoons.com\/fr\/decors-de-ballons-rive-sud\/","title":{"rendered":"D\u00e9cors de ballons sur la Rive-Sud"},"content":{"rendered":"[vc_row el_class=\u00a0\u00bbhome-header\u00a0\u00bb][vc_column el_class=\u00a0\u00bbhome-slider-header\u00a0\u00bb][mk_fullwidth_slideshow images=\u00a0\u00bb5406&Prime;][\/vc_column][vc_column el_class=\u00a0\u00bbheader-text\u00a0\u00bb][vc_column_text css=\u00a0\u00bb.vc_custom_1649103713303{margin-bottom: 0px !important;}\u00a0\u00bb]D\u00c9CORS DE BALLONS<br \/>\nSUR LA RIVE-SUD DE MONTR\u00c9AL<\/p>\n\t\t\t\t\t<h3 class=\"since_texte\"><span class=\"font_un\">Depuis<\/span> <span class=\"font_deux\">2001<\/span><\/h3>\n\t\t<div id=\"ensem_trois_bouton\">\n\t\t\t<a href=\"https:\/\/csaballoons.com\/fr\/demande-de-prix\/\" class=\"bton_un\">Demander un devis<\/a>\n\t\t\t<a href=\"https:\/\/csaballoons.com\/fr\/commande\/\" class=\"bton_deux\">Commandes en ligne, 5% de rabais<\/a>\n\t\t\t<a href=\"https:\/\/csaballoons.com\/fr\/contact\/\" class=\"bton_trois\">Contact rapide<\/a>\n\t\t<\/div>\n\t\t\t\t\t\n\t\t[\/vc_column_text][\/vc_column][\/vc_row][vc_row el_class=\u00a0\u00bbhome-block1&Prime;][vc_column][vc_raw_html]JTVCaG9tZS1zbGlkZXIlMjBpZHMlM0QlMjI2MjQ4JTJDNjI0OSUyQzYyNTAlMkM2MjUxJTJDNjI1MiUyQzYyNTMlMkM2MjU0JTJDNjI1NSUyQzYyNTYlMkM2MjU3JTJDNjI1OCUyQzYyNTklMkM2MjYwJTJDNjI2MSUyQzYyNjIlMkM2MjYzJTJDNjI2NSUyQzYyNjYlMkM2MjY3JTJDNjI2OCUyQzYyNjklMkM2MjcwJTJDNjI3MSUyQzYyNzIlMkM2MjczJTJDNjI3NCUyQzYyNzUlMkM2Mjc2JTJDNjI3NyUyQzYyNzglMkM2Mjc5JTJDNjI4MCUyQzYyODElMkM2MjgyJTJDNjI4MyUyQzYyODQlMkM2Mjg1JTJDNjI4NiUyQzYyODclMkM2Mjg4JTJDNjI4OSUyQzYyOTAlMkM2MjkxJTJDNjI5MiUyQzYyOTMlMkM2Mjk0JTJDNjI5NSUyQzYyOTYlMkM2Mjk3JTJDNjI5OCUyQzYyOTklMkM2MzAwJTJDNjMwMSUyQzYzMDIlMkM2MzAzJTJDNjMwNCUyQzYzMDUlMkM2MzA2JTJDNjMwNyUyQzYzMDglMkM2MzA5JTJDNjMxMCUyQzYzMTElMkM2MzEyJTJDNjMxMyUyQzYzMTQlMkM2MzE1JTJDNjMxNiUyQzYzMTclMkM2MzE4JTJDNjMxOSUyQzYzMjAlMkM2MzIxJTJDNjMyMiUyQzYzMjMlMkM2MzI0JTJDNjMyNSUyQzYzMjYlMkM2MzI3JTJDNjMyOCUyQzYzMjklMkM2MzMwJTJDNjMzMSUyQzYzMzIlMkM2MzMzJTJDNjMzNSUyQzYzMzYlMkM2MzM3JTJDNjMzOSUyQzYzNDElMkM2MzQyJTJDNjM0MyUyQzYzNDQlMkM2MzQ1JTJDNjM0NiUyQzYzNDclMkM2MzQ4JTJDNjM0OSUyQzYzNTAlMkM2MzUxJTJDNjM1MiUyQzYzNTMlMkM2MzU0JTJDNjM1NSUyQzYzNTYlMkM2MzU3JTJDNjM1OCUyQzYzNTklMkM2MzYwJTJDNjM2MSUyQzYzNjIlMkM2MzYzJTJDNjM2NCUyQzYzNjUlMkM2MzY2JTJDNjM2NyUyQzYzNjglMkM2MzY5JTJDNjM3MCUyQzYzNzElMkM2MzcyJTJDNjM3MyUyQzYzNzQlMkM2Mzc1JTJDNjM3NiUyQzYzNzclMkM2Mzc4JTJDNjM3OSUyQzYzODAlMkM2MzgxJTIyJTVE[\/vc_raw_html][vc_column_text css=\u00a0\u00bb.vc_custom_1649103748530{margin-bottom: 0px !important;}\u00a0\u00bb]\n<h2 style=\"text-align: center;\">D\u00c9CORS DE BALLONS SUR LA RIVE-SUD DE MONTR\u00c9AL<\/h2>\n<h3 style=\"text-align: center;\">TRANSFORMEZ VOS PROCHAINS \u00c9V\u00c9NEMENTS D\u2019AFFAIRES<\/h3>\n<p>Que ce soit pour une exposition, un lancement de produit, ou la grande ouverture d\u2019un nouvel emplacement, les ballons sont un excellent moyen d\u2019attirer l\u2019attention de vos clients potentiels.<\/p>\n<p>\u00c0 l\u2019int\u00e9rieur comme \u00e0 l\u2019ext\u00e9rieur, les d\u00e9cors de ballons ajoutent de l\u2019ambiance aux \u00e9v\u00e8nements de votre entreprise. Avec nos ballons de qualit\u00e9 sup\u00e9rieure et notre excellent service d\u2019impression personnalis\u00e9e, nous vous aiderons \u00e0 vous d\u00e9marquer de la concurrence. Choisissez des arches, des bouquets, des colonnes de ballons; vos d\u00e9cors contiendront votre logo parfaitement imprim\u00e9 et seront assembl\u00e9es \u00e0 la perfection afin d\u2019impressionner vos futurs clients!<\/p>\n<p>Ballons CSA est le plus important imprimeur de ballons personnalis\u00e9s en Am\u00e9rique du Nord. Au cours des derni\u00e8res ann\u00e9es, nous avons d\u00e9velopp\u00e9 un r\u00e9seau d\u2019Artistes certifi\u00e9s du ballon (CBA) dans la r\u00e9gion m\u00e9tropolitaine de Montr\u00e9al, tous pr\u00eats \u00e0 vous aider \u00e0 \u00e9blouir vos invit\u00e9s et \u00e0 promouvoir votre image de marque.<\/p>\n<p>Ballons CSA est un partenaire de confiance pour la d\u00e9coration personnalis\u00e9e de ballons sur la Rive-Sud. Notre personnel est pr\u00eat \u00e0 vous guider \u00e0 travers le processus de cr\u00e9ation de d\u00e9cors pour votre prochain \u00e9v\u00e9nement d\u2019affaires. Avec nous, votre d\u00e9cor sera \u00e0 la fois rentable et \u00e0 couper le souffle. Contactez Ballons CSA d\u00e8s aujourd\u2019hui.[\/vc_column_text][vc_single_image image=\u00a0\u00bb5415&Prime; img_size=\u00a0\u00bbfull\u00a0\u00bb el_class=\u00a0\u00bbcsa-confetti\u00a0\u00bb][\/vc_column][\/vc_row][vc_row el_class=\u00a0\u00bbhome-block2&Prime;][vc_column][vc_raw_html]JTNDaDIlMjBjbGFzcyUzRCUyMnByb2R0aXRsZUIlMjIlM0UlMEElM0NhJTIwaHJlZiUzRCUyMiUyRmNvbW1lbnQtc29udC1mYWJyaXF1ZXMtbGVzLWJhbGxvbnMtZW4tbGF0ZXgtbmF0dXJlbCUyRiUyMiUzRSUzQ2ltZyUyMHNyYyUzRCUyMiUyRndwLWNvbnRlbnQlMkZ1cGxvYWRzJTJGMjAyMSUyRjAzJTJGY3NhLWJpb2ZyLTItMTI1eDEyNS1zLnBuZyUyMiUyMCUyRiUzRSUzQyUyRmElM0UlMEElM0NzcGFuJTNFQ29tcGwlQzMlQTl0ZXolMjB2b3RyZSUyMGNvbW1hbmRlJTIwZGUlMjBiYWxsb25zJTNDYnIlM0UlMEFwZXJzb25uYWxpcyVDMyVBOXMlMjBlbiUyMGxpZ25lJTIwZXQlMjBvYnRlbmV6JTIwJTNDc3Ryb25nJTNFNSUyNSUzQyUyRnN0cm9uZyUzRSUyMGRlJTIwcmFiYWlzLiUzQyUyRnNwYW4lM0UlMEElM0NhJTIwaHJlZiUzRCUyMiUyRmNvbW1lbnQtc29udC1mYWJyaXF1ZXMtbGVzLWJhbGxvbnMtZW4tbGF0ZXgtbmF0dXJlbCUyRiUyMiUzRSUzQ2ltZyUyMHNyYyUzRCUyMiUyRndwLWNvbnRlbnQlMkZ1cGxvYWRzJTJGMjAyMSUyRjAzJTJGY3NhLWJpb2ZyLTItMTI1eDEyNS1zLnBuZyUyMiUyMCUyRiUzRSUzQyUyRmElM0UlMEElM0MlMkZoMiUzRQ==[\/vc_raw_html][vc_column_text css=\u00a0\u00bb.vc_custom_1645651596624{margin-bottom: 4px !important;}\u00a0\u00bb]\n<p style=\"text-align: center;\">            <div class=\"products-home\" isapp=\"\">\n                                <!-- <h2>\n                    <img src=\"\/wp-content\/uploads\/2021\/03\/csa-biofr-2-125x125-s.png\">\n                    <img src=\"\/wp-content\/uploads\/2021\/03\/csa-biofr-2-125x125-s.png\">\n                    <img src=\"\/wp-content\/uploads\/2021\/03\/csa-biofr-2-125x125-s.png\">\n                    <span>\n                                        <\/span>\n                    <img src=\"\/wp-content\/uploads\/2021\/03\/csa-biofr-2-125x125-s.png\">\n                    <img src=\"\/wp-content\/uploads\/2021\/03\/csa-biofr-2-125x125-s.png\">\n                    <img src=\"\/wp-content\/uploads\/2021\/03\/csa-biofr-2-125x125-s.png\">\n                <\/h2> -->\n                                <div class=\"products-home-block\">\n                                                    <a href=\"commande\/\/#latex-12\">\n                                    <img src=\"https:\/\/csaballoons.com\/wp-content\/uploads\/2021\/03\/csa-products-balloons-1.png\" alt=\"Latex 12\u201d\">\n                                    <h2>Latex 12\u201d<\/h2>\n                                <\/a>\n                                                            <a href=\"commande\/\/#latex-16\">\n                                    <img src=\"https:\/\/csaballoons.com\/wp-content\/uploads\/2021\/03\/csa-products-balloons-2.png\" alt=\"Latex 16\u201d\">\n                                    <h2>Latex 16\u201d<\/h2>\n                                <\/a>\n                                                            <a href=\"commande\/\/#latex-24\">\n                                    <img src=\"https:\/\/csaballoons.com\/wp-content\/uploads\/2021\/03\/csa-products-balloons-3.png\" alt=\"Latex 24\u201d\">\n                                    <h2>Latex 24\u201d<\/h2>\n                                <\/a>\n                                                            <a href=\"commande\/\/#latex-36\">\n                                    <img src=\"https:\/\/csaballoons.com\/wp-content\/uploads\/2021\/03\/csa-products-balloons-4.png\" alt=\"Latex 36\u201d\">\n                                    <h2>Latex 36\u201d<\/h2>\n                                <\/a>\n                                                            <a href=\"commande\/\/#round-foil\">\n                                    <img src=\"https:\/\/csaballoons.com\/wp-content\/uploads\/2021\/03\/csa-products-balloons-6.png\" alt=\"18\u201d Round Foil\">\n                                    <h2>Mylar Rond 18\u201d<\/h2>\n                                <\/a>\n                                                            <a href=\"commande\/\/#heart-foil\">\n                                    <img src=\"https:\/\/csaballoons.com\/wp-content\/uploads\/2021\/03\/csa-products-balloons-7.png\" alt=\"18\u201d Heart Foil\">\n                                    <h2>Mylar Coeur 18\u201d<\/h2>\n                                <\/a>\n                                                            <a href=\"commande\/\/#star-foil\">\n                                    <img src=\"https:\/\/csaballoons.com\/wp-content\/uploads\/2021\/03\/csa-products-balloons-8.png\" alt=\"18\u201d Star Foil\">\n                                    <h2>Mylar \u00c9toile 18\u201d<\/h2>\n                                <\/a>\n                                            <\/div>\n            <\/div>\n        \n        \n[\/vc_column_text][vc_column_text css=\u00a0\u00bb.vc_custom_1668070870555{margin-bottom: 0px !important;}\u00a0\u00bb]\n<p style=\"text-align: center;\"><div class=\"wp-block-button pbutton alt blue-button\"><a class=\"wp-block-button__link blue-button\" href=\"https:\/\/csaballoons.com\/fr\/demande-de-prix\/\" target=\"\"><strong> Demande de Prix <\/strong><\/a><\/div>\n[\/vc_column_text][vc_single_image image=\u00a0\u00bb5447&Prime; img_size=\u00a0\u00bbfull\u00a0\u00bb el_class=\u00a0\u00bbcsa-roundbox\u00a0\u00bb][\/vc_column][\/vc_row][vc_row el_class=\u00a0\u00bbhome-block6&Prime;][vc_column width=\u00a0\u00bb1\/2&Prime;][vc_column_text css=\u00a0\u00bb.vc_custom_1649103799487{margin-bottom: 0px !important;}\u00a0\u00bb]\n<h2>Pourquoi appeler ballons csa pour les d\u00e9cors de ballons dans la r\u00e9gion m\u00e9tropolitaine de montr\u00e9al?<\/h2>\n<p>\u2013 Ballons 100% biod\u00e9gradables et de haute qualit\u00e9 ;<\/p>\n<p>\u2013 Services de livraison et d\u2019installation disponibles partout sur la Rive-Sud et dans la r\u00e9gion m\u00e9tropolitaine de Montr\u00e9al ;<\/p>\n<p>\u2013 L\u2019option d\u2019inclure des ballons personnalis\u00e9s dans votre d\u00e9cor ;<\/p>\n<p>\u2013 Service \u00e0 la client\u00e8le hors pair ;<\/p>\n<p>\u2013 Services de conception graphique disponible pour l\u2019impression de vos ballons personnalis\u00e9s ;<\/p>\n<p>\u2013 Artistes certifi\u00e9s du ballon (CBA) disponibles pour tous vos besoins de montage et d\u2019installation de ballons d\u00e9coratifs.[\/vc_column_text][\/vc_column][vc_column width=\u00a0\u00bb1\/2&Prime;][vc_column_text css=\u00a0\u00bb.vc_custom_1649103781493{margin-bottom: 0px !important;}\u00a0\u00bb]\n<h2>Planifier son \u00e9v\u00e9nement en toute simplicit\u00e9<\/h2>\n<p><a href=\"https:\/\/csaballoons.com\/fr\/devis\/\">Envoyez-nous votre logo et les d\u00e9tails de votre \u00e9v\u00e9nement.<\/a>.<\/p>\n<p>Nous concevrons et imprimerons vos ballons personnalis\u00e9s, planifierons la logistique de votre d\u00e9cor et installerons le tout pour vous le jour de l\u2019\u00e9v\u00e9nement.<\/p>\n<p><b>Tout ce que vous aurez \u00e0 faire, c\u2019est de vous pr\u00e9senter \u00e0 votre \u00e9v\u00e9nement et profiter d\u2019une salle d\u00e9cor\u00e9e \u00e0 la perfection!<\/b>[\/vc_column_text][\/vc_column][\/vc_row][vc_row el_class=\u00a0\u00bbhome-block4&Prime;][vc_column][vc_column_text css=\u00a0\u00bb.vc_custom_1668070890578{margin-bottom: 0px !important;}\u00a0\u00bb]\n<h2>Services de d\u00e9coration de ballons pour les entreprises de la rive-sud<\/h2>\n<p>La planification d\u2019un \u00e9v\u00e9nement d\u2019entreprise peut \u00eatre co\u00fbteuse et demande beaucoup de temps.<\/p>\n<p>Chez Ballons CSA, nous tenons \u00e0 vous offrir des produits de haute qualit\u00e9 et le meilleur service \u00e0 la client\u00e8le. Notre personnel d\u00e9vou\u00e9 vous aidera \u00e0 cr\u00e9er un d\u00e9cor de ballon personnalis\u00e9 qui conviendra \u00e0 votre \u00e9v\u00e9nement. Nous avons un large choix de couleurs et de finitions. Avec Ballons CSA, vous obtiendrez ce que vous voulez, rapidement!<\/p>\n<p>Que votre \u00e9v\u00e9nement soit situ\u00e9 sur \u00e0 Longueuil ou dans l\u2019une des municipalit\u00e9s de la couronne Sud, nous serons l\u00e0, sur place, afin d\u2019installer vos ballons et faire en sorte que chaque d\u00e9tail soit parfait!<\/p>\n<p>Nos ballons ajouteront la touche qui rendra votre \u00e9v\u00e9nement inoubliable.[\/vc_column_text][vc_single_image image=\u00a0\u00bb5415&Prime; img_size=\u00a0\u00bbfull\u00a0\u00bb el_class=\u00a0\u00bbcsa-confetti\u00a0\u00bb][vc_single_image image=\u00a0\u00bb5454&Prime; img_size=\u00a0\u00bbfull\u00a0\u00bb el_class=\u00a0\u00bbcsa-balloon1&Prime;][vc_single_image image=\u00a0\u00bb5456&Prime; img_size=\u00a0\u00bbfull\u00a0\u00bb el_class=\u00a0\u00bbcsa-balloon2&Prime;][\/vc_column][\/vc_row][vc_row el_class=\u00a0\u00bbhome-block5&Prime;][vc_column][vc_column_text align=\u00a0\u00bbcenter\u00a0\u00bb el_class=\u00a0\u00bbblock_text_white\u00a0\u00bb css=\u00a0\u00bb.vc_custom_1668070906013{margin-bottom: 0px !important;}\u00a0\u00bb]Nous serons heureux de vous fournier des id\u00e9es ainsi qu\u2019une \u00e9preuve gratuite de vos ballons imprim\u00e9s personnalis\u00e9s d\u00e8s aujourd\u2019hui.[\/vc_column_text][\/vc_column][\/vc_row][vc_row el_class=\u00a0\u00bbhome-block6&Prime;][vc_column width=\u00a0\u00bb1\/2&Prime;][vc_column_text css=\u00a0\u00bb.vc_custom_1649103890572{margin-bottom: 0px !important;}\u00a0\u00bb]\n<h2>Arches de ballons personnalis\u00e9s sur la rive-sud<\/h2>\n<h4>Types d\u2019arches de ballons<\/h4>\n<p>Puisque nos d\u00e9corateurs de ballons sont des artistes certifi\u00e9s du ballon (CBA), nous pouvons cr\u00e9er quelconque d\u00e9cor pour votre \u00e9v\u00e9nement. Cependant, voici une liste de nos arches de ballons les plus populaires et comment elles sont r\u00e9alis\u00e9es:<\/p>\n<p><b>Le collier de perles<\/b>: Des ballons simples attach\u00e9s ensemble ressemblant \u00e0 \u2026 vous l\u2019avez devin\u00e9, un collier de perles. Nous cr\u00e9ons \u00e9galement ce type d\u2019arche avec une sculpture de ballon de chaque c\u00f4t\u00e9.<\/p>\n<p><b>La fleur<\/b>: Dans ce type d\u2019arche, les ballons sont plac\u00e9s dans un motif ressemblant \u00e0 une fleur.<\/p>\n<p><b>La cha\u00eene<\/b>: Les ballons sont reli\u00e9s entre eux pour cr\u00e9er un effet de cha\u00eene.<\/p>\n<p><b>Le tourbillon<\/b>: Probablement une de nos plus populaires, cette arche est faite avec jusqu\u2019\u00e0 4 couleurs de ballons plac\u00e9s ensemble dans un motif de tourbillon.[\/vc_column_text][\/vc_column][vc_column width=\u00a0\u00bb1\/2&Prime;][vc_column_text css=\u00a0\u00bb.vc_custom_1649103921286{margin-bottom: 0px !important;}\u00a0\u00bb]\n<h2 style=\"text-align: left;\">Personnalisez vos d\u00e9cors!<\/h2>\n<p>Une fois que vous avez choisi le type de d\u00e9cor de ballon qui convient le mieux \u00e0 votre entreprise, personnalisez-le! Chez Ballons CSA, nous imprimerons votre logo, ou votre message, sur des ballons personnalis\u00e9s. Notre technique d\u2019impression avanc\u00e9e nous permet d\u2019imprimer la plus grande empreinte sur ballons dans l\u2019industrie. Nous int\u00e9grerons vos ballons personnalis\u00e9s directement dans vos d\u00e9cors con\u00e7us par le CBA pour cr\u00e9er un look vraiment unique qui impressionnera vos investisseurs et clients potentiels.<\/p>\n<p>Des logos, des slogans, des graphiques, tous nets, clairs et tr\u00e8s visibles sur des ballons merveilleusement fabuleux.<\/p>\n<p>Vous ne savez pas par o\u00f9 commencer?\u00a0<a href=\"https:\/\/csaballoons.com\/fr\/contact\/\">Appelez-nous d\u00e8s maintenant!<\/a>!<\/p>\n<p>Un de nos employ\u00e9s d\u00e9vou\u00e9s vous aidera \u00e0 faire votre choix et coordonnera tous les d\u00e9tails pour vous![\/vc_column_text][\/vc_column][\/vc_row][vc_row el_class=\u00a0\u00bbhome-block7&Prime;][vc_column][vc_column_text css=\u00a0\u00bb.vc_custom_1668071001210{margin-bottom: 0px !important;}\u00a0\u00bb]\n<p style=\"text-align: center;\"><div class=\"wp-block-button pbutton alt blue-button\"><a class=\"wp-block-button__link blue-button\" href=\"https:\/\/csaballoons.com\/fr\/demande-de-prix\/\" target=\"\"><strong> Demande de Prix <\/strong><\/a><\/div>\n[\/vc_column_text][\/vc_column][\/vc_row][vc_row el_class=\u00a0\u00bbhome-block8&Prime;][vc_column][vc_single_image image=\u00a0\u00bb5466&Prime; img_size=\u00a0\u00bbfull\u00a0\u00bb el_class=\u00a0\u00bbcsa-balloon-banner\u00a0\u00bb][vc_single_image image=\u00a0\u00bb5415&Prime; img_size=\u00a0\u00bbfull\u00a0\u00bb el_class=\u00a0\u00bbcsa-confetti\u00a0\u00bb][vc_column_text css=\u00a0\u00bb.vc_custom_1668071066930{margin-bottom: 0px !important;}\u00a0\u00bb]\n<h2 style=\"text-align: center;\">Colonnes de ballons personnalis\u00e9es<\/h2>\n<p>Rien n\u2019attire plus l\u2019attention que des colonnes de ballons personnalis\u00e9es. Nos colonnes de ballons ajoutent du drame, de la couleur, du style et de l\u2019\u00e9nergie \u00e0 tout type d\u2019\u00e9v\u00e9nement; grand ou petit! De plus, nos ballons 100% naturels et biod\u00e9gradables sont \u00e9cologiques aussi!<\/p>\n<p>Si vous lancez un nouveau produit, organisez une promotion en magasin ou cherchez \u00e0 augmenter le trafic de vos kiosques aux foires commerciales, Ballons CSA vous offre des solutions rentables et accrocheuses!<\/p>\n<p>Soulignez les \u00e9tapes importantes et les \u00e9v\u00e9nements de votre entreprise gr\u00e2ce \u00e0 des colonnes de ballons personnalis\u00e9es.<\/p>\n<p>Appelez-nous d\u00e8s aujourd\u2019hui\u00a0 pour savoir comment nous allons mettre en place vos d\u00e9cors de ballons personnalis\u00e9s rapidement et efficacement.<\/p>\n<div class=\"wp-block-button pbutton alt blue-button\"><a class=\"wp-block-button__link blue-button\" href=\"https:\/\/csaballoons.com\/fr\/demande-de-prix\/\" target=\"\"><strong> Demande de Prix <\/strong><\/a><\/div>[\/vc_column_text][vc_single_image image=\u00a0\u00bb5415&Prime; img_size=\u00a0\u00bbfull\u00a0\u00bb el_class=\u00a0\u00bbcsa-confetti csa-confettiB\u00a0\u00bb][\/vc_column][\/vc_row][vc_row el_class=\u00a0\u00bbhome-block9&Prime;][vc_column width=\u00a0\u00bb1\/2&Prime;][vc_column_text css=\u00a0\u00bb.vc_custom_1668071077258{margin-bottom: 0px !important;}\u00a0\u00bb]\n<h2>Installations de bouquets de ballons pour tous vos besoins d\u2019affaires<\/h2>\n<p>Ballons CSA est le plus important imprimeur de ballons en Am\u00e9rique du Nord. Nous offrons les meilleurs ballons sur march\u00e9 \u00e0 un prix tr\u00e8s comp\u00e9titif. Nos r\u00e9seaux \u00e9tendus \u00e0 travers le Canada nous permettent de livrer et d\u2019installer vos ballons rapidement.<\/p>\n<p>Appelez d\u00e8s aujourd\u2019hui et obtenez un devis pour votre prochain \u00e9v\u00e9nement ayant lieu sur la Rive-Sud de Montr\u00e9al. Nous concevrons et imprimerons vos ballons personnalis\u00e9s, planifierons la logistique de votre d\u00e9cor et installerons le tout pour vous partout dans la r\u00e9gion m\u00e9tropolitaine de Montr\u00e9al, ainsi que dans le reste du Canada.<\/p>\n<p>Vous organisez un \u00e9v\u00e9nement qui a plusieurs emplacements? Aucun probl\u00e8me. Renseignez-vous sur notre service de livraison et d\u2019installation \u00e0 emplacements multiples.<\/p>\n<p>Ne perdez pas de temps ou d\u2019argent. Commandez vos d\u00e9cors de ballons du premier fournisseur de ballons au pays!<\/p>\n<h2 class=\"red\" style=\"text-align: center;\">Commandez vos ballons personnalis\u00e9s<br \/>\naujourd\u2019hui<\/h2>\n[\/vc_column_text][\/vc_column][vc_column width=\u00a0\u00bb1\/2&Prime;][vc_single_image image=\u00a0\u00bb5468&Prime; img_size=\u00a0\u00bbfull\u00a0\u00bb el_class=\u00a0\u00bbcsa-balloon-banner\u00a0\u00bb][\/vc_column][\/vc_row][vc_row el_class=\u00a0\u00bbcsa-infolettre\u00a0\u00bb][vc_column][vc_column_text css=\u00a0\u00bb.vc_custom_1615320958405{margin-bottom: 0px !important;}\u00a0\u00bb]\n<h2>Inscription \u00e0 notre infolettre<\/h2>\n<div role=\"form\" class=\"wpcf7\" id=\"wpcf7-f5438-o1\" lang=\"en-US\" dir=\"ltr\">\n<div class=\"screen-reader-response\"><p role=\"status\" aria-live=\"polite\" aria-atomic=\"true\"><\/p> <ul><\/ul><\/div>\n<form action=\"\/fr\/wp-json\/wp\/v2\/pages\/4078#wpcf7-f5438-o1\" method=\"post\" class=\"wpcf7-form init\" novalidate=\"novalidate\" data-status=\"init\">\n<div style=\"display: none;\">\n<input type=\"hidden\" name=\"_wpcf7\" value=\"5438\" \/>\n<input type=\"hidden\" name=\"_wpcf7_version\" value=\"5.5.6.1\" \/>\n<input type=\"hidden\" name=\"_wpcf7_locale\" value=\"en_US\" \/>\n<input type=\"hidden\" name=\"_wpcf7_unit_tag\" value=\"wpcf7-f5438-o1\" \/>\n<input type=\"hidden\" name=\"_wpcf7_container_post\" value=\"0\" \/>\n<input type=\"hidden\" name=\"_wpcf7_posted_data_hash\" value=\"\" \/>\n<\/div>\n<div class=\"crow\"><span class=\"wpcf7-form-control-wrap your-last\"><input type=\"text\" name=\"your-last\" value=\"\" size=\"40\" class=\"wpcf7-form-control wpcf7-text wpcf7-validates-as-required\" aria-required=\"true\" aria-invalid=\"false\" placeholder=\"Votre nom\" \/><\/span><span class=\"wpcf7-form-control-wrap your-email\"><input type=\"email\" name=\"your-email\" value=\"\" size=\"40\" class=\"wpcf7-form-control wpcf7-text wpcf7-email wpcf7-validates-as-required wpcf7-validates-as-email\" aria-required=\"true\" aria-invalid=\"false\" placeholder=\"Votre courriel\" \/><\/span>\n<div class=\"cbutton\"><input type=\"submit\" value=\"Je m\u2019inscris\" class=\"wpcf7-form-control has-spinner wpcf7-submit\" \/><\/div>\n<\/div>\n<input type=\"hidden\" id=\"ct_checkjs_cf7_8e82ab7243b7c66d768f1b8ce1c967eb\" name=\"ct_checkjs_cf7\" value=\"0\" \/><input\n                    class=\"apbct_special_field apbct_email_id__wp_contact_form_7\"\n                    name=\"apbct__email_id__wp_contact_form_7\"\n                    aria-label=\"apbct__label_id__wp_contact_form_7\"\n                    type=\"text\" size=\"30\" maxlength=\"200\" autocomplete=\"off\"\n                    value=\"\"\n                \/><div class=\"wpcf7-response-output\" aria-hidden=\"true\"><\/div><\/form><\/div>[\/vc_column_text][\/vc_column][\/vc_row]\n","protected":false},"excerpt":{"rendered":"<p>[vc_row el_class=\u00a0\u00bbhome-header\u00a0\u00bb][vc_column el_class=\u00a0\u00bbhome-slider-header\u00a0\u00bb][mk_fullwidth_slideshow images=\u00a0\u00bb5406&Prime;][\/vc_column][vc_column el_class=\u00a0\u00bbheader-text\u00a0\u00bb][vc_column_text css=\u00a0\u00bb.vc_custom_1649103713303{margin-bottom: 0px !important;}\u00a0\u00bb]D\u00c9CORS DE BALLONS SUR LA RIVE-SUD DE MONTR\u00c9AL [\/vc_column_text][\/vc_column][\/vc_row][vc_row el_class=\u00a0\u00bbhome-block1&Prime;][vc_column][vc_raw_html]JTVCaG9tZS1zbGlkZXIlMjBpZHMlM0QlMjI2MjQ4JTJDNjI0OSUyQzYyNTAlMkM2MjUxJTJDNjI1MiUyQzYyNTMlMkM2MjU0JTJDNjI1NSUyQzYyNTYlMkM2MjU3JTJDNjI1OCUyQzYyNTklMkM2MjYwJTJDNjI2MSUyQzYyNjIlMkM2MjYzJTJDNjI2NSUyQzYyNjYlMkM2MjY3JTJDNjI2OCUyQzYyNjklMkM2MjcwJTJDNjI3MSUyQzYyNzIlMkM2MjczJTJDNjI3NCUyQzYyNzUlMkM2Mjc2JTJDNjI3NyUyQzYyNzglMkM2Mjc5JTJDNjI4MCUyQzYyODElMkM2MjgyJTJDNjI4MyUyQzYyODQlMkM2Mjg1JTJDNjI4NiUyQzYyODclMkM2Mjg4JTJDNjI4OSUyQzYyOTAlMkM2MjkxJTJDNjI5MiUyQzYyOTMlMkM2Mjk0JTJDNjI5NSUyQzYyOTYlMkM2Mjk3JTJDNjI5OCUyQzYyOTklMkM2MzAwJTJDNjMwMSUyQzYzMDIlMkM2MzAzJTJDNjMwNCUyQzYzMDUlMkM2MzA2JTJDNjMwNyUyQzYzMDglMkM2MzA5JTJDNjMxMCUyQzYzMTElMkM2MzEyJTJDNjMxMyUyQzYzMTQlMkM2MzE1JTJDNjMxNiUyQzYzMTclMkM2MzE4JTJDNjMxOSUyQzYzMjAlMkM2MzIxJTJDNjMyMiUyQzYzMjMlMkM2MzI0JTJDNjMyNSUyQzYzMjYlMkM2MzI3JTJDNjMyOCUyQzYzMjklMkM2MzMwJTJDNjMzMSUyQzYzMzIlMkM2MzMzJTJDNjMzNSUyQzYzMzYlMkM2MzM3JTJDNjMzOSUyQzYzNDElMkM2MzQyJTJDNjM0MyUyQzYzNDQlMkM2MzQ1JTJDNjM0NiUyQzYzNDclMkM2MzQ4JTJDNjM0OSUyQzYzNTAlMkM2MzUxJTJDNjM1MiUyQzYzNTMlMkM2MzU0JTJDNjM1NSUyQzYzNTYlMkM2MzU3JTJDNjM1OCUyQzYzNTklMkM2MzYwJTJDNjM2MSUyQzYzNjIlMkM2MzYzJTJDNjM2NCUyQzYzNjUlMkM2MzY2JTJDNjM2NyUyQzYzNjglMkM2MzY5JTJDNjM3MCUyQzYzNzElMkM2MzcyJTJDNjM3MyUyQzYzNzQlMkM2Mzc1JTJDNjM3NiUyQzYzNzclMkM2Mzc4JTJDNjM3OSUyQzYzODAlMkM2MzgxJTIyJTVE[\/vc_raw_html][vc_column_text css=\u00a0\u00bb.vc_custom_1649103748530{margin-bottom: 0px !important;}\u00a0\u00bb] D\u00c9CORS DE BALLONS SUR LA RIVE-SUD DE MONTR\u00c9AL TRANSFORMEZ VOS PROCHAINS \u00c9V\u00c9NEMENTS D\u2019AFFAIRES Que ce soit pour une exposition, un lancement de produit, ou la grande ouverture d\u2019un nouvel emplacement, les ballons sont un excellent [&hellip;]<\/p>\n","protected":false},"author":2,"featured_media":0,"parent":0,"menu_order":0,"comment_status":"closed","ping_status":"closed","template":"page-csa.php","meta":{"_monsterinsights_skip_tracking":false,"_monsterinsights_sitenote_active":false,"_monsterinsights_sitenote_note":"","_monsterinsights_sitenote_category":0},"_links":{"self":[{"href":"https:\/\/csaballoons.com\/fr\/wp-json\/wp\/v2\/pages\/4078"}],"collection":[{"href":"https:\/\/csaballoons.com\/fr\/wp-json\/wp\/v2\/pages"}],"about":[{"href":"https:\/\/csaballoons.com\/fr\/wp-json\/wp\/v2\/types\/page"}],"author":[{"embeddable":true,"href":"https:\/\/csaballoons.com\/fr\/wp-json\/wp\/v2\/users\/2"}],"replies":[{"embeddable":true,"href":"https:\/\/csaballoons.com\/fr\/wp-json\/wp\/v2\/comments?post=4078"}],"version-history":[{"count":10,"href":"https:\/\/csaballoons.com\/fr\/wp-json\/wp\/v2\/pages\/4078\/revisions"}],"predecessor-version":[{"id":7542,"href":"https:\/\/csaballoons.com\/fr\/wp-json\/wp\/v2\/pages\/4078\/revisions\/7542"}],"wp:attachment":[{"href":"https:\/\/csaballoons.com\/fr\/wp-json\/wp\/v2\/media?parent=4078"}],"curies":[{"name":"wp","href":"https:\/\/api.w.org\/{rel}","templated":true}]}}