{"id":4280,"date":"2018-07-17T14:17:34","date_gmt":"2018-07-17T14:17:34","guid":{"rendered":"https:\/\/csaballoons.com\/?page_id=4280"},"modified":"2023-04-19T17:11:22","modified_gmt":"2023-04-19T17:11:22","slug":"impression-de-ballons-en-gros","status":"publish","type":"page","link":"https:\/\/csaballoons.com\/fr\/impression-de-ballons-en-gros\/","title":{"rendered":"Impression sur ballons en gros"},"content":{"rendered":"[vc_row el_class=\u00a0\u00bbhome-header\u00a0\u00bb][vc_column el_class=\u00a0\u00bbhome-slider-header\u00a0\u00bb][mk_fullwidth_slideshow images=\u00a0\u00bb5406&Prime;][\/vc_column][vc_column el_class=\u00a0\u00bbheader-text\u00a0\u00bb][vc_column_text css=\u00a0\u00bb.vc_custom_1681243663460{margin-bottom: 0px !important;}\u00a0\u00bb]IMPRESSION SUR BALLONS EN GROS<\/p>\n\t\t\t\t\t<h3 class=\"since_texte\"><span class=\"font_un\">Depuis<\/span> <span class=\"font_deux\">2001<\/span><\/h3>\n\t\t<div id=\"ensem_trois_bouton\">\n\t\t\t<a href=\"https:\/\/csaballoons.com\/fr\/demande-de-prix\/\" class=\"bton_un\">Demander un devis<\/a>\n\t\t\t<a href=\"https:\/\/csaballoons.com\/fr\/commande\/\" class=\"bton_deux\">Commandes en ligne, 5% de rabais<\/a>\n\t\t\t<a href=\"https:\/\/csaballoons.com\/fr\/contact\/\" class=\"bton_trois\">Contact rapide<\/a>\n\t\t<\/div>\n\t\t\t\t\t\n\t\t[\/vc_column_text][\/vc_column][\/vc_row][vc_row el_class=\u00a0\u00bbhome-block1&Prime;][vc_column][vc_raw_html]JTVCaG9tZS1zbGlkZXIlMjBpZHMlM0QlMjI2MjQ4JTJDNjI0OSUyQzYyNTAlMkM2MjUxJTJDNjI1MiUyQzYyNTMlMkM2MjU0JTJDNjI1NSUyQzYyNTYlMkM2MjU3JTJDNjI1OCUyQzYyNTklMkM2MjYwJTJDNjI2MSUyQzYyNjIlMkM2MjYzJTJDNjI2NSUyQzYyNjYlMkM2MjY3JTJDNjI2OCUyQzYyNjklMkM2MjcwJTJDNjI3MSUyQzYyNzIlMkM2MjczJTJDNjI3NCUyQzYyNzUlMkM2Mjc2JTJDNjI3NyUyQzYyNzglMkM2Mjc5JTJDNjI4MCUyQzYyODElMkM2MjgyJTJDNjI4MyUyQzYyODQlMkM2Mjg1JTJDNjI4NiUyQzYyODclMkM2Mjg4JTJDNjI4OSUyQzYyOTAlMkM2MjkxJTJDNjI5MiUyQzYyOTMlMkM2Mjk0JTJDNjI5NSUyQzYyOTYlMkM2Mjk3JTJDNjI5OCUyQzYyOTklMkM2MzAwJTJDNjMwMSUyQzYzMDIlMkM2MzAzJTJDNjMwNCUyQzYzMDUlMkM2MzA2JTJDNjMwNyUyQzYzMDglMkM2MzA5JTJDNjMxMCUyQzYzMTElMkM2MzEyJTJDNjMxMyUyQzYzMTQlMkM2MzE1JTJDNjMxNiUyQzYzMTclMkM2MzE4JTJDNjMxOSUyQzYzMjAlMkM2MzIxJTJDNjMyMiUyQzYzMjMlMkM2MzI0JTJDNjMyNSUyQzYzMjYlMkM2MzI3JTJDNjMyOCUyQzYzMjklMkM2MzMwJTJDNjMzMSUyQzYzMzIlMkM2MzMzJTJDNjMzNSUyQzYzMzYlMkM2MzM3JTJDNjMzOSUyQzYzNDElMkM2MzQyJTJDNjM0MyUyQzYzNDQlMkM2MzQ1JTJDNjM0NiUyQzYzNDclMkM2MzQ4JTJDNjM0OSUyQzYzNTAlMkM2MzUxJTJDNjM1MiUyQzYzNTMlMkM2MzU0JTJDNjM1NSUyQzYzNTYlMkM2MzU3JTJDNjM1OCUyQzYzNTklMkM2MzYwJTJDNjM2MSUyQzYzNjIlMkM2MzYzJTJDNjM2NCUyQzYzNjUlMkM2MzY2JTJDNjM2NyUyQzYzNjglMkM2MzY5JTJDNjM3MCUyQzYzNzElMkM2MzcyJTJDNjM3MyUyQzYzNzQlMkM2Mzc1JTJDNjM3NiUyQzYzNzclMkM2Mzc4JTJDNjM3OSUyQzYzODAlMkM2MzgxJTIyJTVE[\/vc_raw_html][vc_column_text css=\u00a0\u00bb.vc_custom_1681243702242{margin-bottom: 0px !important;}\u00a0\u00bb]\n<h2 style=\"text-align: center;\">IMPRESSION SUR BALLONS EN GROS<\/h2>\n<p style=\"text-align: center;\">Des services d\u2019impression sur ballons en gros sont disponibles pour les distributeurs qualifi\u00e9s et les revendeurs de ballons en latex imprim\u00e9s personnalis\u00e9s. Nous offrons des ballons imprim\u00e9s de qualit\u00e9 sup\u00e9rieure \u00e0 nos clients qui ach\u00e8tent en grande quantit\u00e9, et nous livrons rapidement de grosses commandes de ballons imprim\u00e9s.<\/p>\n<p style=\"text-align: center;\">Ballons CSA fournit le niveau de service le plus \u00e9lev\u00e9 dans l\u2019impression de ballons en gros. Appelez-nous si vous avez besoin de 1000 \u00e0 100 000 ballons promotionnels imprim\u00e9s et livr\u00e9s dans des d\u00e9lais serr\u00e9s.<\/p>\n<p style=\"text-align: center;\">Envoyez votre logo par courriel afin que nous puissions pr\u00e9parer des \u00e9preuves gratuites pour vous montrer \u00e0 quoi ressembleront vos ballons personnalis\u00e9s en gros.<\/p>\n[\/vc_column_text][vc_single_image image=\u00a0\u00bb7689&Prime; img_size=\u00a0\u00bbfull\u00a0\u00bb alignment=\u00a0\u00bbcenter\u00a0\u00bb][vc_single_image image=\u00a0\u00bb5415&Prime; img_size=\u00a0\u00bbfull\u00a0\u00bb el_class=\u00a0\u00bbcsa-confetti\u00a0\u00bb][\/vc_column][\/vc_row][vc_row el_class=\u00a0\u00bbhome-block2&Prime;][vc_column][vc_raw_html]JTNDaDIlMjBjbGFzcyUzRCUyMnByb2R0aXRsZUIlMjIlM0UlMEElM0NhJTIwaHJlZiUzRCUyMiUyRmNvbW1lbnQtc29udC1mYWJyaXF1ZXMtbGVzLWJhbGxvbnMtZW4tbGF0ZXgtbmF0dXJlbCUyRiUyMiUzRSUzQ2ltZyUyMHNyYyUzRCUyMiUyRndwLWNvbnRlbnQlMkZ1cGxvYWRzJTJGMjAyMSUyRjAzJTJGY3NhLWJpb2ZyLTItMTI1eDEyNS1zLnBuZyUyMiUyMCUyRiUzRSUzQyUyRmElM0UlMEElM0NzcGFuJTNFQ29tcGwlQzMlQTl0ZXolMjB2b3RyZSUyMGNvbW1hbmRlJTIwZGUlMjBiYWxsb25zJTNDYnIlM0UlMEFwZXJzb25uYWxpcyVDMyVBOXMlMjBlbiUyMGxpZ25lJTIwZXQlMjBvYnRlbmV6JTIwJTNDc3Ryb25nJTNFNSUyNSUzQyUyRnN0cm9uZyUzRSUyMGRlJTIwcmFiYWlzLiUzQyUyRnNwYW4lM0UlMEElM0NhJTIwaHJlZiUzRCUyMiUyRmNvbW1lbnQtc29udC1mYWJyaXF1ZXMtbGVzLWJhbGxvbnMtZW4tbGF0ZXgtbmF0dXJlbCUyRiUyMiUzRSUzQ2ltZyUyMHNyYyUzRCUyMiUyRndwLWNvbnRlbnQlMkZ1cGxvYWRzJTJGMjAyMSUyRjAzJTJGY3NhLWJpb2ZyLTItMTI1eDEyNS1zLnBuZyUyMiUyMCUyRiUzRSUzQyUyRmElM0UlMEElM0MlMkZoMiUzRQ==[\/vc_raw_html][vc_column_text css=\u00a0\u00bb.vc_custom_1645619628705{margin-bottom: 40px !important;}\u00a0\u00bb]\n            <div class=\"products-home\" isapp=\"\">\n                                <!-- <h2>\n                    <img src=\"\/wp-content\/uploads\/2021\/03\/csa-biofr-2-125x125-s.png\">\n                    <img src=\"\/wp-content\/uploads\/2021\/03\/csa-biofr-2-125x125-s.png\">\n                    <img src=\"\/wp-content\/uploads\/2021\/03\/csa-biofr-2-125x125-s.png\">\n                    <span>\n                                        <\/span>\n                    <img src=\"\/wp-content\/uploads\/2021\/03\/csa-biofr-2-125x125-s.png\">\n                    <img src=\"\/wp-content\/uploads\/2021\/03\/csa-biofr-2-125x125-s.png\">\n                    <img src=\"\/wp-content\/uploads\/2021\/03\/csa-biofr-2-125x125-s.png\">\n                <\/h2> -->\n                                <div class=\"products-home-block\">\n                                                    <a href=\"commande\/\/#latex-12\">\n                                    <img src=\"https:\/\/csaballoons.com\/wp-content\/uploads\/2021\/03\/csa-products-balloons-1.png\" alt=\"Latex 12\u201d\">\n                                    <h2>Latex 12\u201d<\/h2>\n                                <\/a>\n                                                            <a href=\"commande\/\/#latex-16\">\n                                    <img src=\"https:\/\/csaballoons.com\/wp-content\/uploads\/2021\/03\/csa-products-balloons-2.png\" alt=\"Latex 16\u201d\">\n                                    <h2>Latex 16\u201d<\/h2>\n                                <\/a>\n                                                            <a href=\"commande\/\/#latex-24\">\n                                    <img src=\"https:\/\/csaballoons.com\/wp-content\/uploads\/2021\/03\/csa-products-balloons-3.png\" alt=\"Latex 24\u201d\">\n                                    <h2>Latex 24\u201d<\/h2>\n                                <\/a>\n                                                            <a href=\"commande\/\/#latex-36\">\n                                    <img src=\"https:\/\/csaballoons.com\/wp-content\/uploads\/2021\/03\/csa-products-balloons-4.png\" alt=\"Latex 36\u201d\">\n                                    <h2>Latex 36\u201d<\/h2>\n                                <\/a>\n                                                            <a href=\"commande\/\/#round-foil\">\n                                    <img src=\"https:\/\/csaballoons.com\/wp-content\/uploads\/2021\/03\/csa-products-balloons-6.png\" alt=\"18\u201d Round Foil\">\n                                    <h2>Mylar Rond 18\u201d<\/h2>\n                                <\/a>\n                                                            <a href=\"commande\/\/#heart-foil\">\n                                    <img src=\"https:\/\/csaballoons.com\/wp-content\/uploads\/2021\/03\/csa-products-balloons-7.png\" alt=\"18\u201d Heart Foil\">\n                                    <h2>Mylar Coeur 18\u201d<\/h2>\n                                <\/a>\n                                                            <a href=\"commande\/\/#star-foil\">\n                                    <img src=\"https:\/\/csaballoons.com\/wp-content\/uploads\/2021\/03\/csa-products-balloons-8.png\" alt=\"18\u201d Star Foil\">\n                                    <h2>Mylar \u00c9toile 18\u201d<\/h2>\n                                <\/a>\n                                            <\/div>\n            <\/div>\n        \n        \n[\/vc_column_text][vc_column_text css=\u00a0\u00bb.vc_custom_1681924273522{margin-bottom: 0px !important;}\u00a0\u00bb]<div class=\"wp-block-button pbutton alt blue-button\"><a class=\"wp-block-button__link blue-button\" href=\"https:\/\/csaballoons.com\/fr\/devis\/\" target=\"\"><strong> Demander une Soumission <\/strong><\/a><\/div>[\/vc_column_text][vc_single_image image=\u00a0\u00bb5447&Prime; img_size=\u00a0\u00bbfull\u00a0\u00bb el_class=\u00a0\u00bbcsa-roundbox\u00a0\u00bb][\/vc_column][\/vc_row][vc_row el_class=\u00a0\u00bbhome-block6&Prime;][vc_column width=\u00a0\u00bb1\/2&Prime;][vc_column_text css=\u00a0\u00bb.vc_custom_1681329591336{margin-bottom: 0px !important;}\u00a0\u00bb]\n<h2>BALLONS PERSONNALIS\u00c9S POUR MARQUES PRIV\u00c9ES<\/h2>\n<p>Nous sommes les imprimeurs fiables de ballons personnalis\u00e9s de marque priv\u00e9e pour les fournisseurs de produits promotionnels et les d\u00e9taillants. Nous imprimerons vos ballons personnalis\u00e9s avec vos conceptions sp\u00e9cifiques et les livrerons selon vos besoins: directement \u00e0 vos clients ou \u00e0 vos installations; toujours dans un emballage vide, afin que vos clients ne connaissent pas notre implication. Avec Ballons CSA, tout ce dont vous aurez \u00e0 vous soucier est de vendre vos ballons magnifiquement imprim\u00e9s!<\/p>\n<p>Commandez des ballons personnalis\u00e9s aujourd\u2019hui, et nous ferons votre impression demain!<\/p>\n<p>Contactez-nous et voyez comment nous facilitons l\u2019obtention de ballons. Vous pouvez \u00e9galement utiliser le formulaire Soumission Rapide pour nous envoyer votre logo maintenant, afin que nous puissions pr\u00e9parer des \u00e9preuves et confirmer les co\u00fbts rapidement.[\/vc_column_text][\/vc_column][vc_column width=\u00a0\u00bb1\/2&Prime;][vc_video link=\u00a0\u00bbhttps:\/\/www.youtube.com\/watch?v=XiEPBnHs9sE&amp;feature=youtu.be\u00a0\u00bb][\/vc_column][\/vc_row][vc_row el_class=\u00a0\u00bbhome-block5&Prime;][vc_column width=\u00a0\u00bb1\/6&Prime;][\/vc_column][vc_column width=\u00a0\u00bb2\/3&Prime;][vc_video link=\u00a0\u00bbhttps:\/\/youtu.be\/ehQdxPyUlGg\u00a0\u00bb][\/vc_column][vc_column width=\u00a0\u00bb1\/6&Prime;][\/vc_column][\/vc_row][vc_row el_class=\u00a0\u00bbhome-block6&Prime;][vc_column width=\u00a0\u00bb1\/2&Prime;][vc_single_image image=\u00a0\u00bb7692&Prime; img_size=\u00a0\u00bbfull\u00a0\u00bb alignment=\u00a0\u00bbcenter\u00a0\u00bb][\/vc_column][vc_column width=\u00a0\u00bb1\/2&Prime;][vc_column_text css=\u00a0\u00bb.vc_custom_1681243886791{margin-bottom: 0px !important;}\u00a0\u00bb]\n<h3>COMMANDEZ VOS BALLONS PERSONNALIS\u00c9S AVEC BALLONS CSA POUR:<\/h3>\n<ul>\n<li>Impression de ballon de qualit\u00e9 sup\u00e9rieure avec des logos imprim\u00e9s jusqu\u2019\u00e0 7 pouces de large<\/li>\n<li>impression de ballons personnalis\u00e9s en gros la plus rapide<\/li>\n<li>Ballons en latex naturel biod\u00e9gradables<\/li>\n<li>Jusqu\u2019\u00e0 8 couleurs d\u2019impression<\/li>\n<li>Vaste choix de couleurs, de tailles et de finis de ballons<\/li>\n<li>Prix de gros simple pour toutes les commandes de plus de 10 000 unit\u00e9s<\/li>\n<\/ul>\n<p>Passez votre commande aupr\u00e8s des professionnels de l\u2019impression de ballons et soyez assur\u00e9 qu\u2019un produit de qualit\u00e9 sera livr\u00e9 \u00e0 temps et comme promis. Lorsque vous voyez un ballon magnifiquement imprim\u00e9 chez un d\u00e9taillant national ou un grand \u00e9v\u00e9nement, il est probable qu\u2019il a \u00e9t\u00e9 imprim\u00e9 dans notre centre d\u2019impression de ballons de classe mondiale. Notre \u00e9quipement moderne unique et nos normes de haute qualit\u00e9 nous aident \u00e0 imprimer les meilleurs ballons personnalis\u00e9s au monde.<\/p>\n[\/vc_column_text][\/vc_column][\/vc_row][vc_row el_class=\u00a0\u00bbhome-block6&Prime;][vc_column width=\u00a0\u00bb1\/2&Prime;][vc_column_text css=\u00a0\u00bb.vc_custom_1681243924992{margin-bottom: 0px !important;}\u00a0\u00bb]\n<h2>IMPRESSION DE BALLONS EN GROS POUR VOS CLIENTS<\/h2>\n<p>Les ballons imprim\u00e9s personnalis\u00e9s sont un cadeau promotionnel efficace et peu co\u00fbteux qui peut \u00eatre utilis\u00e9 lors d\u2019\u00e9v\u00e9nements et de points de vente au d\u00e9tail. Les ballons imprim\u00e9s avec le logo d\u2019une entreprise portent une marque dans les c\u0153urs et les esprits des clients potentiels. Avec notre livraison rapide de ballons imprim\u00e9s en gros, vos clients recevront leur commande \u00e0 temps pour leur prochain \u00e9v\u00e9nement.<\/p>\n<p>Faites-nous confiance avec la marque de vos clients. Notre sp\u00e9cialit\u00e9 est la livraison rapide de ballons imprim\u00e9s personnalis\u00e9s de qualit\u00e9 sup\u00e9rieure.<\/p>\n<p><a href=\"https:\/\/csaballoons.com\/fr\/contact\/\">Contactez-nous<\/a> d\u00e8s maintenant pour commencer. Notre personnel d\u00e9vou\u00e9 est pr\u00eat \u00e0 vous aider avec votre commande.<\/p>\n[\/vc_column_text][\/vc_column][vc_column width=\u00a0\u00bb1\/2&Prime;][vc_single_image image=\u00a0\u00bb67&Prime; img_size=\u00a0\u00bbfull\u00a0\u00bb][\/vc_column][\/vc_row][vc_row el_class=\u00a0\u00bbhome-block6&Prime;][vc_column width=\u00a0\u00bb1\/2&Prime;][vc_column_text css=\u00a0\u00bb.vc_custom_1681329608854{margin-bottom: 0px !important;}\u00a0\u00bb]\n<h2>BALLONS EN LATEX NATURELS ET BIOD\u00c9GRADABLES EN GROS<\/h2>\n<p>Lorsque vous commandez chez Ballons CSA, vous pouvez \u00eatre s\u00fbr que vous obtiendrez les meilleurs produits \u00e0 un prix comp\u00e9titif.<\/p>\n<p>Nos ballons personnalis\u00e9s sont imprim\u00e9s sur des ballons en latex 100% naturels et biod\u00e9gradables.Nos ballons sont donc l\u2019un des produits les plus avantageux:<\/p>\n<ul>\n<li>Qualit\u00e9 sup\u00e9rieure<\/li>\n<li>Co\u00fbt incroyablement comp\u00e9titif<\/li>\n<li>Livraison rapide<\/li>\n<li>\u00c9cologique<\/li>\n<\/ul>\n<p>Lorsque vous \u00eates pr\u00eat \u00e0 d\u00e9buter votre commande, veuillez nous envoyer le fichier contenant votre logo ou appelez-nous\u00a0 et demandez \u00e0 parler avec un repr\u00e9sentant du service de vente en gros.<\/p>\n<p>Nous serons heureux de commencer votre commande rapidement![\/vc_column_text][\/vc_column][vc_column width=\u00a0\u00bb1\/2&Prime;][vc_single_image image=\u00a0\u00bb3811&Prime; img_size=\u00a0\u00bbfull\u00a0\u00bb][\/vc_column][\/vc_row][vc_row el_class=\u00a0\u00bbhome-block7&Prime;][vc_column][vc_column_text css=\u00a0\u00bb.vc_custom_1681924213396{margin-bottom: 0px !important;}\u00a0\u00bb]<div class=\"wp-block-button pbutton alt blue-button\"><a class=\"wp-block-button__link blue-button\" href=\"https:\/\/csaballoons.com\/fr\/devis\/\" target=\"\"><strong> Demander une Soumission<\/strong><\/a><\/div>[\/vc_column_text][\/vc_column][\/vc_row][vc_row el_class=\u00a0\u00bbhome-block8&Prime;][vc_column][vc_single_image image=\u00a0\u00bb5466&Prime; img_size=\u00a0\u00bbfull\u00a0\u00bb el_class=\u00a0\u00bbcsa-balloon-banner\u00a0\u00bb][vc_single_image image=\u00a0\u00bb5415&Prime; img_size=\u00a0\u00bbfull\u00a0\u00bb el_class=\u00a0\u00bbcsa-confetti\u00a0\u00bb][vc_column_text align=\u00a0\u00bbcenter\u00a0\u00bb css=\u00a0\u00bb.vc_custom_1681244026495{margin-bottom: 0px !important;}\u00a0\u00bb]\n<h1>IMPRESSION SUR BALLONS EN GROS<\/h1>\n<p>Il nous fera plaisir de vous fournir des id\u00e9es et des essais gratuits pour vos ballons personnalis\u00e9s.[\/vc_column_text][vc_single_image image=\u00a0\u00bb5415&Prime; img_size=\u00a0\u00bbfull\u00a0\u00bb el_class=\u00a0\u00bbcsa-confetti csa-confettiB\u00a0\u00bb][\/vc_column][\/vc_row][vc_row][vc_column][vc_column_text css=\u00a0\u00bb.vc_custom_1681922598396{margin-bottom: 0px !important;}\u00a0\u00bb]\n<h2 style=\"text-align: center;\">COULEURS STANDARDS DE BALLONS<\/h2>\n[\/vc_column_text][vc_single_image image=\u00a0\u00bb247&Prime; img_size=\u00a0\u00bbfull\u00a0\u00bb alignment=\u00a0\u00bbcenter\u00a0\u00bb el_class=\u00a0\u00bbcsa-balloon-banner\u00a0\u00bb][\/vc_column][\/vc_row][vc_row][vc_column][vc_column_text css=\u00a0\u00bb.vc_custom_1681922605312{margin-bottom: 0px !important;}\u00a0\u00bb]\n<h2 style=\"text-align: center;\">COULEURS CRISTALLINES DE BALLONS<\/h2>\n[\/vc_column_text][vc_single_image image=\u00a0\u00bb256&Prime; img_size=\u00a0\u00bbfull\u00a0\u00bb alignment=\u00a0\u00bbcenter\u00a0\u00bb el_class=\u00a0\u00bbcsa-balloon-banner\u00a0\u00bb][\/vc_column][\/vc_row][vc_row][vc_column][vc_column_text css=\u00a0\u00bb.vc_custom_1681922612642{margin-bottom: 0px !important;}\u00a0\u00bb]\n<h2 style=\"text-align: center;\">COULEURS M\u00c9TALLIQUES DE BALLONS<\/h2>\n[\/vc_column_text][vc_single_image image=\u00a0\u00bb264&Prime; img_size=\u00a0\u00bbfull\u00a0\u00bb alignment=\u00a0\u00bbcenter\u00a0\u00bb el_class=\u00a0\u00bbcsa-balloon-banner\u00a0\u00bb][\/vc_column][\/vc_row][vc_row el_class=\u00a0\u00bbcsa-infolettre\u00a0\u00bb][vc_column][vc_column_text css=\u00a0\u00bb.vc_custom_1681330727686{margin-bottom: 0px !important;}\u00a0\u00bb]\n<h2>Inscription \u00e0 notre infolettre<\/h2>\n<div role=\"form\" class=\"wpcf7\" id=\"wpcf7-f5438-o1\" lang=\"en-US\" dir=\"ltr\">\n<div class=\"screen-reader-response\"><p role=\"status\" aria-live=\"polite\" aria-atomic=\"true\"><\/p> <ul><\/ul><\/div>\n<form action=\"\/fr\/wp-json\/wp\/v2\/pages\/4280#wpcf7-f5438-o1\" method=\"post\" class=\"wpcf7-form init\" novalidate=\"novalidate\" data-status=\"init\">\n<div style=\"display: none;\">\n<input type=\"hidden\" name=\"_wpcf7\" value=\"5438\" \/>\n<input type=\"hidden\" name=\"_wpcf7_version\" value=\"5.5.6.1\" \/>\n<input type=\"hidden\" name=\"_wpcf7_locale\" value=\"en_US\" \/>\n<input type=\"hidden\" name=\"_wpcf7_unit_tag\" value=\"wpcf7-f5438-o1\" \/>\n<input type=\"hidden\" name=\"_wpcf7_container_post\" value=\"0\" \/>\n<input type=\"hidden\" name=\"_wpcf7_posted_data_hash\" value=\"\" \/>\n<\/div>\n<div class=\"crow\"><span class=\"wpcf7-form-control-wrap your-last\"><input type=\"text\" name=\"your-last\" value=\"\" size=\"40\" class=\"wpcf7-form-control wpcf7-text wpcf7-validates-as-required\" aria-required=\"true\" aria-invalid=\"false\" placeholder=\"Votre nom\" \/><\/span><span class=\"wpcf7-form-control-wrap your-email\"><input type=\"email\" name=\"your-email\" value=\"\" size=\"40\" class=\"wpcf7-form-control wpcf7-text wpcf7-email wpcf7-validates-as-required wpcf7-validates-as-email\" aria-required=\"true\" aria-invalid=\"false\" placeholder=\"Votre courriel\" \/><\/span>\n<div class=\"cbutton\"><input type=\"submit\" value=\"Je m\u2019inscris\" class=\"wpcf7-form-control has-spinner wpcf7-submit\" \/><\/div>\n<\/div>\n<input type=\"hidden\" id=\"ct_checkjs_cf7_766ebcd59621e305170616ba3d3dac32\" name=\"ct_checkjs_cf7\" value=\"0\" \/><input\n                    class=\"apbct_special_field apbct_email_id__wp_contact_form_7\"\n                    name=\"apbct__email_id__wp_contact_form_7\"\n                    aria-label=\"apbct__label_id__wp_contact_form_7\"\n                    type=\"text\" size=\"30\" maxlength=\"200\" autocomplete=\"off\"\n                    value=\"\"\n                \/><div class=\"wpcf7-response-output\" aria-hidden=\"true\"><\/div><\/form><\/div>[\/vc_column_text][\/vc_column][\/vc_row]\n","protected":false},"excerpt":{"rendered":"<p>[vc_row el_class=\u00a0\u00bbhome-header\u00a0\u00bb][vc_column el_class=\u00a0\u00bbhome-slider-header\u00a0\u00bb][mk_fullwidth_slideshow images=\u00a0\u00bb5406&Prime;][\/vc_column][vc_column el_class=\u00a0\u00bbheader-text\u00a0\u00bb][vc_column_text css=\u00a0\u00bb.vc_custom_1681243663460{margin-bottom: 0px !important;}\u00a0\u00bb]IMPRESSION SUR BALLONS EN GROS [\/vc_column_text][\/vc_column][\/vc_row][vc_row el_class=\u00a0\u00bbhome-block1&Prime;][vc_column][vc_raw_html]JTVCaG9tZS1zbGlkZXIlMjBpZHMlM0QlMjI2MjQ4JTJDNjI0OSUyQzYyNTAlMkM2MjUxJTJDNjI1MiUyQzYyNTMlMkM2MjU0JTJDNjI1NSUyQzYyNTYlMkM2MjU3JTJDNjI1OCUyQzYyNTklMkM2MjYwJTJDNjI2MSUyQzYyNjIlMkM2MjYzJTJDNjI2NSUyQzYyNjYlMkM2MjY3JTJDNjI2OCUyQzYyNjklMkM2MjcwJTJDNjI3MSUyQzYyNzIlMkM2MjczJTJDNjI3NCUyQzYyNzUlMkM2Mjc2JTJDNjI3NyUyQzYyNzglMkM2Mjc5JTJDNjI4MCUyQzYyODElMkM2MjgyJTJDNjI4MyUyQzYyODQlMkM2Mjg1JTJDNjI4NiUyQzYyODclMkM2Mjg4JTJDNjI4OSUyQzYyOTAlMkM2MjkxJTJDNjI5MiUyQzYyOTMlMkM2Mjk0JTJDNjI5NSUyQzYyOTYlMkM2Mjk3JTJDNjI5OCUyQzYyOTklMkM2MzAwJTJDNjMwMSUyQzYzMDIlMkM2MzAzJTJDNjMwNCUyQzYzMDUlMkM2MzA2JTJDNjMwNyUyQzYzMDglMkM2MzA5JTJDNjMxMCUyQzYzMTElMkM2MzEyJTJDNjMxMyUyQzYzMTQlMkM2MzE1JTJDNjMxNiUyQzYzMTclMkM2MzE4JTJDNjMxOSUyQzYzMjAlMkM2MzIxJTJDNjMyMiUyQzYzMjMlMkM2MzI0JTJDNjMyNSUyQzYzMjYlMkM2MzI3JTJDNjMyOCUyQzYzMjklMkM2MzMwJTJDNjMzMSUyQzYzMzIlMkM2MzMzJTJDNjMzNSUyQzYzMzYlMkM2MzM3JTJDNjMzOSUyQzYzNDElMkM2MzQyJTJDNjM0MyUyQzYzNDQlMkM2MzQ1JTJDNjM0NiUyQzYzNDclMkM2MzQ4JTJDNjM0OSUyQzYzNTAlMkM2MzUxJTJDNjM1MiUyQzYzNTMlMkM2MzU0JTJDNjM1NSUyQzYzNTYlMkM2MzU3JTJDNjM1OCUyQzYzNTklMkM2MzYwJTJDNjM2MSUyQzYzNjIlMkM2MzYzJTJDNjM2NCUyQzYzNjUlMkM2MzY2JTJDNjM2NyUyQzYzNjglMkM2MzY5JTJDNjM3MCUyQzYzNzElMkM2MzcyJTJDNjM3MyUyQzYzNzQlMkM2Mzc1JTJDNjM3NiUyQzYzNzclMkM2Mzc4JTJDNjM3OSUyQzYzODAlMkM2MzgxJTIyJTVE[\/vc_raw_html][vc_column_text css=\u00a0\u00bb.vc_custom_1681243702242{margin-bottom: 0px !important;}\u00a0\u00bb] IMPRESSION SUR BALLONS EN GROS Des services d\u2019impression sur ballons en gros sont disponibles pour les distributeurs qualifi\u00e9s et les revendeurs de ballons en latex imprim\u00e9s personnalis\u00e9s. Nous offrons des ballons imprim\u00e9s de qualit\u00e9 sup\u00e9rieure \u00e0 nos clients [&hellip;]<\/p>\n","protected":false},"author":3,"featured_media":0,"parent":0,"menu_order":0,"comment_status":"closed","ping_status":"closed","template":"page-csa.php","meta":{"_monsterinsights_skip_tracking":false,"_monsterinsights_sitenote_active":false,"_monsterinsights_sitenote_note":"","_monsterinsights_sitenote_category":0},"_links":{"self":[{"href":"https:\/\/csaballoons.com\/fr\/wp-json\/wp\/v2\/pages\/4280"}],"collection":[{"href":"https:\/\/csaballoons.com\/fr\/wp-json\/wp\/v2\/pages"}],"about":[{"href":"https:\/\/csaballoons.com\/fr\/wp-json\/wp\/v2\/types\/page"}],"author":[{"embeddable":true,"href":"https:\/\/csaballoons.com\/fr\/wp-json\/wp\/v2\/users\/3"}],"replies":[{"embeddable":true,"href":"https:\/\/csaballoons.com\/fr\/wp-json\/wp\/v2\/comments?post=4280"}],"version-history":[{"count":17,"href":"https:\/\/csaballoons.com\/fr\/wp-json\/wp\/v2\/pages\/4280\/revisions"}],"predecessor-version":[{"id":7907,"href":"https:\/\/csaballoons.com\/fr\/wp-json\/wp\/v2\/pages\/4280\/revisions\/7907"}],"wp:attachment":[{"href":"https:\/\/csaballoons.com\/fr\/wp-json\/wp\/v2\/media?parent=4280"}],"curies":[{"name":"wp","href":"https:\/\/api.w.org\/{rel}","templated":true}]}}