{"id":4327,"date":"2018-08-17T18:09:11","date_gmt":"2018-08-17T18:09:11","guid":{"rendered":"https:\/\/csaballoons.com\/?page_id=4327"},"modified":"2023-04-19T17:09:04","modified_gmt":"2023-04-19T17:09:04","slug":"ballons-imprimes-fondations","status":"publish","type":"page","link":"https:\/\/csaballoons.com\/fr\/ballons-imprimes-fondations\/","title":{"rendered":"BALLONS IMPRIM\u00c9S PERSONNALIS\u00c9S POUR ORGANISMES \u00c0 BUT NON LUCRATIF"},"content":{"rendered":"[vc_row el_class=\u00a0\u00bbhome-header\u00a0\u00bb][vc_column el_class=\u00a0\u00bbhome-slider-header\u00a0\u00bb][mk_fullwidth_slideshow images=\u00a0\u00bb5406&Prime;][\/vc_column][vc_column el_class=\u00a0\u00bbheader-text\u00a0\u00bb][vc_column_text css=\u00a0\u00bb.vc_custom_1681245203856{margin-bottom: 0px !important;}\u00a0\u00bb]BALLONS IMPRIM\u00c9S PERSONNALIS\u00c9S POUR ORGANISMES \u00c0 BUT NON LUCRATIF<\/p>\n\t\t\t\t\t<h3 class=\"since_texte\"><span class=\"font_un\">Depuis<\/span> <span class=\"font_deux\">2001<\/span><\/h3>\n\t\t<div id=\"ensem_trois_bouton\">\n\t\t\t<a href=\"https:\/\/csaballoons.com\/fr\/demande-de-prix\/\" class=\"bton_un\">Demander un devis<\/a>\n\t\t\t<a href=\"https:\/\/csaballoons.com\/fr\/commande\/\" class=\"bton_deux\">Commandes en ligne, 5% de rabais<\/a>\n\t\t\t<a href=\"https:\/\/csaballoons.com\/fr\/contact\/\" class=\"bton_trois\">Contact rapide<\/a>\n\t\t<\/div>\n\t\t\t\t\t\n\t\t[\/vc_column_text][\/vc_column][\/vc_row][vc_row el_class=\u00a0\u00bbhome-block1&Prime;][vc_column][vc_raw_html]JTVCaG9tZS1zbGlkZXIlMjBpZHMlM0QlMjI2MjQ4JTJDNjI0OSUyQzYyNTAlMkM2MjUxJTJDNjI1MiUyQzYyNTMlMkM2MjU0JTJDNjI1NSUyQzYyNTYlMkM2MjU3JTJDNjI1OCUyQzYyNTklMkM2MjYwJTJDNjI2MSUyQzYyNjIlMkM2MjYzJTJDNjI2NSUyQzYyNjYlMkM2MjY3JTJDNjI2OCUyQzYyNjklMkM2MjcwJTJDNjI3MSUyQzYyNzIlMkM2MjczJTJDNjI3NCUyQzYyNzUlMkM2Mjc2JTJDNjI3NyUyQzYyNzglMkM2Mjc5JTJDNjI4MCUyQzYyODElMkM2MjgyJTJDNjI4MyUyQzYyODQlMkM2Mjg1JTJDNjI4NiUyQzYyODclMkM2Mjg4JTJDNjI4OSUyQzYyOTAlMkM2MjkxJTJDNjI5MiUyQzYyOTMlMkM2Mjk0JTJDNjI5NSUyQzYyOTYlMkM2Mjk3JTJDNjI5OCUyQzYyOTklMkM2MzAwJTJDNjMwMSUyQzYzMDIlMkM2MzAzJTJDNjMwNCUyQzYzMDUlMkM2MzA2JTJDNjMwNyUyQzYzMDglMkM2MzA5JTJDNjMxMCUyQzYzMTElMkM2MzEyJTJDNjMxMyUyQzYzMTQlMkM2MzE1JTJDNjMxNiUyQzYzMTclMkM2MzE4JTJDNjMxOSUyQzYzMjAlMkM2MzIxJTJDNjMyMiUyQzYzMjMlMkM2MzI0JTJDNjMyNSUyQzYzMjYlMkM2MzI3JTJDNjMyOCUyQzYzMjklMkM2MzMwJTJDNjMzMSUyQzYzMzIlMkM2MzMzJTJDNjMzNSUyQzYzMzYlMkM2MzM3JTJDNjMzOSUyQzYzNDElMkM2MzQyJTJDNjM0MyUyQzYzNDQlMkM2MzQ1JTJDNjM0NiUyQzYzNDclMkM2MzQ4JTJDNjM0OSUyQzYzNTAlMkM2MzUxJTJDNjM1MiUyQzYzNTMlMkM2MzU0JTJDNjM1NSUyQzYzNTYlMkM2MzU3JTJDNjM1OCUyQzYzNTklMkM2MzYwJTJDNjM2MSUyQzYzNjIlMkM2MzYzJTJDNjM2NCUyQzYzNjUlMkM2MzY2JTJDNjM2NyUyQzYzNjglMkM2MzY5JTJDNjM3MCUyQzYzNzElMkM2MzcyJTJDNjM3MyUyQzYzNzQlMkM2Mzc1JTJDNjM3NiUyQzYzNzclMkM2Mzc4JTJDNjM3OSUyQzYzODAlMkM2MzgxJTIyJTVE[\/vc_raw_html][vc_column_text css=\u00a0\u00bb.vc_custom_1681245252523{margin-bottom: 0px !important;}\u00a0\u00bb]\n<h2 style=\"text-align: center;\">BALLONS IMPRIM\u00c9S PERSONNALIS\u00c9S POUR ORGANISMES \u00c0 BUT NON LUCRATIF<\/h2>\n<h3 style=\"text-align: center;\">BALLONS PERSONNALIS\u00c9S DE HAUTE QUALIT\u00c9 \u00c0 UN PRIX ABORDABLE<\/h3>\n<p style=\"text-align: center;\">Ballons CSA est le premier imprimeur de ballons personnalis\u00e9s en Am\u00e9rique du Nord. Des centaines d\u2019organisations \u00e0 but non lucratif ont fait confiance \u00e0 nos produits pour promouvoir leur cause et sensibiliser le public.<\/p>\n<p style=\"text-align: center;\">Nos ballons personnalis\u00e9s sont r\u00e9put\u00e9s pour leur qualit\u00e9, leur clart\u00e9, leur pr\u00e9cision et leur taille d\u2019impression.<\/p>\n<p style=\"text-align: center;\">Depuis plus de 15 ans, nous apportons une touche particuli\u00e8re aux \u00e9v\u00e9nements de toutes tailles. Choisissez une entreprise qui ira au-del\u00e0 de votre organisation.<\/p>\n<p style=\"text-align: center;\"><a href=\"https:\/\/csaballoons.com\/fr\/contact\/\">Contactez Ballons CSA aujourd\u2019hui<\/a>.<\/p>\n<p style=\"text-align: center;\">Les ballons imprim\u00e9s avec logo sont populaires aupr\u00e8s des entreprises \u00e0 but non lucratif et \u00e0 but lucratif en raison de leur rapport qualit\u00e9-prix exceptionnel.<\/p>\n<p style=\"text-align: center;\">Vous pouvez obtenir des milliers de panneaux d\u2019affichage flottants pour votre marque ou votre message pour quelques centaines de dollars.<\/p>\n<p style=\"text-align: center;\">Rien n\u2019est comparable aux ballons de CSA lorsqu\u2019il est question de construire votre image de marque rentablement.<\/p>\n[\/vc_column_text][vc_single_image image=\u00a0\u00bb5415&Prime; img_size=\u00a0\u00bbfull\u00a0\u00bb el_class=\u00a0\u00bbcsa-confetti\u00a0\u00bb][\/vc_column][\/vc_row][vc_row el_class=\u00a0\u00bbhome-block2&Prime;][vc_column][vc_raw_html]JTNDaDIlMjBjbGFzcyUzRCUyMnByb2R0aXRsZUIlMjIlM0UlMEElM0NhJTIwaHJlZiUzRCUyMiUyRmNvbW1lbnQtc29udC1mYWJyaXF1ZXMtbGVzLWJhbGxvbnMtZW4tbGF0ZXgtbmF0dXJlbCUyRiUyMiUzRSUzQ2ltZyUyMHNyYyUzRCUyMiUyRndwLWNvbnRlbnQlMkZ1cGxvYWRzJTJGMjAyMSUyRjAzJTJGY3NhLWJpb2ZyLTItMTI1eDEyNS1zLnBuZyUyMiUyMCUyRiUzRSUzQyUyRmElM0UlMEElM0NzcGFuJTNFQ29tcGwlQzMlQTl0ZXolMjB2b3RyZSUyMGNvbW1hbmRlJTIwZGUlMjBiYWxsb25zJTNDYnIlM0UlMEFwZXJzb25uYWxpcyVDMyVBOXMlMjBlbiUyMGxpZ25lJTIwZXQlMjBvYnRlbmV6JTIwJTNDc3Ryb25nJTNFNSUyNSUzQyUyRnN0cm9uZyUzRSUyMGRlJTIwcmFiYWlzLiUzQyUyRnNwYW4lM0UlMEElM0NhJTIwaHJlZiUzRCUyMiUyRmNvbW1lbnQtc29udC1mYWJyaXF1ZXMtbGVzLWJhbGxvbnMtZW4tbGF0ZXgtbmF0dXJlbCUyRiUyMiUzRSUzQ2ltZyUyMHNyYyUzRCUyMiUyRndwLWNvbnRlbnQlMkZ1cGxvYWRzJTJGMjAyMSUyRjAzJTJGY3NhLWJpb2ZyLTItMTI1eDEyNS1zLnBuZyUyMiUyMCUyRiUzRSUzQyUyRmElM0UlMEElM0MlMkZoMiUzRQ==[\/vc_raw_html][vc_column_text css=\u00a0\u00bb.vc_custom_1645619628705{margin-bottom: 40px !important;}\u00a0\u00bb]\n            <div class=\"products-home\" isapp=\"\">\n                                <!-- <h2>\n                    <img src=\"\/wp-content\/uploads\/2021\/03\/csa-biofr-2-125x125-s.png\">\n                    <img src=\"\/wp-content\/uploads\/2021\/03\/csa-biofr-2-125x125-s.png\">\n                    <img src=\"\/wp-content\/uploads\/2021\/03\/csa-biofr-2-125x125-s.png\">\n                    <span>\n                                        <\/span>\n                    <img src=\"\/wp-content\/uploads\/2021\/03\/csa-biofr-2-125x125-s.png\">\n                    <img src=\"\/wp-content\/uploads\/2021\/03\/csa-biofr-2-125x125-s.png\">\n                    <img src=\"\/wp-content\/uploads\/2021\/03\/csa-biofr-2-125x125-s.png\">\n                <\/h2> -->\n                                <div class=\"products-home-block\">\n                                                    <a href=\"commande\/\/#latex-12\">\n                                    <img src=\"https:\/\/csaballoons.com\/wp-content\/uploads\/2021\/03\/csa-products-balloons-1.png\" alt=\"Latex 12\u201d\">\n                                    <h2>Latex 12\u201d<\/h2>\n                                <\/a>\n                                                            <a href=\"commande\/\/#latex-16\">\n                                    <img src=\"https:\/\/csaballoons.com\/wp-content\/uploads\/2021\/03\/csa-products-balloons-2.png\" alt=\"Latex 16\u201d\">\n                                    <h2>Latex 16\u201d<\/h2>\n                                <\/a>\n                                                            <a href=\"commande\/\/#latex-24\">\n                                    <img src=\"https:\/\/csaballoons.com\/wp-content\/uploads\/2021\/03\/csa-products-balloons-3.png\" alt=\"Latex 24\u201d\">\n                                    <h2>Latex 24\u201d<\/h2>\n                                <\/a>\n                                                            <a href=\"commande\/\/#latex-36\">\n                                    <img src=\"https:\/\/csaballoons.com\/wp-content\/uploads\/2021\/03\/csa-products-balloons-4.png\" alt=\"Latex 36\u201d\">\n                                    <h2>Latex 36\u201d<\/h2>\n                                <\/a>\n                                                            <a href=\"commande\/\/#round-foil\">\n                                    <img src=\"https:\/\/csaballoons.com\/wp-content\/uploads\/2021\/03\/csa-products-balloons-6.png\" alt=\"18\u201d Round Foil\">\n                                    <h2>Mylar Rond 18\u201d<\/h2>\n                                <\/a>\n                                                            <a href=\"commande\/\/#heart-foil\">\n                                    <img src=\"https:\/\/csaballoons.com\/wp-content\/uploads\/2021\/03\/csa-products-balloons-7.png\" alt=\"18\u201d Heart Foil\">\n                                    <h2>Mylar Coeur 18\u201d<\/h2>\n                                <\/a>\n                                                            <a href=\"commande\/\/#star-foil\">\n                                    <img src=\"https:\/\/csaballoons.com\/wp-content\/uploads\/2021\/03\/csa-products-balloons-8.png\" alt=\"18\u201d Star Foil\">\n                                    <h2>Mylar \u00c9toile 18\u201d<\/h2>\n                                <\/a>\n                                            <\/div>\n            <\/div>\n        \n        \n[\/vc_column_text][vc_column_text css=\u00a0\u00bb.vc_custom_1681924127115{margin-bottom: 0px !important;}\u00a0\u00bb]<div class=\"wp-block-button pbutton alt blue-button\"><a class=\"wp-block-button__link blue-button\" href=\"https:\/\/csaballoons.com\/fr\/devis\/\" target=\"\"><strong> Demander une Soumission <\/strong><\/a><\/div>[\/vc_column_text][vc_single_image image=\u00a0\u00bb5447&Prime; img_size=\u00a0\u00bbfull\u00a0\u00bb el_class=\u00a0\u00bbcsa-roundbox\u00a0\u00bb][\/vc_column][\/vc_row][vc_row el_class=\u00a0\u00bbhome-block6&Prime;][vc_column width=\u00a0\u00bb1\/2&Prime;][vc_column_text css=\u00a0\u00bb.vc_custom_1681245295489{margin-bottom: 0px !important;}\u00a0\u00bb]\n<h2>CHOISISSEZ VOS BALLONS IMPRIM\u00c9S PERSONNALIS\u00c9S AVEC BALLONS CSA POUR:<\/h2>\n<ul>\n<li>Un service client exceptionnel<\/li>\n<li>Un processus de commande simple et facile<\/li>\n<li>Une livraison rapide partout aux \u00c9tats-Unis et au Canada<\/li>\n<li>Un grand choix de couleurs, de tailles et de finitions<\/li>\n<li>Des produits de qualit\u00e9 sup\u00e9rieure et respectueux de l\u2019environnement<\/li>\n<li>Une assistance gratuite en design graphique<\/li>\n<li>Une impression jusqu\u2019\u00e0 8 couleurs<\/li>\n<\/ul>\n<p>Veuillez nous appeler pour d\u00e9butez la cr\u00e9ation de vos ballons personnalis\u00e9s ou utilisez le formulaire de soumission rapide pour nous envoyer votre logo maintenant. Nous allons pr\u00e9parer des \u00e9preuves et confirmer les co\u00fbts d\u00e8s que possible.<\/p>\n[\/vc_column_text][\/vc_column][vc_column width=\u00a0\u00bb1\/2&Prime;][vc_single_image image=\u00a0\u00bb7707&Prime; img_size=\u00a0\u00bbfull\u00a0\u00bb][\/vc_column][\/vc_row][vc_row el_class=\u00a0\u00bbhome-block5&Prime;][vc_column][vc_column_text align=\u00a0\u00bbcenter\u00a0\u00bb el_class=\u00a0\u00bbblock_text_white\u00a0\u00bb css=\u00a0\u00bb.vc_custom_1668024680544{margin-bottom: 0px !important;}\u00a0\u00bb]\n<p>We will be happy to provide ideas and free proofs for your custom printed balloons today.<\/p>\n[\/vc_column_text][\/vc_column][\/vc_row][vc_row el_class=\u00a0\u00bbhome-block6&Prime;][vc_column width=\u00a0\u00bb1\/2&Prime;][vc_column_text css=\u00a0\u00bb.vc_custom_1681245400440{margin-bottom: 0px !important;}\u00a0\u00bb]\n<h2>AM\u00c9LIOREZ L\u2019IMAGE DE MARQUE DE VOTRE \u00c9V\u00c9NEMENT DE CHARIT\u00c9<\/h2>\n<p>Vous cherchez \u00e0 d\u00e9velopper la notori\u00e9t\u00e9 de votre \u00e9v\u00e9nement mais vous ne savez pas par o\u00f9 commencer?<\/p>\n<p>Notre \u00e9quipe de graphistes professionnels peut vous aider \u00e0 cr\u00e9er des ballons personnalis\u00e9s qui feront vibrer vos participants, tout en restant fid\u00e8les \u00e0 votre marque et \u00e0 votre message.<\/p>\n<p>Avec une impression jusqu\u2019\u00e0 8 couleurs, un vaste choix de couleurs de ballons et de finitions \u00e0 choisir, ainsi qu\u2019un \u00e9quipement d\u2019impression de pointe, nous pouvons cr\u00e9er des ballons personnalis\u00e9s qui conviendront le mieux \u00e0 votre activit\u00e9 caritative.<\/p>\n<p>Vous voulez plus d\u2019informations? N\u2019h\u00e9sitez pas \u00e0 nous appeler<\/p>\n<p>Nous serons heureux de travailler avec vous, peu importe la taille de votre budget!<\/p>\n<p>Pr\u00e9sentez votre marque avec nos produits parfaits. <a href=\"https:\/\/csaballoons.com\/fr\/devis\/\">Demandez un devis aujourd\u2019hui<\/a>!<\/p>\n<p><strong>D\u00c9MARQUEZ VOUS ET ATTIREZ L\u2019ATTENTION!<\/strong><\/p>\n<p><a href=\"https:\/\/csaballoons.com\/fr\/contact\/\">Contactez Ballons CSA d\u00e8s aujourd\u2019hui<\/a> et d\u00e9couvrez comment les ballons personnalis\u00e9s peuvent vous servir!<\/p>\n[\/vc_column_text][\/vc_column][vc_column width=\u00a0\u00bb1\/2&Prime;][vc_single_image image=\u00a0\u00bb7709&Prime; img_size=\u00a0\u00bbfull\u00a0\u00bb][\/vc_column][\/vc_row][vc_row el_class=\u00a0\u00bbhome-block7&Prime;][vc_column][vc_column_text css=\u00a0\u00bb.vc_custom_1681924138680{margin-bottom: 0px !important;}\u00a0\u00bb]<div class=\"wp-block-button pbutton alt blue-button\"><a class=\"wp-block-button__link blue-button\" href=\"https:\/\/csaballoons.com\/fr\/devis\/\" target=\"\"><strong> Demander une Soumission <\/strong><\/a><\/div>[\/vc_column_text][\/vc_column][\/vc_row][vc_row el_class=\u00a0\u00bbhome-block8&Prime;][vc_column][vc_single_image image=\u00a0\u00bb5466&Prime; img_size=\u00a0\u00bbfull\u00a0\u00bb el_class=\u00a0\u00bbcsa-balloon-banner\u00a0\u00bb][vc_single_image image=\u00a0\u00bb5415&Prime; img_size=\u00a0\u00bbfull\u00a0\u00bb el_class=\u00a0\u00bbcsa-confetti\u00a0\u00bb][vc_column_text align=\u00a0\u00bbcenter\u00a0\u00bb css=\u00a0\u00bb.vc_custom_1681245433173{margin-bottom: 0px !important;}\u00a0\u00bb]\n<h2>BALLONS EN MYLAR PERSONNALIS\u00c9S POUR LES ORGANISMES \u00c0 BUT NON LUCRATIF<\/h2>\n<p>Vous cherchez \u00e0 faire une impression durable? Des ballons en mylar personnalis\u00e9s pourraient bien \u00eatre ce dont vous avez besoin! Fabriqu\u00e9 \u00e0 partir de feuilles d\u2019aluminium ou de poly\u00e9thyl\u00e8ne t\u00e9r\u00e9phtalate (PET), ce type de ballon est durable et se d\u00e9cline en une vari\u00e9t\u00e9 infinie de couleurs et de formes \u00e9clatantes.<\/p>\n<p>Les ballons en mylar personnalis\u00e9s, 100% recyclables, peuvent \u00eatre imprim\u00e9s sur 1 ou 2 c\u00f4t\u00e9s.<br \/>\nFaites la promotion de votre organisme sans but lucratif avec ces ballons remarquables.<\/p>\n<p>Voici pourquoi les ballons en aluminium personnalis\u00e9s sont parfaits pour les \u00e9v\u00e9nements qui durent plusieurs jours:<\/p>\n<p>\u2013 Ils sont r\u00e9sistants \u00e0 l\u2019eau et compl\u00e8tement \u00e9tanches \u00e0 l\u2019air<\/p>\n<p>\u2013 Ils ont une capacit\u00e9 de flottaison et une dur\u00e9e de vie plus longue que tout autre type de ballons<\/p>\n<p>\u2013 Ils peuvent durer jusqu\u2019\u00e0 26 semaines *<\/p>\n<p>Laissez-nous vous aider \u00e0 transmettre votre message de mani\u00e8re \u00e9l\u00e9gante et unique. <a href=\"https:\/\/csaballoons.com\/fr\/devis\/\">Commandez des ballons en aluminium sur mesure aujourd\u2019hui<\/a>.<\/p>\n<p><em>*Peut varier selon l\u2019environnement et les variations de temp\u00e9rature.<\/em><\/p>\n[\/vc_column_text][vc_single_image image=\u00a0\u00bb5415&Prime; img_size=\u00a0\u00bbfull\u00a0\u00bb el_class=\u00a0\u00bbcsa-confetti csa-confettiB\u00a0\u00bb][\/vc_column][\/vc_row][vc_row el_class=\u00a0\u00bbhome-block6&Prime;][vc_column width=\u00a0\u00bb1\/2&Prime;][vc_column_text css=\u00a0\u00bb.vc_custom_1681245336489{margin-bottom: 0px !important;}\u00a0\u00bb]\n<h2>BALLONS AVEC LOGO PERSONNALIS\u00c9S EXCEPTIONNELS POUR ORGANISMES DE BIENFAISANCE<\/h2>\n<p>Les ballons avec logo personnalis\u00e9 sont les articles promotionnels les plus rentables. Ils attirent l\u2019attention, rendent les \u00e9v\u00e9nements plus vivants et, surtout, ils font sourire les gens!<\/p>\n<p>Que votre organisation organise une collecte de fonds, un rassemblement ou toute autre occasion, ne cherchez pas plus loin. Les ballons CSA peuvent vous aider \u00e0 faire de votre \u00e9v\u00e9nement une affaire remarquable et inoubliable.<\/p>\n<p>Chez Ballons CSA, nous nous effor\u00e7ons de fournir \u00e0 nos clients les meilleurs ballons personnalis\u00e9s sur le march\u00e9.<\/p>\n<p>Nous offrons un choix exceptionnel de couleurs et de finitions, et la qualit\u00e9 de nos impressions est frappante.<\/p>\n<p>Essayez nos services de ballon avec logo personnalis\u00e9s d\u00e8s aujourd\u2019hui!<\/p>\n[\/vc_column_text][\/vc_column][vc_column width=\u00a0\u00bb1\/2&Prime;][vc_single_image image=\u00a0\u00bb67&Prime; img_size=\u00a0\u00bbfull\u00a0\u00bb][\/vc_column][\/vc_row][vc_row el_class=\u00a0\u00bbcsa-infolettre\u00a0\u00bb][vc_column][vc_column_text css=\u00a0\u00bb.vc_custom_1681330750164{margin-bottom: 0px !important;}\u00a0\u00bb]\n<h2>Inscription \u00e0 notre infolettre<\/h2>\n<div role=\"form\" class=\"wpcf7\" id=\"wpcf7-f5438-o1\" lang=\"en-US\" dir=\"ltr\">\n<div class=\"screen-reader-response\"><p role=\"status\" aria-live=\"polite\" aria-atomic=\"true\"><\/p> <ul><\/ul><\/div>\n<form action=\"\/fr\/wp-json\/wp\/v2\/pages\/4327#wpcf7-f5438-o1\" method=\"post\" class=\"wpcf7-form init\" novalidate=\"novalidate\" data-status=\"init\">\n<div style=\"display: none;\">\n<input type=\"hidden\" name=\"_wpcf7\" value=\"5438\" \/>\n<input type=\"hidden\" name=\"_wpcf7_version\" value=\"5.5.6.1\" \/>\n<input type=\"hidden\" name=\"_wpcf7_locale\" value=\"en_US\" \/>\n<input type=\"hidden\" name=\"_wpcf7_unit_tag\" value=\"wpcf7-f5438-o1\" \/>\n<input type=\"hidden\" name=\"_wpcf7_container_post\" value=\"0\" \/>\n<input type=\"hidden\" name=\"_wpcf7_posted_data_hash\" value=\"\" \/>\n<\/div>\n<div class=\"crow\"><span class=\"wpcf7-form-control-wrap your-last\"><input type=\"text\" name=\"your-last\" value=\"\" size=\"40\" class=\"wpcf7-form-control wpcf7-text wpcf7-validates-as-required\" aria-required=\"true\" aria-invalid=\"false\" placeholder=\"Votre nom\" \/><\/span><span class=\"wpcf7-form-control-wrap your-email\"><input type=\"email\" name=\"your-email\" value=\"\" size=\"40\" class=\"wpcf7-form-control wpcf7-text wpcf7-email wpcf7-validates-as-required wpcf7-validates-as-email\" aria-required=\"true\" aria-invalid=\"false\" placeholder=\"Votre courriel\" \/><\/span>\n<div class=\"cbutton\"><input type=\"submit\" value=\"Je m\u2019inscris\" class=\"wpcf7-form-control has-spinner wpcf7-submit\" \/><\/div>\n<\/div>\n<input type=\"hidden\" id=\"ct_checkjs_cf7_fe8c15fed5f808006ce95eddb7366e35\" name=\"ct_checkjs_cf7\" value=\"0\" \/><input\n                    class=\"apbct_special_field apbct_email_id__wp_contact_form_7\"\n                    name=\"apbct__email_id__wp_contact_form_7\"\n                    aria-label=\"apbct__label_id__wp_contact_form_7\"\n                    type=\"text\" size=\"30\" maxlength=\"200\" autocomplete=\"off\"\n                    value=\"\"\n                \/><div class=\"wpcf7-response-output\" aria-hidden=\"true\"><\/div><\/form><\/div>[\/vc_column_text][\/vc_column][\/vc_row]\n","protected":false},"excerpt":{"rendered":"<p>[vc_row el_class=\u00a0\u00bbhome-header\u00a0\u00bb][vc_column el_class=\u00a0\u00bbhome-slider-header\u00a0\u00bb][mk_fullwidth_slideshow images=\u00a0\u00bb5406&Prime;][\/vc_column][vc_column el_class=\u00a0\u00bbheader-text\u00a0\u00bb][vc_column_text css=\u00a0\u00bb.vc_custom_1681245203856{margin-bottom: 0px !important;}\u00a0\u00bb]BALLONS IMPRIM\u00c9S PERSONNALIS\u00c9S POUR ORGANISMES \u00c0 BUT NON LUCRATIF [\/vc_column_text][\/vc_column][\/vc_row][vc_row el_class=\u00a0\u00bbhome-block1&Prime;][vc_column][vc_raw_html]JTVCaG9tZS1zbGlkZXIlMjBpZHMlM0QlMjI2MjQ4JTJDNjI0OSUyQzYyNTAlMkM2MjUxJTJDNjI1MiUyQzYyNTMlMkM2MjU0JTJDNjI1NSUyQzYyNTYlMkM2MjU3JTJDNjI1OCUyQzYyNTklMkM2MjYwJTJDNjI2MSUyQzYyNjIlMkM2MjYzJTJDNjI2NSUyQzYyNjYlMkM2MjY3JTJDNjI2OCUyQzYyNjklMkM2MjcwJTJDNjI3MSUyQzYyNzIlMkM2MjczJTJDNjI3NCUyQzYyNzUlMkM2Mjc2JTJDNjI3NyUyQzYyNzglMkM2Mjc5JTJDNjI4MCUyQzYyODElMkM2MjgyJTJDNjI4MyUyQzYyODQlMkM2Mjg1JTJDNjI4NiUyQzYyODclMkM2Mjg4JTJDNjI4OSUyQzYyOTAlMkM2MjkxJTJDNjI5MiUyQzYyOTMlMkM2Mjk0JTJDNjI5NSUyQzYyOTYlMkM2Mjk3JTJDNjI5OCUyQzYyOTklMkM2MzAwJTJDNjMwMSUyQzYzMDIlMkM2MzAzJTJDNjMwNCUyQzYzMDUlMkM2MzA2JTJDNjMwNyUyQzYzMDglMkM2MzA5JTJDNjMxMCUyQzYzMTElMkM2MzEyJTJDNjMxMyUyQzYzMTQlMkM2MzE1JTJDNjMxNiUyQzYzMTclMkM2MzE4JTJDNjMxOSUyQzYzMjAlMkM2MzIxJTJDNjMyMiUyQzYzMjMlMkM2MzI0JTJDNjMyNSUyQzYzMjYlMkM2MzI3JTJDNjMyOCUyQzYzMjklMkM2MzMwJTJDNjMzMSUyQzYzMzIlMkM2MzMzJTJDNjMzNSUyQzYzMzYlMkM2MzM3JTJDNjMzOSUyQzYzNDElMkM2MzQyJTJDNjM0MyUyQzYzNDQlMkM2MzQ1JTJDNjM0NiUyQzYzNDclMkM2MzQ4JTJDNjM0OSUyQzYzNTAlMkM2MzUxJTJDNjM1MiUyQzYzNTMlMkM2MzU0JTJDNjM1NSUyQzYzNTYlMkM2MzU3JTJDNjM1OCUyQzYzNTklMkM2MzYwJTJDNjM2MSUyQzYzNjIlMkM2MzYzJTJDNjM2NCUyQzYzNjUlMkM2MzY2JTJDNjM2NyUyQzYzNjglMkM2MzY5JTJDNjM3MCUyQzYzNzElMkM2MzcyJTJDNjM3MyUyQzYzNzQlMkM2Mzc1JTJDNjM3NiUyQzYzNzclMkM2Mzc4JTJDNjM3OSUyQzYzODAlMkM2MzgxJTIyJTVE[\/vc_raw_html][vc_column_text css=\u00a0\u00bb.vc_custom_1681245252523{margin-bottom: 0px !important;}\u00a0\u00bb] BALLONS IMPRIM\u00c9S PERSONNALIS\u00c9S POUR ORGANISMES \u00c0 BUT NON LUCRATIF BALLONS PERSONNALIS\u00c9S DE HAUTE QUALIT\u00c9 \u00c0 UN PRIX ABORDABLE Ballons CSA est le premier imprimeur de ballons personnalis\u00e9s en Am\u00e9rique du Nord. Des centaines d\u2019organisations [&hellip;]<\/p>\n","protected":false},"author":3,"featured_media":0,"parent":0,"menu_order":0,"comment_status":"closed","ping_status":"closed","template":"page-csa.php","meta":{"_monsterinsights_skip_tracking":false,"_monsterinsights_sitenote_active":false,"_monsterinsights_sitenote_note":"","_monsterinsights_sitenote_category":0},"_links":{"self":[{"href":"https:\/\/csaballoons.com\/fr\/wp-json\/wp\/v2\/pages\/4327"}],"collection":[{"href":"https:\/\/csaballoons.com\/fr\/wp-json\/wp\/v2\/pages"}],"about":[{"href":"https:\/\/csaballoons.com\/fr\/wp-json\/wp\/v2\/types\/page"}],"author":[{"embeddable":true,"href":"https:\/\/csaballoons.com\/fr\/wp-json\/wp\/v2\/users\/3"}],"replies":[{"embeddable":true,"href":"https:\/\/csaballoons.com\/fr\/wp-json\/wp\/v2\/comments?post=4327"}],"version-history":[{"count":10,"href":"https:\/\/csaballoons.com\/fr\/wp-json\/wp\/v2\/pages\/4327\/revisions"}],"predecessor-version":[{"id":7904,"href":"https:\/\/csaballoons.com\/fr\/wp-json\/wp\/v2\/pages\/4327\/revisions\/7904"}],"wp:attachment":[{"href":"https:\/\/csaballoons.com\/fr\/wp-json\/wp\/v2\/media?parent=4327"}],"curies":[{"name":"wp","href":"https:\/\/api.w.org\/{rel}","templated":true}]}}