{"id":4433,"date":"2018-09-12T22:05:54","date_gmt":"2018-09-12T22:05:54","guid":{"rendered":"https:\/\/csaballoons.com\/?page_id=4433"},"modified":"2023-04-20T16:24:30","modified_gmt":"2023-04-20T16:24:30","slug":"ballons-campagnes-electorales","status":"publish","type":"page","link":"https:\/\/csaballoons.com\/fr\/ballons-campagnes-electorales\/","title":{"rendered":"Campaign Balloons"},"content":{"rendered":"[vc_row el_class=\u00a0\u00bbhome-header\u00a0\u00bb][vc_column el_class=\u00a0\u00bbhome-slider-header\u00a0\u00bb][mk_fullwidth_slideshow images=\u00a0\u00bb5406&Prime;][\/vc_column][vc_column el_class=\u00a0\u00bbheader-text\u00a0\u00bb][vc_column_text css=\u00a0\u00bb.vc_custom_1681244415072{margin-bottom: 0px !important;}\u00a0\u00bb]Ballons pour campagnes \u00e9lectorales<\/p>\n\t\t\t\t\t<h3 class=\"since_texte\"><span class=\"font_un\">Depuis<\/span> <span class=\"font_deux\">2001<\/span><\/h3>\n\t\t<div id=\"ensem_trois_bouton\">\n\t\t\t<a href=\"https:\/\/csaballoons.com\/fr\/demande-de-prix\/\" class=\"bton_un\">Demander un devis<\/a>\n\t\t\t<a href=\"https:\/\/csaballoons.com\/fr\/commande\/\" class=\"bton_deux\">Commandes en ligne, 5% de rabais<\/a>\n\t\t\t<a href=\"https:\/\/csaballoons.com\/fr\/contact\/\" class=\"bton_trois\">Contact rapide<\/a>\n\t\t<\/div>\n\t\t\t\t\t\n\t\t[\/vc_column_text][\/vc_column][\/vc_row][vc_row el_class=\u00a0\u00bbhome-block1&Prime;][vc_column][vc_raw_html]JTVCaG9tZS1zbGlkZXIlMjBpZHMlM0QlMjI2MjQ4JTJDNjI0OSUyQzYyNTAlMkM2MjUxJTJDNjI1MiUyQzYyNTMlMkM2MjU0JTJDNjI1NSUyQzYyNTYlMkM2MjU3JTJDNjI1OCUyQzYyNTklMkM2MjYwJTJDNjI2MSUyQzYyNjIlMkM2MjYzJTJDNjI2NSUyQzYyNjYlMkM2MjY3JTJDNjI2OCUyQzYyNjklMkM2MjcwJTJDNjI3MSUyQzYyNzIlMkM2MjczJTJDNjI3NCUyQzYyNzUlMkM2Mjc2JTJDNjI3NyUyQzYyNzglMkM2Mjc5JTJDNjI4MCUyQzYyODElMkM2MjgyJTJDNjI4MyUyQzYyODQlMkM2Mjg1JTJDNjI4NiUyQzYyODclMkM2Mjg4JTJDNjI4OSUyQzYyOTAlMkM2MjkxJTJDNjI5MiUyQzYyOTMlMkM2Mjk0JTJDNjI5NSUyQzYyOTYlMkM2Mjk3JTJDNjI5OCUyQzYyOTklMkM2MzAwJTJDNjMwMSUyQzYzMDIlMkM2MzAzJTJDNjMwNCUyQzYzMDUlMkM2MzA2JTJDNjMwNyUyQzYzMDglMkM2MzA5JTJDNjMxMCUyQzYzMTElMkM2MzEyJTJDNjMxMyUyQzYzMTQlMkM2MzE1JTJDNjMxNiUyQzYzMTclMkM2MzE4JTJDNjMxOSUyQzYzMjAlMkM2MzIxJTJDNjMyMiUyQzYzMjMlMkM2MzI0JTJDNjMyNSUyQzYzMjYlMkM2MzI3JTJDNjMyOCUyQzYzMjklMkM2MzMwJTJDNjMzMSUyQzYzMzIlMkM2MzMzJTJDNjMzNSUyQzYzMzYlMkM2MzM3JTJDNjMzOSUyQzYzNDElMkM2MzQyJTJDNjM0MyUyQzYzNDQlMkM2MzQ1JTJDNjM0NiUyQzYzNDclMkM2MzQ4JTJDNjM0OSUyQzYzNTAlMkM2MzUxJTJDNjM1MiUyQzYzNTMlMkM2MzU0JTJDNjM1NSUyQzYzNTYlMkM2MzU3JTJDNjM1OCUyQzYzNTklMkM2MzYwJTJDNjM2MSUyQzYzNjIlMkM2MzYzJTJDNjM2NCUyQzYzNjUlMkM2MzY2JTJDNjM2NyUyQzYzNjglMkM2MzY5JTJDNjM3MCUyQzYzNzElMkM2MzcyJTJDNjM3MyUyQzYzNzQlMkM2Mzc1JTJDNjM3NiUyQzYzNzclMkM2Mzc4JTJDNjM3OSUyQzYzODAlMkM2MzgxJTIyJTVE[\/vc_raw_html][vc_column_text css=\u00a0\u00bb.vc_custom_1681244451665{margin-bottom: 0px !important;}\u00a0\u00bb]\n<h2 style=\"text-align: center;\">Ballons pour campagnes \u00e9lectorales<\/h2>\n<h3 style=\"text-align: center;\">Que ce soit pour une campagne r\u00e9gionale ou f\u00e9d\u00e9rale, prenez le dessus avec des ballons personnalis\u00e9s<\/h3>\n<p style=\"text-align: center;\">Aucune campagne politique ne peut \u00eatre compl\u00e8te sans ballons. Les ballons attirent l\u2019attention, cr\u00e9ent une atmosph\u00e8re anim\u00e9e et apportent de la couleur \u00e0 tout \u00e9v\u00e9nement. Il n\u2019est pas \u00e9tonnant que les plus grandes personnalit\u00e9s politiques de notre temps aient utilis\u00e9 des ballons comme objets publicitaires pour leur campagne \u00e9lectorale et qu\u2019ils aient ainsi gagn\u00e9 le c\u0153ur de leurs \u00e9lecteurs.<\/p>\n<p style=\"text-align: center;\">Chez Ballons CSA, nous avons imprim\u00e9 des ballons personnalis\u00e9s pour les plus grandes campagnes \u00e9lectorales au Canada et aux \u00c9tats-Unis. Gr\u00e2ce \u00e0 nos \u00e9quipements \u00e0 la fine pointe de la technologie, nous ferons ainsi que vos ballons susciteront une r\u00e9ponse positive de vos \u00e9lecteurs; et nous vous les livrerons rapidement! Faites confiance aux leaders dans l\u2019impression de ballons personnalis\u00e9s. Nous vous aiderons \u00e0 am\u00e9liorer votre pr\u00e9sence tout au long de votre campagne \u00e9lectorale. Commandez les meilleurs ballons personnalis\u00e9s pour campagnes \u00e9lectorales d\u00e8s aujourd\u2019hui.<\/p>\n[\/vc_column_text][vc_row_inner][vc_column_inner width=\u00a0\u00bb1\/4&Prime;][\/vc_column_inner][vc_column_inner width=\u00a0\u00bb1\/4&Prime;][vc_single_image image=\u00a0\u00bb335&Prime; img_size=\u00a0\u00bbfull\u00a0\u00bb alignment=\u00a0\u00bbcenter\u00a0\u00bb][\/vc_column_inner][vc_column_inner width=\u00a0\u00bb1\/4&Prime;][vc_single_image image=\u00a0\u00bb336&Prime; img_size=\u00a0\u00bbfull\u00a0\u00bb alignment=\u00a0\u00bbcenter\u00a0\u00bb][\/vc_column_inner][vc_column_inner width=\u00a0\u00bb1\/4&Prime;][\/vc_column_inner][\/vc_row_inner][vc_single_image image=\u00a0\u00bb5415&Prime; img_size=\u00a0\u00bbfull\u00a0\u00bb el_class=\u00a0\u00bbcsa-confetti\u00a0\u00bb][\/vc_column][\/vc_row][vc_row el_class=\u00a0\u00bbhome-block2&Prime;][vc_column][vc_raw_html]JTNDaDIlMjBjbGFzcyUzRCUyMnByb2R0aXRsZUIlMjIlM0UlMEElM0NhJTIwaHJlZiUzRCUyMiUyRmNvbW1lbnQtc29udC1mYWJyaXF1ZXMtbGVzLWJhbGxvbnMtZW4tbGF0ZXgtbmF0dXJlbCUyRiUyMiUzRSUzQ2ltZyUyMHNyYyUzRCUyMiUyRndwLWNvbnRlbnQlMkZ1cGxvYWRzJTJGMjAyMSUyRjAzJTJGY3NhLWJpb2ZyLTItMTI1eDEyNS1zLnBuZyUyMiUyMCUyRiUzRSUzQyUyRmElM0UlMEElM0NzcGFuJTNFQ29tcGwlQzMlQTl0ZXolMjB2b3RyZSUyMGNvbW1hbmRlJTIwZGUlMjBiYWxsb25zJTNDYnIlM0UlMEFwZXJzb25uYWxpcyVDMyVBOXMlMjBlbiUyMGxpZ25lJTIwZXQlMjBvYnRlbmV6JTIwJTNDc3Ryb25nJTNFNSUyNSUzQyUyRnN0cm9uZyUzRSUyMGRlJTIwcmFiYWlzLiUzQyUyRnNwYW4lM0UlMEElM0NhJTIwaHJlZiUzRCUyMiUyRmNvbW1lbnQtc29udC1mYWJyaXF1ZXMtbGVzLWJhbGxvbnMtZW4tbGF0ZXgtbmF0dXJlbCUyRiUyMiUzRSUzQ2ltZyUyMHNyYyUzRCUyMiUyRndwLWNvbnRlbnQlMkZ1cGxvYWRzJTJGMjAyMSUyRjAzJTJGY3NhLWJpb2ZyLTItMTI1eDEyNS1zLnBuZyUyMiUyMCUyRiUzRSUzQyUyRmElM0UlMEElM0MlMkZoMiUzRQ==[\/vc_raw_html][vc_column_text css=\u00a0\u00bb.vc_custom_1645619628705{margin-bottom: 40px !important;}\u00a0\u00bb]\n            <div class=\"products-home\" isapp=\"\">\n                                <!-- <h2>\n                    <img src=\"\/wp-content\/uploads\/2021\/03\/csa-biofr-2-125x125-s.png\">\n                    <img src=\"\/wp-content\/uploads\/2021\/03\/csa-biofr-2-125x125-s.png\">\n                    <img src=\"\/wp-content\/uploads\/2021\/03\/csa-biofr-2-125x125-s.png\">\n                    <span>\n                                        <\/span>\n                    <img src=\"\/wp-content\/uploads\/2021\/03\/csa-biofr-2-125x125-s.png\">\n                    <img src=\"\/wp-content\/uploads\/2021\/03\/csa-biofr-2-125x125-s.png\">\n                    <img src=\"\/wp-content\/uploads\/2021\/03\/csa-biofr-2-125x125-s.png\">\n                <\/h2> -->\n                                <div class=\"products-home-block\">\n                                                    <a href=\"commande\/\/#latex-12\">\n                                    <img src=\"https:\/\/csaballoons.com\/wp-content\/uploads\/2021\/03\/csa-products-balloons-1.png\" alt=\"Latex 12\u201d\">\n                                    <h2>Latex 12\u201d<\/h2>\n                                <\/a>\n                                                            <a href=\"commande\/\/#latex-16\">\n                                    <img src=\"https:\/\/csaballoons.com\/wp-content\/uploads\/2021\/03\/csa-products-balloons-2.png\" alt=\"Latex 16\u201d\">\n                                    <h2>Latex 16\u201d<\/h2>\n                                <\/a>\n                                                            <a href=\"commande\/\/#latex-24\">\n                                    <img src=\"https:\/\/csaballoons.com\/wp-content\/uploads\/2021\/03\/csa-products-balloons-3.png\" alt=\"Latex 24\u201d\">\n                                    <h2>Latex 24\u201d<\/h2>\n                                <\/a>\n                                                            <a href=\"commande\/\/#latex-36\">\n                                    <img src=\"https:\/\/csaballoons.com\/wp-content\/uploads\/2021\/03\/csa-products-balloons-4.png\" alt=\"Latex 36\u201d\">\n                                    <h2>Latex 36\u201d<\/h2>\n                                <\/a>\n                                                            <a href=\"commande\/\/#round-foil\">\n                                    <img src=\"https:\/\/csaballoons.com\/wp-content\/uploads\/2021\/03\/csa-products-balloons-6.png\" alt=\"18\u201d Round Foil\">\n                                    <h2>Mylar Rond 18\u201d<\/h2>\n                                <\/a>\n                                                            <a href=\"commande\/\/#heart-foil\">\n                                    <img src=\"https:\/\/csaballoons.com\/wp-content\/uploads\/2021\/03\/csa-products-balloons-7.png\" alt=\"18\u201d Heart Foil\">\n                                    <h2>Mylar Coeur 18\u201d<\/h2>\n                                <\/a>\n                                                            <a href=\"commande\/\/#star-foil\">\n                                    <img src=\"https:\/\/csaballoons.com\/wp-content\/uploads\/2021\/03\/csa-products-balloons-8.png\" alt=\"18\u201d Star Foil\">\n                                    <h2>Mylar \u00c9toile 18\u201d<\/h2>\n                                <\/a>\n                                            <\/div>\n            <\/div>\n        \n        \n[\/vc_column_text][vc_column_text css=\u00a0\u00bb.vc_custom_1681924169887{margin-bottom: 0px !important;}\u00a0\u00bb]<div class=\"wp-block-button pbutton alt blue-button\"><a class=\"wp-block-button__link blue-button\" href=\"https:\/\/csaballoons.com\/fr\/devis\/\" target=\"\"><strong> Demander une Soumission <\/strong><\/a><\/div>[\/vc_column_text][vc_single_image image=\u00a0\u00bb5447&Prime; img_size=\u00a0\u00bbfull\u00a0\u00bb el_class=\u00a0\u00bbcsa-roundbox\u00a0\u00bb][\/vc_column][\/vc_row][vc_row el_class=\u00a0\u00bbhome-block6&Prime;][vc_column width=\u00a0\u00bb1\/2&Prime;][vc_column_text css=\u00a0\u00bb.vc_custom_1681244509719{margin-bottom: 0px !important;}\u00a0\u00bb]\n<h2>Ballons personnalis\u00e9s pour des campagnes politiques<\/h2>\n<p>Le jour du scrutin, chaque d\u00e9tail compte. Impressionnez vos partisans et vos \u00e9lecteurs potentiels avec des ballons impeccables et de qualit\u00e9 sup\u00e9rieure.<\/p>\n<p>Chez Ballons CSA, nous visons \u00e0 \u00eatre les meilleurs dans tout ce que nous faisons. C\u2019est pourquoi nous n\u2019utilisons que des produits de qualit\u00e9 sup\u00e9rieure. Avec une vaste s\u00e9lection de couleurs, finitions et grandeurs de ballons, vous trouverez s\u00fbrement tout ce dont vous avez besoin pour cr\u00e9er des ballons personnalis\u00e9s qui refl\u00e8teront votre image et votre campagne \u00e9lectorale.<\/p>\n<p>Nos techniques r\u00e9volutionnaires nous permettent d\u2019offrir \u00e0 nos clients une image impeccable, ainsi que la plus grande taille d\u2019impression sur ballon dans l\u2019industrie; et notre processus d\u2019impression est incroyablement rapide!<\/p>\n<p>Obtenez les meilleurs ballons personnalis\u00e9s pour votre campagne politique. Notre personnel d\u00e9vou\u00e9 vous aidera \u00e0 concevoir des ballons personnalis\u00e9s parfaitement remarquables!<\/p>\n<p><em>Votre parti soutient-il les initiatives vertes? Nos ballons en latex sont 100% naturels et biod\u00e9gradables et nos ballons en Mylar sont 100% recyclables. <\/em><\/p>\n[\/vc_column_text][\/vc_column][vc_column width=\u00a0\u00bb1\/2&Prime;][vc_single_image image=\u00a0\u00bb340&Prime; img_size=\u00a0\u00bbfull\u00a0\u00bb][\/vc_column][\/vc_row][vc_row el_class=\u00a0\u00bbhome-block6&Prime;][vc_column width=\u00a0\u00bb1\/2&Prime;][vc_video link=\u00a0\u00bbhttps:\/\/www.youtube.com\/watch?v=XiEPBnHs9sE&amp;feature=youtu.be\u00a0\u00bb][\/vc_column][vc_column width=\u00a0\u00bb1\/2&Prime;][vc_column_text css=\u00a0\u00bb.vc_custom_1681244538579{margin-bottom: 0px !important;}\u00a0\u00bb]\n<h2>Les ballons personnalis\u00e9s peuvent vous aider \u00e0 construire votre image de marque<\/h2>\n<p>La cr\u00e9ation d\u2019une image qui caract\u00e9rise une identit\u00e9 politique et un message sp\u00e9cifique, est une grande partie d\u2019une campagne \u00e9lectorale.<br \/>\nChez Ballons CSA, nous avons cr\u00e9\u00e9 des ballons personnalis\u00e9s pour les marques les plus c\u00e9l\u00e8bres au monde. Nos clients comprennent Coca Cola, McDonald\u2019s et L\u2019Or\u00e9al, pour n\u2019en nommer que quelques-uns. Nous avons \u00e9galement travaill\u00e9 avec des candidats de renom et des partis politiques f\u00e9d\u00e9raux.<\/p>\n<p>Appelez-nous aujourd\u2019hui et d\u00e9couvrez comment nos ballons personnalis\u00e9s vous aideront \u00e0 b\u00e2tir votre marque et \u00e0 impressionner vos \u00e9lecteurs.<\/p>\n[\/vc_column_text][\/vc_column][\/vc_row][vc_row el_class=\u00a0\u00bbhome-block6&Prime;][vc_column width=\u00a0\u00bb1\/2&Prime;][vc_column_text css=\u00a0\u00bb.vc_custom_1681244567907{margin-bottom: 0px !important;}\u00a0\u00bb]\n<h2>Impressionnez avec des ballons pour campagnes \u00e9lectorales en Mylar<\/h2>\n<p>Vous voulez impressionner vos \u00e9lecteurs potentiels? Optez pour des ballons pour campagnes \u00e9lectorales en Mylar. Fabriqu\u00e9s \u00e0 partir de feuille d\u2019aluminium ou de poly\u00e9thyl\u00e8ne t\u00e9r\u00e9phtalate (PET), les ballons en Mylar sont remarquablement durables (jusqu\u2019\u00e0 26 semaines) et offrent une vari\u00e9t\u00e9 infinie de formes et de couleurs flamboyantes. Leur propension \u00e0 se d\u00e9gonfler \u00e0 un rythme beaucoup plus lent que les ballons en latex, en font le choix id\u00e9al pour les arrangements de ballons stationnaires ou les \u00e9v\u00e9nements qui durent plusieurs jours. De plus, ils sont 100% recyclables!<\/p>\n<p>Utilisez des bouquets de ballons \u00e9lectoraux en Mylar comme affichages au bureau de votre parti, pour attirer l\u2019attention lors d\u2019\u00e9v\u00e9nements locaux, ou m\u00eame comme d\u00e9cor de sc\u00e8ne lors du prochain discours public de votre candidat. Quels que soient vos besoins, Ballons CSA peut vous fournir des ballons \u00e9lectoraux personnalis\u00e9s en Mylar impeccables.<\/p>\n[\/vc_column_text][\/vc_column][vc_column width=\u00a0\u00bb1\/2&Prime;][vc_single_image image=\u00a0\u00bb67&Prime; img_size=\u00a0\u00bbfull\u00a0\u00bb][\/vc_column][\/vc_row][vc_row el_class=\u00a0\u00bbhome-block5&Prime;][vc_column][vc_column_text align=\u00a0\u00bbcenter\u00a0\u00bb el_class=\u00a0\u00bbblock_text_white\u00a0\u00bb css=\u00a0\u00bb.vc_custom_1668024680544{margin-bottom: 0px !important;}\u00a0\u00bb]\n<p>We will be happy to provide ideas and free proofs for your custom printed balloons today.<\/p>\n[\/vc_column_text][\/vc_column][\/vc_row][vc_row el_class=\u00a0\u00bbhome-block6&Prime;][vc_column width=\u00a0\u00bb1\/2&Prime;][vc_column_text css=\u00a0\u00bb.vc_custom_1681244595382{margin-bottom: 0px !important;}\u00a0\u00bb]\n<h2>Ballons personnalis\u00e9s pour campagnes \u00e9lectorales imprim\u00e9s et livr\u00e9s rapidement<\/h2>\n<p>Le d\u00e9compte au jour du scrutin peut transformer votre temps en un atout pr\u00e9cieux et inestimable. Chez Ballons CSA, nous comprenons que pendant la saison \u00e9lectorale, le timing est essentiel. C\u2019est pourquoi, nous vous fournirons le service le plus rapide et le plus efficace. Appelez-nous maintenant et l\u2019un des membres de notre personnel d\u00e9vou\u00e9 vous guidera \u00e0 travers le processus de cr\u00e9ation des ballons personnalis\u00e9s.<\/p>\n<p>Besoin d\u2019aide avec l\u2019installation? Aucun probl\u00e8me! Renseignez-vous sur nos services d\u2019installation et de d\u00e9coration.<\/p>\n<p>Votre parti politique participe \u00e0 un \u00e9v\u00e9nement qui a plusieurs emplacements? Nous sommes la solution!<\/p>\n<p>Faire affaire avec les leaders dans l\u2019impression du ballon personnalis\u00e9 a ses avantages! Avec un r\u00e9seau \u00e9tabli de d\u00e9corateurs de ballons situ\u00e9s partout au Canada et aux \u00c9tats-Unis, nous pouvons coordonner rapidement la livraison et l\u2019installation de vos ballons personnalis\u00e9s \u00e0 plusieurs emplacements. Appelez-nous et d\u00e9couvrez comment nous pouvons vous faire gagner du temps afin que vous puissiez gagner des \u00e9lections!<\/p>\n[\/vc_column_text][\/vc_column][vc_column width=\u00a0\u00bb1\/2&Prime;][vc_column_text css=\u00a0\u00bb.vc_custom_1681244648297{margin-bottom: 0px !important;}\u00a0\u00bb]\n<h2>Transmettez votre message politique avec des ballons d\u2019\u00e9lections imprim\u00e9s sur 2 c\u00f4t\u00e9s<\/h2>\n<p>L\u2019identit\u00e9 politique est construite avec des messages, des slogans et des liaisons visuelles. Un ballon personnalis\u00e9 imprim\u00e9 sur deux c\u00f4t\u00e9s peut incorporer tous ces \u00e9l\u00e9ments dans un seul objet publicitaire attrayant et incroyablement rentable. Placez votre logo d\u2019un c\u00f4t\u00e9 et votre slogan de l\u2019autre. Ou, peut-\u00eatre voulez-vous ajouter un mot-clic sur vos ballons pour rejoindre vos adeptes des m\u00e9dias sociaux? Peu importe vos besoins, nous pouvons les satisfaire!<\/p>\n<p>Chez Ballons CSA, notre technique d\u2019impression avanc\u00e9e nous permet d\u2019imprimer une plus grande taille d\u2019impression sur ballon que la comp\u00e9tition. Cela signifie qu\u2019avec nous, vous obtiendrez plus d\u2019espace d\u2019impression et, par cons\u00e9quent, une meilleure chance de transmettre votre message efficacement.<\/p>\n<p>Besoin d\u2019aide pour concevoir vos ballons d\u2019\u00e9lections imprim\u00e9s sur deux c\u00f4t\u00e9s? Aucun probl\u00e8me! Nos concepteurs graphiques vous aideront \u00e0 cr\u00e9er un produit final qui compl\u00e9tera votre campagne \u00e9lectorale et surpassera la concurrence.[\/vc_column_text][\/vc_column][\/vc_row][vc_row el_class=\u00a0\u00bbhome-block7&Prime;][vc_column][vc_column_text css=\u00a0\u00bb.vc_custom_1681924156126{margin-bottom: 0px !important;}\u00a0\u00bb]<div class=\"wp-block-button pbutton alt blue-button\"><a class=\"wp-block-button__link blue-button\" href=\"https:\/\/csaballoons.com\/fr\/devis\/\" target=\"\"><strong> Demander une Soumission<\/strong><\/a><\/div>[\/vc_column_text][\/vc_column][\/vc_row][vc_row el_class=\u00a0\u00bbhome-block8&Prime;][vc_column][vc_single_image image=\u00a0\u00bb5466&Prime; img_size=\u00a0\u00bbfull\u00a0\u00bb el_class=\u00a0\u00bbcsa-balloon-banner\u00a0\u00bb][vc_single_image image=\u00a0\u00bb5415&Prime; img_size=\u00a0\u00bbfull\u00a0\u00bb el_class=\u00a0\u00bbcsa-confetti\u00a0\u00bb][vc_column_text align=\u00a0\u00bbcenter\u00a0\u00bb css=\u00a0\u00bb.vc_custom_1681244680586{margin-bottom: 0px !important;}\u00a0\u00bb]\n<h2>Commandez les meilleurs ballons personnalis\u00e9s pour campagnes \u00e9lectorales<\/h2>\n<p>Ballons CSA est le plus important imprimeur de ballons personnalis\u00e9s en Am\u00e9rique du Nord. Nous avons aid\u00e9 des milliers d\u2019entreprises reconnues \u00e0 promouvoir leur marque. Nos ballons personnalis\u00e9s pour campagnes \u00e9lectorales ont assist\u00e9 de nombreux candidats \u00e0 atteindre leur ampleur politique. Nous avons fourni nos services \u00e0 des partis politiques f\u00e9d\u00e9raux et m\u00eame \u00e0 des campagnes pr\u00e9sidentielles.<\/p>\n<p>Avec Ballons CSA, vous obtiendrez un produit exceptionnel, le service et l\u2019assistance dont vous avez besoin, et une livraison rapide partout en Am\u00e9rique du Nord.<\/p>\n<p>Commandez vos ballons pour campagnes \u00e9lectorales, des leaders dans l\u2019impression de ballons personnalis\u00e9s. <a href=\"https:\/\/csaballoons.com\/fr\/contact\/\">Contactez Ballons CSA aujourd\u2019hui<\/a>.<\/p>\n[\/vc_column_text][vc_single_image image=\u00a0\u00bb5415&Prime; img_size=\u00a0\u00bbfull\u00a0\u00bb el_class=\u00a0\u00bbcsa-confetti csa-confettiB\u00a0\u00bb][\/vc_column][\/vc_row][vc_row][vc_column width=\u00a0\u00bb1\/4&Prime;][\/vc_column][vc_column width=\u00a0\u00bb1\/2&Prime;][vc_row_inner attached=\u00a0\u00bbtrue\u00a0\u00bb][vc_column_inner width=\u00a0\u00bb1\/3&Prime;][vc_single_image image=\u00a0\u00bb2849&Prime; img_size=\u00a0\u00bb310&#215;310&Prime; alignment=\u00a0\u00bbcenter\u00a0\u00bb el_class=\u00a0\u00bbcsa-balloon-banner\u00a0\u00bb][\/vc_column_inner][vc_column_inner width=\u00a0\u00bb1\/3&Prime;][vc_single_image image=\u00a0\u00bb2850&Prime; img_size=\u00a0\u00bb310&#215;310&Prime; alignment=\u00a0\u00bbcenter\u00a0\u00bb el_class=\u00a0\u00bbcsa-balloon-banner\u00a0\u00bb][\/vc_column_inner][vc_column_inner width=\u00a0\u00bb1\/3&Prime;][vc_single_image image=\u00a0\u00bb2852&Prime; img_size=\u00a0\u00bb310&#215;310&Prime; alignment=\u00a0\u00bbcenter\u00a0\u00bb el_class=\u00a0\u00bbcsa-balloon-banner\u00a0\u00bb][\/vc_column_inner][\/vc_row_inner][\/vc_column][vc_column width=\u00a0\u00bb1\/4&Prime;][\/vc_column][\/vc_row][vc_row][vc_column width=\u00a0\u00bb1\/4&Prime;][\/vc_column][vc_column width=\u00a0\u00bb1\/4&Prime;][vc_single_image image=\u00a0\u00bb350&Prime; img_size=\u00a0\u00bbfull\u00a0\u00bb alignment=\u00a0\u00bbcenter\u00a0\u00bb el_class=\u00a0\u00bbcsa-balloon-banner\u00a0\u00bb][\/vc_column][vc_column width=\u00a0\u00bb1\/4&Prime;][vc_single_image image=\u00a0\u00bb344&Prime; img_size=\u00a0\u00bbfull\u00a0\u00bb alignment=\u00a0\u00bbcenter\u00a0\u00bb el_class=\u00a0\u00bbcsa-balloon-banner\u00a0\u00bb][\/vc_column][vc_column width=\u00a0\u00bb1\/4&Prime;][\/vc_column][\/vc_row][vc_row el_class=\u00a0\u00bbcsa-infolettre\u00a0\u00bb][vc_column][vc_column_text css=\u00a0\u00bb.vc_custom_1681330741013{margin-bottom: 0px !important;}\u00a0\u00bb]\n<h2>Inscription \u00e0 notre infolettre<\/h2>\n<div role=\"form\" class=\"wpcf7\" id=\"wpcf7-f5438-o1\" lang=\"en-US\" dir=\"ltr\">\n<div class=\"screen-reader-response\"><p role=\"status\" aria-live=\"polite\" aria-atomic=\"true\"><\/p> <ul><\/ul><\/div>\n<form action=\"\/fr\/wp-json\/wp\/v2\/pages\/4433#wpcf7-f5438-o1\" method=\"post\" class=\"wpcf7-form init\" novalidate=\"novalidate\" data-status=\"init\">\n<div style=\"display: none;\">\n<input type=\"hidden\" name=\"_wpcf7\" value=\"5438\" \/>\n<input type=\"hidden\" name=\"_wpcf7_version\" value=\"5.5.6.1\" \/>\n<input type=\"hidden\" name=\"_wpcf7_locale\" value=\"en_US\" \/>\n<input type=\"hidden\" name=\"_wpcf7_unit_tag\" value=\"wpcf7-f5438-o1\" \/>\n<input type=\"hidden\" name=\"_wpcf7_container_post\" value=\"0\" \/>\n<input type=\"hidden\" name=\"_wpcf7_posted_data_hash\" value=\"\" \/>\n<\/div>\n<div class=\"crow\"><span class=\"wpcf7-form-control-wrap your-last\"><input type=\"text\" name=\"your-last\" value=\"\" size=\"40\" class=\"wpcf7-form-control wpcf7-text wpcf7-validates-as-required\" aria-required=\"true\" aria-invalid=\"false\" placeholder=\"Votre nom\" \/><\/span><span class=\"wpcf7-form-control-wrap your-email\"><input type=\"email\" name=\"your-email\" value=\"\" size=\"40\" class=\"wpcf7-form-control wpcf7-text wpcf7-email wpcf7-validates-as-required wpcf7-validates-as-email\" aria-required=\"true\" aria-invalid=\"false\" placeholder=\"Votre courriel\" \/><\/span>\n<div class=\"cbutton\"><input type=\"submit\" value=\"Je m\u2019inscris\" class=\"wpcf7-form-control has-spinner wpcf7-submit\" \/><\/div>\n<\/div>\n<input type=\"hidden\" id=\"ct_checkjs_cf7_38913e1d6a7b94cb0f55994f679f5956\" name=\"ct_checkjs_cf7\" value=\"0\" \/><input\n                    class=\"apbct_special_field apbct_email_id__wp_contact_form_7\"\n                    name=\"apbct__email_id__wp_contact_form_7\"\n                    aria-label=\"apbct__label_id__wp_contact_form_7\"\n                    type=\"text\" size=\"30\" maxlength=\"200\" autocomplete=\"off\"\n                    value=\"\"\n                \/><div class=\"wpcf7-response-output\" aria-hidden=\"true\"><\/div><\/form><\/div>[\/vc_column_text][\/vc_column][\/vc_row]\n","protected":false},"excerpt":{"rendered":"<p>[vc_row el_class=\u00a0\u00bbhome-header\u00a0\u00bb][vc_column el_class=\u00a0\u00bbhome-slider-header\u00a0\u00bb][mk_fullwidth_slideshow images=\u00a0\u00bb5406&Prime;][\/vc_column][vc_column el_class=\u00a0\u00bbheader-text\u00a0\u00bb][vc_column_text css=\u00a0\u00bb.vc_custom_1681244415072{margin-bottom: 0px !important;}\u00a0\u00bb]Ballons pour campagnes \u00e9lectorales [\/vc_column_text][\/vc_column][\/vc_row][vc_row el_class=\u00a0\u00bbhome-block1&Prime;][vc_column][vc_raw_html]JTVCaG9tZS1zbGlkZXIlMjBpZHMlM0QlMjI2MjQ4JTJDNjI0OSUyQzYyNTAlMkM2MjUxJTJDNjI1MiUyQzYyNTMlMkM2MjU0JTJDNjI1NSUyQzYyNTYlMkM2MjU3JTJDNjI1OCUyQzYyNTklMkM2MjYwJTJDNjI2MSUyQzYyNjIlMkM2MjYzJTJDNjI2NSUyQzYyNjYlMkM2MjY3JTJDNjI2OCUyQzYyNjklMkM2MjcwJTJDNjI3MSUyQzYyNzIlMkM2MjczJTJDNjI3NCUyQzYyNzUlMkM2Mjc2JTJDNjI3NyUyQzYyNzglMkM2Mjc5JTJDNjI4MCUyQzYyODElMkM2MjgyJTJDNjI4MyUyQzYyODQlMkM2Mjg1JTJDNjI4NiUyQzYyODclMkM2Mjg4JTJDNjI4OSUyQzYyOTAlMkM2MjkxJTJDNjI5MiUyQzYyOTMlMkM2Mjk0JTJDNjI5NSUyQzYyOTYlMkM2Mjk3JTJDNjI5OCUyQzYyOTklMkM2MzAwJTJDNjMwMSUyQzYzMDIlMkM2MzAzJTJDNjMwNCUyQzYzMDUlMkM2MzA2JTJDNjMwNyUyQzYzMDglMkM2MzA5JTJDNjMxMCUyQzYzMTElMkM2MzEyJTJDNjMxMyUyQzYzMTQlMkM2MzE1JTJDNjMxNiUyQzYzMTclMkM2MzE4JTJDNjMxOSUyQzYzMjAlMkM2MzIxJTJDNjMyMiUyQzYzMjMlMkM2MzI0JTJDNjMyNSUyQzYzMjYlMkM2MzI3JTJDNjMyOCUyQzYzMjklMkM2MzMwJTJDNjMzMSUyQzYzMzIlMkM2MzMzJTJDNjMzNSUyQzYzMzYlMkM2MzM3JTJDNjMzOSUyQzYzNDElMkM2MzQyJTJDNjM0MyUyQzYzNDQlMkM2MzQ1JTJDNjM0NiUyQzYzNDclMkM2MzQ4JTJDNjM0OSUyQzYzNTAlMkM2MzUxJTJDNjM1MiUyQzYzNTMlMkM2MzU0JTJDNjM1NSUyQzYzNTYlMkM2MzU3JTJDNjM1OCUyQzYzNTklMkM2MzYwJTJDNjM2MSUyQzYzNjIlMkM2MzYzJTJDNjM2NCUyQzYzNjUlMkM2MzY2JTJDNjM2NyUyQzYzNjglMkM2MzY5JTJDNjM3MCUyQzYzNzElMkM2MzcyJTJDNjM3MyUyQzYzNzQlMkM2Mzc1JTJDNjM3NiUyQzYzNzclMkM2Mzc4JTJDNjM3OSUyQzYzODAlMkM2MzgxJTIyJTVE[\/vc_raw_html][vc_column_text css=\u00a0\u00bb.vc_custom_1681244451665{margin-bottom: 0px !important;}\u00a0\u00bb] Ballons pour campagnes \u00e9lectorales Que ce soit pour une campagne r\u00e9gionale ou f\u00e9d\u00e9rale, prenez le dessus avec des ballons personnalis\u00e9s Aucune campagne politique ne peut \u00eatre compl\u00e8te sans ballons. Les ballons attirent l\u2019attention, cr\u00e9ent une atmosph\u00e8re anim\u00e9e et apportent [&hellip;]<\/p>\n","protected":false},"author":3,"featured_media":0,"parent":0,"menu_order":0,"comment_status":"closed","ping_status":"closed","template":"page-csa.php","meta":{"_monsterinsights_skip_tracking":false,"_monsterinsights_sitenote_active":false,"_monsterinsights_sitenote_note":"","_monsterinsights_sitenote_category":0},"_links":{"self":[{"href":"https:\/\/csaballoons.com\/fr\/wp-json\/wp\/v2\/pages\/4433"}],"collection":[{"href":"https:\/\/csaballoons.com\/fr\/wp-json\/wp\/v2\/pages"}],"about":[{"href":"https:\/\/csaballoons.com\/fr\/wp-json\/wp\/v2\/types\/page"}],"author":[{"embeddable":true,"href":"https:\/\/csaballoons.com\/fr\/wp-json\/wp\/v2\/users\/3"}],"replies":[{"embeddable":true,"href":"https:\/\/csaballoons.com\/fr\/wp-json\/wp\/v2\/comments?post=4433"}],"version-history":[{"count":18,"href":"https:\/\/csaballoons.com\/fr\/wp-json\/wp\/v2\/pages\/4433\/revisions"}],"predecessor-version":[{"id":7924,"href":"https:\/\/csaballoons.com\/fr\/wp-json\/wp\/v2\/pages\/4433\/revisions\/7924"}],"wp:attachment":[{"href":"https:\/\/csaballoons.com\/fr\/wp-json\/wp\/v2\/media?parent=4433"}],"curies":[{"name":"wp","href":"https:\/\/api.w.org\/{rel}","templated":true}]}}