{"id":4680,"date":"2019-01-08T15:58:40","date_gmt":"2019-01-08T15:58:40","guid":{"rendered":"https:\/\/csaballoons.com\/?page_id=4680"},"modified":"2023-04-19T17:08:34","modified_gmt":"2023-04-19T17:08:34","slug":"ballons-promotionnels","status":"publish","type":"page","link":"https:\/\/csaballoons.com\/fr\/ballons-promotionnels\/","title":{"rendered":"BALLONS PROMOTIONNELS"},"content":{"rendered":"[vc_row el_class=\u00a0\u00bbhome-header\u00a0\u00bb][vc_column el_class=\u00a0\u00bbhome-slider-header\u00a0\u00bb][mk_fullwidth_slideshow images=\u00a0\u00bb5406&Prime;][\/vc_column][vc_column el_class=\u00a0\u00bbheader-text\u00a0\u00bb][vc_column_text css=\u00a0\u00bb.vc_custom_1681245639635{margin-bottom: 0px !important;}\u00a0\u00bb]Ballons Promotionnels<\/p>\n\t\t\t\t\t<h3 class=\"since_texte\"><span class=\"font_un\">Depuis<\/span> <span class=\"font_deux\">2001<\/span><\/h3>\n\t\t<div id=\"ensem_trois_bouton\">\n\t\t\t<a href=\"https:\/\/csaballoons.com\/fr\/demande-de-prix\/\" class=\"bton_un\">Demander un devis<\/a>\n\t\t\t<a href=\"https:\/\/csaballoons.com\/fr\/commande\/\" class=\"bton_deux\">Commandes en ligne, 5% de rabais<\/a>\n\t\t\t<a href=\"https:\/\/csaballoons.com\/fr\/contact\/\" class=\"bton_trois\">Contact rapide<\/a>\n\t\t<\/div>\n\t\t\t\t\t\n\t\t[\/vc_column_text][\/vc_column][\/vc_row][vc_row el_class=\u00a0\u00bbhome-block1&Prime;][vc_column][vc_raw_html]JTVCaG9tZS1zbGlkZXIlMjBpZHMlM0QlMjI2MjQ4JTJDNjI0OSUyQzYyNTAlMkM2MjUxJTJDNjI1MiUyQzYyNTMlMkM2MjU0JTJDNjI1NSUyQzYyNTYlMkM2MjU3JTJDNjI1OCUyQzYyNTklMkM2MjYwJTJDNjI2MSUyQzYyNjIlMkM2MjYzJTJDNjI2NSUyQzYyNjYlMkM2MjY3JTJDNjI2OCUyQzYyNjklMkM2MjcwJTJDNjI3MSUyQzYyNzIlMkM2MjczJTJDNjI3NCUyQzYyNzUlMkM2Mjc2JTJDNjI3NyUyQzYyNzglMkM2Mjc5JTJDNjI4MCUyQzYyODElMkM2MjgyJTJDNjI4MyUyQzYyODQlMkM2Mjg1JTJDNjI4NiUyQzYyODclMkM2Mjg4JTJDNjI4OSUyQzYyOTAlMkM2MjkxJTJDNjI5MiUyQzYyOTMlMkM2Mjk0JTJDNjI5NSUyQzYyOTYlMkM2Mjk3JTJDNjI5OCUyQzYyOTklMkM2MzAwJTJDNjMwMSUyQzYzMDIlMkM2MzAzJTJDNjMwNCUyQzYzMDUlMkM2MzA2JTJDNjMwNyUyQzYzMDglMkM2MzA5JTJDNjMxMCUyQzYzMTElMkM2MzEyJTJDNjMxMyUyQzYzMTQlMkM2MzE1JTJDNjMxNiUyQzYzMTclMkM2MzE4JTJDNjMxOSUyQzYzMjAlMkM2MzIxJTJDNjMyMiUyQzYzMjMlMkM2MzI0JTJDNjMyNSUyQzYzMjYlMkM2MzI3JTJDNjMyOCUyQzYzMjklMkM2MzMwJTJDNjMzMSUyQzYzMzIlMkM2MzMzJTJDNjMzNSUyQzYzMzYlMkM2MzM3JTJDNjMzOSUyQzYzNDElMkM2MzQyJTJDNjM0MyUyQzYzNDQlMkM2MzQ1JTJDNjM0NiUyQzYzNDclMkM2MzQ4JTJDNjM0OSUyQzYzNTAlMkM2MzUxJTJDNjM1MiUyQzYzNTMlMkM2MzU0JTJDNjM1NSUyQzYzNTYlMkM2MzU3JTJDNjM1OCUyQzYzNTklMkM2MzYwJTJDNjM2MSUyQzYzNjIlMkM2MzYzJTJDNjM2NCUyQzYzNjUlMkM2MzY2JTJDNjM2NyUyQzYzNjglMkM2MzY5JTJDNjM3MCUyQzYzNzElMkM2MzcyJTJDNjM3MyUyQzYzNzQlMkM2Mzc1JTJDNjM3NiUyQzYzNzclMkM2Mzc4JTJDNjM3OSUyQzYzODAlMkM2MzgxJTIyJTVE[\/vc_raw_html][vc_column_text css=\u00a0\u00bb.vc_custom_1681245677637{margin-bottom: 0px !important;}\u00a0\u00bb]\n<h2 style=\"text-align: center;\">Ballons Promotionnels<\/h2>\n<p style=\"text-align: center;\">Le marketing est un \u00e9l\u00e9ment important pour toute entreprise. Les outils promotionnels qui sont utilis\u00e9s permettent de mettre de l\u2019avant les valeurs, la marque, le logo et le slogan des entreprises.<\/p>\n<p style=\"text-align: center;\">Les ballons publicitaires personnalis\u00e9s sont un excellent moyen de faire valoir l\u2019image de marque et le savoir-faire de votre entreprise. Voici pourquoi.<\/p>\n<h3 style=\"text-align: center;\">QU\u2019EST-CE QUE SONT LES BALLONS PROMOTIONNELS?<\/h3>\n<p style=\"text-align: center;\">Vous vous demandez sans doute ce que sont exactement les ballons promotionnels.<\/p>\n<p style=\"text-align: center;\">Un ballon promotionnel est un ballon imprim\u00e9 sur mesure utilis\u00e9 pour afficher la marque de votre entreprise et promouvoir la notori\u00e9t\u00e9 de votre entreprise et de ses services.<\/p>\n<p style=\"text-align: center;\">Un article promotionnel est tout objet qui contribue \u00e0 la croissance de votre entreprise. Stylos, aimants, t-shirts, balles anti-stress\u2026 Ce sont tous des articles promotionnels que vous connaissez peut-\u00eatre et que vous pouvez m\u00eame utiliser dans votre propre entreprise aujourd\u2019hui.<\/p>\n<p style=\"text-align: center;\">L\u2019ajout de ballons personnalis\u00e9s \u00e0 votre composition est sans doute l\u2019acte promotionnel le plus rentable que vous puissiez entreprendre en 2019. Avec un co\u00fbt unitaire d\u2019environ 20 cents ou moins en fonction des quantit\u00e9s, si votre entreprise imprime d\u00e9j\u00e0 des articles promotionnels, ajouter des ballons personnalis\u00e9s amusants et excitants \u00e0 vos articles existants est pratiquement une \u00e9vidence..<\/p>\n[\/vc_column_text][vc_row_inner css=\u00a0\u00bb.vc_custom_1680637415370{margin-top: 40px !important;margin-bottom: 40px !important;}\u00a0\u00bb][vc_column_inner width=\u00a0\u00bb1\/4&Prime;][\/vc_column_inner][vc_column_inner width=\u00a0\u00bb1\/2&Prime;][vc_gallery type=\u00a0\u00bbimage_grid\u00a0\u00bb images=\u00a0\u00bb4634,4646,4650,4652,4596,4655&Prime;][\/vc_column_inner][vc_column_inner width=\u00a0\u00bb1\/4&Prime;][\/vc_column_inner][\/vc_row_inner][vc_single_image image=\u00a0\u00bb5415&Prime; img_size=\u00a0\u00bbfull\u00a0\u00bb el_class=\u00a0\u00bbcsa-confetti\u00a0\u00bb][\/vc_column][\/vc_row][vc_row el_class=\u00a0\u00bbhome-block2&Prime;][vc_column][vc_raw_html]JTNDaDIlMjBjbGFzcyUzRCUyMnByb2R0aXRsZUIlMjIlM0UlMEElM0NhJTIwaHJlZiUzRCUyMiUyRmNvbW1lbnQtc29udC1mYWJyaXF1ZXMtbGVzLWJhbGxvbnMtZW4tbGF0ZXgtbmF0dXJlbCUyRiUyMiUzRSUzQ2ltZyUyMHNyYyUzRCUyMiUyRndwLWNvbnRlbnQlMkZ1cGxvYWRzJTJGMjAyMSUyRjAzJTJGY3NhLWJpb2ZyLTItMTI1eDEyNS1zLnBuZyUyMiUyMCUyRiUzRSUzQyUyRmElM0UlMEElM0NzcGFuJTNFQ29tcGwlQzMlQTl0ZXolMjB2b3RyZSUyMGNvbW1hbmRlJTIwZGUlMjBiYWxsb25zJTNDYnIlM0UlMEFwZXJzb25uYWxpcyVDMyVBOXMlMjBlbiUyMGxpZ25lJTIwZXQlMjBvYnRlbmV6JTIwJTNDc3Ryb25nJTNFNSUyNSUzQyUyRnN0cm9uZyUzRSUyMGRlJTIwcmFiYWlzLiUzQyUyRnNwYW4lM0UlMEElM0NhJTIwaHJlZiUzRCUyMiUyRmNvbW1lbnQtc29udC1mYWJyaXF1ZXMtbGVzLWJhbGxvbnMtZW4tbGF0ZXgtbmF0dXJlbCUyRiUyMiUzRSUzQ2ltZyUyMHNyYyUzRCUyMiUyRndwLWNvbnRlbnQlMkZ1cGxvYWRzJTJGMjAyMSUyRjAzJTJGY3NhLWJpb2ZyLTItMTI1eDEyNS1zLnBuZyUyMiUyMCUyRiUzRSUzQyUyRmElM0UlMEElM0MlMkZoMiUzRQ==[\/vc_raw_html][vc_column_text css=\u00a0\u00bb.vc_custom_1645619628705{margin-bottom: 40px !important;}\u00a0\u00bb]\n            <div class=\"products-home\" isapp=\"\">\n                                <!-- <h2>\n                    <img src=\"\/wp-content\/uploads\/2021\/03\/csa-biofr-2-125x125-s.png\">\n                    <img src=\"\/wp-content\/uploads\/2021\/03\/csa-biofr-2-125x125-s.png\">\n                    <img src=\"\/wp-content\/uploads\/2021\/03\/csa-biofr-2-125x125-s.png\">\n                    <span>\n                                        <\/span>\n                    <img src=\"\/wp-content\/uploads\/2021\/03\/csa-biofr-2-125x125-s.png\">\n                    <img src=\"\/wp-content\/uploads\/2021\/03\/csa-biofr-2-125x125-s.png\">\n                    <img src=\"\/wp-content\/uploads\/2021\/03\/csa-biofr-2-125x125-s.png\">\n                <\/h2> -->\n                                <div class=\"products-home-block\">\n                                                    <a href=\"commande\/\/#latex-12\">\n                                    <img src=\"https:\/\/csaballoons.com\/wp-content\/uploads\/2021\/03\/csa-products-balloons-1.png\" alt=\"Latex 12\u201d\">\n                                    <h2>Latex 12\u201d<\/h2>\n                                <\/a>\n                                                            <a href=\"commande\/\/#latex-16\">\n                                    <img src=\"https:\/\/csaballoons.com\/wp-content\/uploads\/2021\/03\/csa-products-balloons-2.png\" alt=\"Latex 16\u201d\">\n                                    <h2>Latex 16\u201d<\/h2>\n                                <\/a>\n                                                            <a href=\"commande\/\/#latex-24\">\n                                    <img src=\"https:\/\/csaballoons.com\/wp-content\/uploads\/2021\/03\/csa-products-balloons-3.png\" alt=\"Latex 24\u201d\">\n                                    <h2>Latex 24\u201d<\/h2>\n                                <\/a>\n                                                            <a href=\"commande\/\/#latex-36\">\n                                    <img src=\"https:\/\/csaballoons.com\/wp-content\/uploads\/2021\/03\/csa-products-balloons-4.png\" alt=\"Latex 36\u201d\">\n                                    <h2>Latex 36\u201d<\/h2>\n                                <\/a>\n                                                            <a href=\"commande\/\/#round-foil\">\n                                    <img src=\"https:\/\/csaballoons.com\/wp-content\/uploads\/2021\/03\/csa-products-balloons-6.png\" alt=\"18\u201d Round Foil\">\n                                    <h2>Mylar Rond 18\u201d<\/h2>\n                                <\/a>\n                                                            <a href=\"commande\/\/#heart-foil\">\n                                    <img src=\"https:\/\/csaballoons.com\/wp-content\/uploads\/2021\/03\/csa-products-balloons-7.png\" alt=\"18\u201d Heart Foil\">\n                                    <h2>Mylar Coeur 18\u201d<\/h2>\n                                <\/a>\n                                                            <a href=\"commande\/\/#star-foil\">\n                                    <img src=\"https:\/\/csaballoons.com\/wp-content\/uploads\/2021\/03\/csa-products-balloons-8.png\" alt=\"18\u201d Star Foil\">\n                                    <h2>Mylar \u00c9toile 18\u201d<\/h2>\n                                <\/a>\n                                            <\/div>\n            <\/div>\n        \n        \n[\/vc_column_text][vc_column_text css=\u00a0\u00bb.vc_custom_1681924097093{margin-bottom: 0px !important;}\u00a0\u00bb]<div class=\"wp-block-button pbutton alt blue-button\"><a class=\"wp-block-button__link blue-button\" href=\"https:\/\/csaballoons.com\/fr\/devis\/\" target=\"\"><strong> Demander une Soumission <\/strong><\/a><\/div>[\/vc_column_text][vc_single_image image=\u00a0\u00bb5447&Prime; img_size=\u00a0\u00bbfull\u00a0\u00bb el_class=\u00a0\u00bbcsa-roundbox\u00a0\u00bb][\/vc_column][\/vc_row][vc_row el_class=\u00a0\u00bbhome-block6&Prime;][vc_column width=\u00a0\u00bb1\/2&Prime;][vc_column_text css=\u00a0\u00bb.vc_custom_1681245709631{margin-bottom: 0px !important;}\u00a0\u00bb]\n<h2>QUI POURRAIT PROFITER DES BALLONS PROMOTIONNELS?<\/h2>\n<p>Nous avons \u00e9tabli un point clair: les ballons promotionnels sont uniques et efficaces. Mais, quel type d\u2019entreprise pourrait tirer le meilleur parti de ces \u00e9l\u00e9ments marketing, et comment?<\/p>\n<p>Toutes les entreprises, grandes et petites, sont toujours \u00e0 la recherche de moyens de promouvoir et de d\u00e9velopper leur marque. Les ballons promotionnels permettent \u00e0 votre entreprise de se d\u00e9marquer de la concurrence.<\/p>\n<p>De grandes marques nationales et internationales telles que Coca Cola et Baskin Robbins, sans oublier des milliers de petites entreprises, utilisent des ballons imprim\u00e9s personnalis\u00e9s pour soutenir et souligner le message principal de leur soci\u00e9t\u00e9.<\/p>\n[\/vc_column_text][\/vc_column][vc_column width=\u00a0\u00bb1\/2&Prime;][vc_single_image image=\u00a0\u00bb4657&Prime; img_size=\u00a0\u00bbfull\u00a0\u00bb][\/vc_column][\/vc_row][vc_row el_class=\u00a0\u00bbhome-block5&Prime;][vc_column width=\u00a0\u00bb1\/6&Prime;][\/vc_column][vc_column width=\u00a0\u00bb2\/3&Prime;][vc_video link=\u00a0\u00bbhttps:\/\/www.youtube.com\/watch?v=ehQdxPyUlGg\u00a0\u00bb][\/vc_column][vc_column width=\u00a0\u00bb1\/6&Prime;][\/vc_column][\/vc_row][vc_row el_class=\u00a0\u00bbhome-block6&Prime;][vc_column width=\u00a0\u00bb1\/2&Prime;][vc_column_text css=\u00a0\u00bb.vc_custom_1681245775314{margin-bottom: 0px !important;}\u00a0\u00bb]\n<h2>QUAND ET OU UTILISER DES BALLONS PROMOTIONNELS?<\/h2>\n<p>Les ballons promotionnels sont l\u2019un des outils marketing les plus populaires, id\u00e9al pour les affaires, mais quand sont-ils les plus efficaces et o\u00f9 devriez vous les utiliser?<\/p>\n<p>Si nous nous souvenons que les ballons personnalis\u00e9s vous permettent de vous d\u00e9marquer, il est facile d\u2019imaginer des moments et des endroits o\u00f9 ces articles promotionnels sont utiles et couronn\u00e9s de succ\u00e8s. Ces lieux comprennent les foires commerciales et les conf\u00e9rences.<\/p>\n<p>Que ce soit par une arche de ballon color\u00e9e, ou m\u00eame un bouquet de ballons personnalis\u00e9s sur un ruban, chacun des visiteurs de l\u2019\u00e9v\u00e9nement se souviendra de votre entreprise.<\/p>\n<p>Beaucoup de nos clients d\u00e9taillants utilisent quotidiennement des ballons dans leurs magasins, leurs cliniques et leurs bureaux. Par exemple, l\u2019utilisation de ballons peut faire de la visite chez le dentiste un moment inoubliable plut\u00f4t qu\u2019une corv\u00e9e p\u00e9nible.<\/p>\n[\/vc_column_text][\/vc_column][vc_column width=\u00a0\u00bb1\/2&Prime;][vc_column_text css=\u00a0\u00bb.vc_custom_1681245813194{margin-bottom: 0px !important;}\u00a0\u00bb]\n<h2>COMMENT COMMANDER VOS BALLONS PROMOTIONNELS?<\/h2>\n<p>Commander des ballons promotionnels est aussi simple que de nous envoyer par courrier \u00e9lectronique le logo de votre entreprise. Nous sommes des experts au repos!<\/p>\n<p>Dans le cas des ballons personnalis\u00e9s promotionnels pour les logos d\u2019entreprise, CSA Balloons, qui fabrique depuis quinze ans de superbes ballons personnalis\u00e9s, constitue le choix id\u00e9al.<\/p>\n<p>CSA Balloons poss\u00e8de une expertise, un personnel d\u00e9vou\u00e9 et qualifi\u00e9, ainsi que des avantages suppl\u00e9mentaires tels que l\u2019aide d\u2019illustrations professionnelles utilisant les couleurs Pantone pour une reproduction pr\u00e9cise du logo. Nous imprimons sur des ballons de latex biod\u00e9gradables naturels ainsi que sur du mylar durable et recyclable.<\/p>\n<p>CSA Balloons a imprim\u00e9 des ballons promotionnels personnalis\u00e9s pour les trois derniers pr\u00e9sidents des \u00c9tats-Unis, US Marine Corp, Google Android et McDonald\u2019s. Confiez-nous votre commande d\u2019impression de ballon logo. C\u2019est ce que nous faisons de mieux, et ce, pour les entreprises de toutes tailles.<\/p>\n<p>Appelez les CSA Balloons d\u00e8s aujourd\u2019hui ou utilisez le formulaire de soumission rapide pour commencer \u00e0 utiliser vos propres images promotionnels personnalis\u00e9s.<\/p>\n[\/vc_column_text][\/vc_column][\/vc_row][vc_row el_class=\u00a0\u00bbhome-block7&Prime;][vc_column][vc_column_text css=\u00a0\u00bb.vc_custom_1681924107486{margin-bottom: 0px !important;}\u00a0\u00bb]<div class=\"wp-block-button pbutton alt blue-button\"><a class=\"wp-block-button__link blue-button\" href=\"https:\/\/csaballoons.com\/fr\/devis\/\" target=\"\"><strong> Demander une Soumission <\/strong><\/a><\/div>[\/vc_column_text][\/vc_column][\/vc_row][vc_row el_class=\u00a0\u00bbhome-block8&Prime;][vc_column][vc_single_image image=\u00a0\u00bb5466&Prime; img_size=\u00a0\u00bbfull\u00a0\u00bb el_class=\u00a0\u00bbcsa-balloon-banner\u00a0\u00bb][vc_single_image image=\u00a0\u00bb5415&Prime; img_size=\u00a0\u00bbfull\u00a0\u00bb el_class=\u00a0\u00bbcsa-confetti\u00a0\u00bb][vc_column_text align=\u00a0\u00bbcenter\u00a0\u00bb css=\u00a0\u00bb.vc_custom_1681245935757{margin-bottom: 0px !important;}\u00a0\u00bb]\n<h2>Ballons Promotionnels<\/h2>\n<p>Le marketing est un \u00e9l\u00e9ment important pour toute entreprise. Les outils promotionnels qui sont utilis\u00e9s permettent de mettre de l\u2019avant les valeurs, la marque, le logo et le slogan des entreprises.[\/vc_column_text][vc_single_image image=\u00a0\u00bb5415&Prime; img_size=\u00a0\u00bbfull\u00a0\u00bb el_class=\u00a0\u00bbcsa-confetti csa-confettiB\u00a0\u00bb][\/vc_column][\/vc_row][vc_row el_class=\u00a0\u00bbhome-block1&Prime;][vc_column][vc_column_text css=\u00a0\u00bb.vc_custom_1681246020746{margin-bottom: 0px !important;}\u00a0\u00bb]\n<h2>POURQUOI CHOISIR LES BALLONS CSA?<\/h2>\n<p>Les ballons sont passionnants, amusants et int\u00e9ressants. Les ballons personnalis\u00e9s et imprim\u00e9s sont la quintessence pour cr\u00e9er une image m\u00e9morable et positive de votre entreprise.<\/p>\n<p>Les ballons peuvent \u00eatre emball\u00e9s et exp\u00e9di\u00e9s pour r\u00e9pondre \u00e0 vos besoins op\u00e9rationnels. Nous proposons des exp\u00e9ditions fractionn\u00e9es pour les op\u00e9rateurs multi-unit\u00e9s et des services de d\u00e9coration de ballons au d\u00e9tail sur de nombreux march\u00e9s.<\/p>\n<p>Notre technologie de pointe et notre processus d\u2019impression cr\u00e9ent des impressions claires et nettes dans les couleurs de la marque, id\u00e9ales pour tous les types d\u2019entreprise, grandes et petites.<\/p>\n<p>Commandez vos ballons personnalis\u00e9s d\u00e8s aujourd\u2019hui avec CSA Balloons pour vous assurer de recevoir les meilleurs ballons promotionnels, pr\u00eats \u00e0 vous aider \u00e0 d\u00e9velopper votre entreprise de mani\u00e8re rentable et excitante.[\/vc_column_text][vc_single_image image=\u00a0\u00bb5415&Prime; img_size=\u00a0\u00bbfull\u00a0\u00bb el_class=\u00a0\u00bbcsa-confetti\u00a0\u00bb][\/vc_column][\/vc_row][vc_row el_class=\u00a0\u00bbcsa-infolettre\u00a0\u00bb][vc_column][vc_column_text css=\u00a0\u00bb.vc_custom_1681330875173{margin-bottom: 0px !important;}\u00a0\u00bb]\n<h2>Inscription \u00e0 notre infolettre<\/h2>\n<div role=\"form\" class=\"wpcf7\" id=\"wpcf7-f5438-o1\" lang=\"en-US\" dir=\"ltr\">\n<div class=\"screen-reader-response\"><p role=\"status\" aria-live=\"polite\" aria-atomic=\"true\"><\/p> <ul><\/ul><\/div>\n<form action=\"\/fr\/wp-json\/wp\/v2\/pages\/4680#wpcf7-f5438-o1\" method=\"post\" class=\"wpcf7-form init\" novalidate=\"novalidate\" data-status=\"init\">\n<div style=\"display: none;\">\n<input type=\"hidden\" name=\"_wpcf7\" value=\"5438\" \/>\n<input type=\"hidden\" name=\"_wpcf7_version\" value=\"5.5.6.1\" \/>\n<input type=\"hidden\" name=\"_wpcf7_locale\" value=\"en_US\" \/>\n<input type=\"hidden\" name=\"_wpcf7_unit_tag\" value=\"wpcf7-f5438-o1\" \/>\n<input type=\"hidden\" name=\"_wpcf7_container_post\" value=\"0\" \/>\n<input type=\"hidden\" name=\"_wpcf7_posted_data_hash\" value=\"\" \/>\n<\/div>\n<div class=\"crow\"><span class=\"wpcf7-form-control-wrap your-last\"><input type=\"text\" name=\"your-last\" value=\"\" size=\"40\" class=\"wpcf7-form-control wpcf7-text wpcf7-validates-as-required\" aria-required=\"true\" aria-invalid=\"false\" placeholder=\"Votre nom\" \/><\/span><span class=\"wpcf7-form-control-wrap your-email\"><input type=\"email\" name=\"your-email\" value=\"\" size=\"40\" class=\"wpcf7-form-control wpcf7-text wpcf7-email wpcf7-validates-as-required wpcf7-validates-as-email\" aria-required=\"true\" aria-invalid=\"false\" placeholder=\"Votre courriel\" \/><\/span>\n<div class=\"cbutton\"><input type=\"submit\" value=\"Je m\u2019inscris\" class=\"wpcf7-form-control has-spinner wpcf7-submit\" \/><\/div>\n<\/div>\n<input type=\"hidden\" id=\"ct_checkjs_cf7_d4c2e4a3297fe25a71d030b67eb83bfc\" name=\"ct_checkjs_cf7\" value=\"0\" \/><input\n                    class=\"apbct_special_field apbct_email_id__wp_contact_form_7\"\n                    name=\"apbct__email_id__wp_contact_form_7\"\n                    aria-label=\"apbct__label_id__wp_contact_form_7\"\n                    type=\"text\" size=\"30\" maxlength=\"200\" autocomplete=\"off\"\n                    value=\"\"\n                \/><div class=\"wpcf7-response-output\" aria-hidden=\"true\"><\/div><\/form><\/div>[\/vc_column_text][\/vc_column][\/vc_row]\n","protected":false},"excerpt":{"rendered":"<p>[vc_row el_class=\u00a0\u00bbhome-header\u00a0\u00bb][vc_column el_class=\u00a0\u00bbhome-slider-header\u00a0\u00bb][mk_fullwidth_slideshow images=\u00a0\u00bb5406&Prime;][\/vc_column][vc_column el_class=\u00a0\u00bbheader-text\u00a0\u00bb][vc_column_text css=\u00a0\u00bb.vc_custom_1681245639635{margin-bottom: 0px !important;}\u00a0\u00bb]Ballons Promotionnels [\/vc_column_text][\/vc_column][\/vc_row][vc_row el_class=\u00a0\u00bbhome-block1&Prime;][vc_column][vc_raw_html]JTVCaG9tZS1zbGlkZXIlMjBpZHMlM0QlMjI2MjQ4JTJDNjI0OSUyQzYyNTAlMkM2MjUxJTJDNjI1MiUyQzYyNTMlMkM2MjU0JTJDNjI1NSUyQzYyNTYlMkM2MjU3JTJDNjI1OCUyQzYyNTklMkM2MjYwJTJDNjI2MSUyQzYyNjIlMkM2MjYzJTJDNjI2NSUyQzYyNjYlMkM2MjY3JTJDNjI2OCUyQzYyNjklMkM2MjcwJTJDNjI3MSUyQzYyNzIlMkM2MjczJTJDNjI3NCUyQzYyNzUlMkM2Mjc2JTJDNjI3NyUyQzYyNzglMkM2Mjc5JTJDNjI4MCUyQzYyODElMkM2MjgyJTJDNjI4MyUyQzYyODQlMkM2Mjg1JTJDNjI4NiUyQzYyODclMkM2Mjg4JTJDNjI4OSUyQzYyOTAlMkM2MjkxJTJDNjI5MiUyQzYyOTMlMkM2Mjk0JTJDNjI5NSUyQzYyOTYlMkM2Mjk3JTJDNjI5OCUyQzYyOTklMkM2MzAwJTJDNjMwMSUyQzYzMDIlMkM2MzAzJTJDNjMwNCUyQzYzMDUlMkM2MzA2JTJDNjMwNyUyQzYzMDglMkM2MzA5JTJDNjMxMCUyQzYzMTElMkM2MzEyJTJDNjMxMyUyQzYzMTQlMkM2MzE1JTJDNjMxNiUyQzYzMTclMkM2MzE4JTJDNjMxOSUyQzYzMjAlMkM2MzIxJTJDNjMyMiUyQzYzMjMlMkM2MzI0JTJDNjMyNSUyQzYzMjYlMkM2MzI3JTJDNjMyOCUyQzYzMjklMkM2MzMwJTJDNjMzMSUyQzYzMzIlMkM2MzMzJTJDNjMzNSUyQzYzMzYlMkM2MzM3JTJDNjMzOSUyQzYzNDElMkM2MzQyJTJDNjM0MyUyQzYzNDQlMkM2MzQ1JTJDNjM0NiUyQzYzNDclMkM2MzQ4JTJDNjM0OSUyQzYzNTAlMkM2MzUxJTJDNjM1MiUyQzYzNTMlMkM2MzU0JTJDNjM1NSUyQzYzNTYlMkM2MzU3JTJDNjM1OCUyQzYzNTklMkM2MzYwJTJDNjM2MSUyQzYzNjIlMkM2MzYzJTJDNjM2NCUyQzYzNjUlMkM2MzY2JTJDNjM2NyUyQzYzNjglMkM2MzY5JTJDNjM3MCUyQzYzNzElMkM2MzcyJTJDNjM3MyUyQzYzNzQlMkM2Mzc1JTJDNjM3NiUyQzYzNzclMkM2Mzc4JTJDNjM3OSUyQzYzODAlMkM2MzgxJTIyJTVE[\/vc_raw_html][vc_column_text css=\u00a0\u00bb.vc_custom_1681245677637{margin-bottom: 0px !important;}\u00a0\u00bb] Ballons Promotionnels Le marketing est un \u00e9l\u00e9ment important pour toute entreprise. Les outils promotionnels qui sont utilis\u00e9s permettent de mettre de l\u2019avant les valeurs, la marque, le logo et le slogan des entreprises. Les ballons publicitaires personnalis\u00e9s sont un excellent moyen [&hellip;]<\/p>\n","protected":false},"author":3,"featured_media":0,"parent":0,"menu_order":0,"comment_status":"closed","ping_status":"closed","template":"page-csa.php","meta":{"_monsterinsights_skip_tracking":false,"_monsterinsights_sitenote_active":false,"_monsterinsights_sitenote_note":"","_monsterinsights_sitenote_category":0},"_links":{"self":[{"href":"https:\/\/csaballoons.com\/fr\/wp-json\/wp\/v2\/pages\/4680"}],"collection":[{"href":"https:\/\/csaballoons.com\/fr\/wp-json\/wp\/v2\/pages"}],"about":[{"href":"https:\/\/csaballoons.com\/fr\/wp-json\/wp\/v2\/types\/page"}],"author":[{"embeddable":true,"href":"https:\/\/csaballoons.com\/fr\/wp-json\/wp\/v2\/users\/3"}],"replies":[{"embeddable":true,"href":"https:\/\/csaballoons.com\/fr\/wp-json\/wp\/v2\/comments?post=4680"}],"version-history":[{"count":10,"href":"https:\/\/csaballoons.com\/fr\/wp-json\/wp\/v2\/pages\/4680\/revisions"}],"predecessor-version":[{"id":7903,"href":"https:\/\/csaballoons.com\/fr\/wp-json\/wp\/v2\/pages\/4680\/revisions\/7903"}],"wp:attachment":[{"href":"https:\/\/csaballoons.com\/fr\/wp-json\/wp\/v2\/media?parent=4680"}],"curies":[{"name":"wp","href":"https:\/\/api.w.org\/{rel}","templated":true}]}}