{"id":5361,"date":"2021-03-05T19:13:53","date_gmt":"2021-03-05T19:13:53","guid":{"rendered":"https:\/\/csaballoons.com\/?page_id=5361"},"modified":"2023-10-06T16:56:32","modified_gmt":"2023-10-06T16:56:32","slug":"newhome","status":"publish","type":"page","link":"https:\/\/csaballoons.com\/fr\/","title":{"rendered":"Accueil"},"content":{"rendered":"[vc_row el_class=\u00a0\u00bbhome-header\u00a0\u00bb][vc_column el_class=\u00a0\u00bbhome-slider-header\u00a0\u00bb][mk_fullwidth_slideshow images=\u00a0\u00bb5406&Prime;][\/vc_column][vc_column el_class=\u00a0\u00bbheader-text\u00a0\u00bb][vc_column_text css=\u00a0\u00bb.vc_custom_1696611383977{margin-bottom: 0px !important;}\u00a0\u00bb]<img src=\"\/wp-content\/uploads\/2023\/10\/2922500_27114-scaled.jpg\" alt=\"Custom Balloons canada\" width=\"100\" \/><span class=\"text_head\">Le leader en impression<br \/>\nde ballons personnalis\u00e9s<\/span><img src=\"\/wp-content\/uploads\/2023\/10\/2807790_18165-scaled.jpg\" alt=\"Custom Balloons USA\" width=\"100\" \/><\/p>\n\t\t\t\t\t<h3 class=\"since_texte\"><span class=\"font_un\">Depuis<\/span> <span class=\"font_deux\">2001<\/span><\/h3>\n\t\t<div id=\"ensem_trois_bouton\">\n\t\t\t<a href=\"https:\/\/csaballoons.com\/fr\/demande-de-prix\/\" class=\"bton_un\">Demander un devis<\/a>\n\t\t\t<a href=\"https:\/\/csaballoons.com\/fr\/commande\/\" class=\"bton_deux\">Commandes en ligne, 5% de rabais<\/a>\n\t\t\t<a href=\"https:\/\/csaballoons.com\/fr\/contact\/\" class=\"bton_trois\">Contact rapide<\/a>\n\t\t<\/div>\n\t\t\t\t\t\n\t\t[\/vc_column_text][\/vc_column][\/vc_row][vc_row el_class=\u00a0\u00bbhome-block1&Prime;][vc_column][vc_raw_html]JTVCaG9tZS1zbGlkZXIlMjBpZHMlM0QlMjI2MjQ4JTJDNjI0OSUyQzYyNTAlMkM2MjUxJTJDNjI1MiUyQzYyNTMlMkM2MjU0JTJDNjI1NSUyQzYyNTYlMkM2MjU3JTJDNjI1OCUyQzYyNTklMkM2MjYwJTJDNjI2MSUyQzYyNjIlMkM2MjYzJTJDNjI2NSUyQzYyNjYlMkM2MjY3JTJDNjI2OCUyQzYyNjklMkM2MjcwJTJDNjI3MSUyQzYyNzIlMkM2MjczJTJDNjI3NCUyQzYyNzUlMkM2Mjc2JTJDNjI3NyUyQzYyNzglMkM2Mjc5JTJDNjI4MCUyQzYyODElMkM2MjgyJTJDNjI4MyUyQzYyODQlMkM2Mjg1JTJDNjI4NiUyQzYyODclMkM2Mjg4JTJDNjI4OSUyQzYyOTAlMkM2MjkxJTJDNjI5MiUyQzYyOTMlMkM2Mjk0JTJDNjI5NSUyQzYyOTYlMkM2Mjk3JTJDNjI5OCUyQzYyOTklMkM2MzAwJTJDNjMwMSUyQzYzMDIlMkM2MzAzJTJDNjMwNCUyQzYzMDUlMkM2MzA2JTJDNjMwNyUyQzYzMDglMkM2MzA5JTJDNjMxMCUyQzYzMTElMkM2MzEyJTJDNjMxMyUyQzYzMTQlMkM2MzE1JTJDNjMxNiUyQzYzMTclMkM2MzE4JTJDNjMxOSUyQzYzMjAlMkM2MzIxJTJDNjMyMiUyQzYzMjMlMkM2MzI0JTJDNjMyNSUyQzYzMjYlMkM2MzI3JTJDNjMyOCUyQzYzMjklMkM2MzMwJTJDNjMzMSUyQzYzMzIlMkM2MzMzJTJDNjMzNSUyQzYzMzYlMkM2MzM3JTJDNjMzOSUyQzYzNDElMkM2MzQyJTJDNjM0MyUyQzYzNDQlMkM2MzQ1JTJDNjM0NiUyQzYzNDclMkM2MzQ4JTJDNjM0OSUyQzYzNTAlMkM2MzUxJTJDNjM1MiUyQzYzNTMlMkM2MzU0JTJDNjM1NSUyQzYzNTYlMkM2MzU3JTJDNjM1OCUyQzYzNTklMkM2MzYwJTJDNjM2MSUyQzYzNjIlMkM2MzYzJTJDNjM2NCUyQzYzNjUlMkM2MzY2JTJDNjM2NyUyQzYzNjglMkM2MzY5JTJDNjM3MCUyQzYzNzElMkM2MzcyJTJDNjM3MyUyQzYzNzQlMkM2Mzc1JTJDNjM3NiUyQzYzNzclMkM2Mzc4JTJDNjM3OSUyQzYzODAlMkM2MzgxJTIyJTVE[\/vc_raw_html][vc_column_text css=\u00a0\u00bb.vc_custom_1619638996102{margin-bottom: 0px !important;}\u00a0\u00bb]\n<h2 style=\"text-align: center;\"><strong>PLUS DE 20 ANS D\u2019EXCELLENCE EN BALLONS PERSONNALIS\u00c9S<\/strong><\/h2>\n<h2 style=\"text-align: center;\">QUALIT\u00c9 \u2013 SERVICE \u2013 RAPIDIT\u00c9<\/h2>\n<p>R\u00e9put\u00e9s pour notre service d\u2019impression de premi\u00e8re classe et nos ballons de qualit\u00e9 sup\u00e9rieure, nous sommes les leaders en impression de ballons personnalis\u00e9s. Chez Ballons CSA, nous fournissons le meilleur service \u00e0 la client\u00e8le et une livraison rapide. Notre gamme de produits et de services, ainsi que notre vaste s\u00e9lection de couleurs et de finis pour ballons, font de nous le choix \u00e9vident pour tous vos besoins d\u2019impression de ballons personnalis\u00e9s.[\/vc_column_text][vc_single_image image=\u00a0\u00bb5415&Prime; img_size=\u00a0\u00bbfull\u00a0\u00bb el_class=\u00a0\u00bbcsa-confetti\u00a0\u00bb][\/vc_column][\/vc_row][vc_row el_class=\u00a0\u00bbhome-block2&Prime;][vc_column][vc_raw_html]JTNDaDIlMjBjbGFzcyUzRCUyMnByb2R0aXRsZUIlMjIlM0UlMEElM0NhJTIwaHJlZiUzRCUyMiUyRmNvbW1lbnQtc29udC1mYWJyaXF1ZXMtbGVzLWJhbGxvbnMtZW4tbGF0ZXgtbmF0dXJlbCUyRiUyMiUzRSUzQ2ltZyUyMHNyYyUzRCUyMiUyRndwLWNvbnRlbnQlMkZ1cGxvYWRzJTJGMjAyMSUyRjAzJTJGY3NhLWJpb2ZyLTItMTI1eDEyNS1zLnBuZyUyMiUyMCUyRiUzRSUzQyUyRmElM0UlMEElM0NzcGFuJTNFQ29tcGwlQzMlQTl0ZXolMjB2b3RyZSUyMGNvbW1hbmRlJTIwZGUlMjBiYWxsb25zJTNDYnIlM0UlMEFwZXJzb25uYWxpcyVDMyVBOXMlMjBlbiUyMGxpZ25lJTIwZXQlMjBvYnRlbmV6JTIwJTNDc3Ryb25nJTNFNSUyNSUzQyUyRnN0cm9uZyUzRSUyMGRlJTIwcmFiYWlzLiUwQSUzQyUyRnNwYW4lM0UlMEElM0NhJTIwaHJlZiUzRCUyMiUyRmNvbW1lbnQtc29udC1mYWJyaXF1ZXMtbGVzLWJhbGxvbnMtZW4tbGF0ZXgtbmF0dXJlbCUyRiUyMiUzRSUzQ2ltZyUyMHNyYyUzRCUyMiUyRndwLWNvbnRlbnQlMkZ1cGxvYWRzJTJGMjAyMSUyRjAzJTJGY3NhLWJpb2ZyLTItMTI1eDEyNS1zLnBuZyUyMiUyMCUyRiUzRSUzQyUyRmElM0UlMEElM0MlMkZoMiUzRQ==[\/vc_raw_html][vc_column_text css=\u00a0\u00bb.vc_custom_1619635941138{margin-bottom: 0px !important;}\u00a0\u00bb]\n<p style=\"text-align: center;\">            <div class=\"products-home\" isapp=\"\">\n                                <!-- <h2>\n                    <img src=\"\/wp-content\/uploads\/2021\/03\/csa-biofr-2-125x125-s.png\">\n                    <img src=\"\/wp-content\/uploads\/2021\/03\/csa-biofr-2-125x125-s.png\">\n                    <img src=\"\/wp-content\/uploads\/2021\/03\/csa-biofr-2-125x125-s.png\">\n                    <span>\n                                        <\/span>\n                    <img src=\"\/wp-content\/uploads\/2021\/03\/csa-biofr-2-125x125-s.png\">\n                    <img src=\"\/wp-content\/uploads\/2021\/03\/csa-biofr-2-125x125-s.png\">\n                    <img src=\"\/wp-content\/uploads\/2021\/03\/csa-biofr-2-125x125-s.png\">\n                <\/h2> -->\n                                <div class=\"products-home-block\">\n                                                    <a href=\"commande\/\/#latex-12\">\n                                    <img src=\"https:\/\/csaballoons.com\/wp-content\/uploads\/2021\/03\/csa-products-balloons-1.png\" alt=\"Latex 12\u201d\">\n                                    <h2>Latex 12\u201d<\/h2>\n                                <\/a>\n                                                            <a href=\"commande\/\/#latex-16\">\n                                    <img src=\"https:\/\/csaballoons.com\/wp-content\/uploads\/2021\/03\/csa-products-balloons-2.png\" alt=\"Latex 16\u201d\">\n                                    <h2>Latex 16\u201d<\/h2>\n                                <\/a>\n                                                            <a href=\"commande\/\/#latex-24\">\n                                    <img src=\"https:\/\/csaballoons.com\/wp-content\/uploads\/2021\/03\/csa-products-balloons-3.png\" alt=\"Latex 24\u201d\">\n                                    <h2>Latex 24\u201d<\/h2>\n                                <\/a>\n                                                            <a href=\"commande\/\/#latex-36\">\n                                    <img src=\"https:\/\/csaballoons.com\/wp-content\/uploads\/2021\/03\/csa-products-balloons-4.png\" alt=\"Latex 36\u201d\">\n                                    <h2>Latex 36\u201d<\/h2>\n                                <\/a>\n                                                            <a href=\"commande\/\/#round-foil\">\n                                    <img src=\"https:\/\/csaballoons.com\/wp-content\/uploads\/2021\/03\/csa-products-balloons-6.png\" alt=\"18\u201d Round Foil\">\n                                    <h2>Mylar Rond 18\u201d<\/h2>\n                                <\/a>\n                                                            <a href=\"commande\/\/#heart-foil\">\n                                    <img src=\"https:\/\/csaballoons.com\/wp-content\/uploads\/2021\/03\/csa-products-balloons-7.png\" alt=\"18\u201d Heart Foil\">\n                                    <h2>Mylar Coeur 18\u201d<\/h2>\n                                <\/a>\n                                                            <a href=\"commande\/\/#star-foil\">\n                                    <img src=\"https:\/\/csaballoons.com\/wp-content\/uploads\/2021\/03\/csa-products-balloons-8.png\" alt=\"18\u201d Star Foil\">\n                                    <h2>Mylar \u00c9toile 18\u201d<\/h2>\n                                <\/a>\n                                            <\/div>\n            <\/div>\n        \n        \n[\/vc_column_text][vc_column_text css=\u00a0\u00bb.vc_custom_1619637576567{margin-bottom: 0px !important;}\u00a0\u00bb]\n<p style=\"text-align: center;\"><strong>Chez Ballons CSA, nous sommes fiers de vous offrir un service<br \/>\nefficace bas\u00e9 sur la confiance, le dynamisme et la fiabilit\u00e9:<\/strong><\/p>\n<ul>\n<li>Qualit\u00e9 des produits et impression sup\u00e9rieure<\/li>\n<li>Service de production prioritaire<\/li>\n<li>Exp\u00e9dition multi-filiales<\/li>\n<li>Service de d\u00e9cor corporatif<\/li>\n<li>Support graphique et correspondance pantone<\/li>\n<li>Large \u00e9ventail de couleurs de ballons de latex et de mylar<\/li>\n<li>Gonflage et distribution de ballons lors d\u2019\u00e9v\u00e8nements<\/li>\n<\/ul>\n[\/vc_column_text][vc_column_text css=\u00a0\u00bb.vc_custom_1668071391572{margin-bottom: 0px !important;}\u00a0\u00bb]\n<p style=\"text-align: center;\"><div class=\"wp-block-button pbutton alt blue-button\"><a class=\"wp-block-button__link blue-button\" href=\"https:\/\/csaballoons.com\/fr\/demande-de-prix\/\" target=\"\"><strong> Demande de Prix <\/strong><\/a><\/div>\n[\/vc_column_text][vc_single_image image=\u00a0\u00bb5447&Prime; img_size=\u00a0\u00bbfull\u00a0\u00bb el_class=\u00a0\u00bbcsa-roundbox\u00a0\u00bb][\/vc_column][\/vc_row][vc_row el_class=\u00a0\u00bbhome-block3&Prime;][vc_column][vc_column_text css=\u00a0\u00bb.vc_custom_1646414075847{margin-bottom: 0px !important;}\u00a0\u00bb]\n<h2 style=\"text-align: left;\"><strong>Impression de logo sur ballons pour promouvoir votre entreprise<\/strong><strong><br \/>\n<\/strong><\/h2>\n<p>Au cours des 20 derni\u00e8res ann\u00e9es, nous avons imprim\u00e9 des logos sur des ballons pour des milliers d\u2019entreprises. Nos installations de pointe et notre processus de fabrication avanc\u00e9, nous permettent de reproduire m\u00eame les images les plus complexes sur nos ballons de qualit\u00e9 sup\u00e9rieure.<\/p>\n<p>Les entreprises les plus reconnues au monde ont choisi Ballons CSA pour cr\u00e9er des ballons personnalis\u00e9s qui refl\u00e8tent le succ\u00e8s de leur marque et leur professionnalisme. Laissez-nous vous aider \u00e0 impressionner vos clients et \u00e0 augmenter vos ventes. Optez pour l\u2019impression de logo sur ballons pour promouvoir votre entreprise aujourd\u2019hui.<\/p>\n<p>Il ne suffit que d\u2019un simple clic pour obtenir des ballons personnalis\u00e9s de qualit\u00e9 sup\u00e9rieure, livr\u00e9s partout au Canada et aux \u00c9tats-Unis.<\/p>\n<p style=\"text-align: center;\"><div class=\"wp-block-button pbutton alt blue-button\"><a class=\"wp-block-button__link blue-button\" href=\"contact\/\" target=\"\">Contactez Ballons CSA<\/a><\/div>\n<p><iframe loading=\"lazy\" src=\"https:\/\/www.youtube.com\/embed\/XiEPBnHs9sE\" width=\"527\" height=\"296\" frameborder=\"0\" allowfullscreen=\"allowfullscreen\"><\/iframe>[\/vc_column_text][vc_single_image image=\u00a0\u00bb5415&Prime; img_size=\u00a0\u00bbfull\u00a0\u00bb el_class=\u00a0\u00bbcsa-confetti\u00a0\u00bb][\/vc_column][\/vc_row][vc_row el_class=\u00a0\u00bbhome-block4&Prime;][vc_column][vc_column_text css=\u00a0\u00bb.vc_custom_1648600242525{margin-bottom: 0px !important;}\u00a0\u00bb]\n<h2 style=\"text-align: left;\"><strong>Les ballons personnalis\u00e9s exposent<br \/>\nvotre marque<\/strong><strong><br \/>\n<\/strong><\/h2>\n<p>Les experts en marketing ont d\u00e9couvert que les ballons personnalis\u00e9s sont de bons articles promotionnels qui am\u00e9liorent la perception positive d\u2019une marque de produit. Voil\u00e0 pourquoi, de plus en plus d\u2019entreprises utilisent ces petits objets exceptionnels pour promouvoir leur marque. Certains de nos clients ont d\u00e9velopp\u00e9 les marques les plus connues au monde.<\/p>\n<p>Chez Ballons CSA, nous fournissons des produits de qualit\u00e9 de premier ordre et un service exceptionnellement rapide et professionnel. Nous offrons la plus grande taille d\u2019impression d\u2019image sur ballon disponible sur le march\u00e9, et la qualit\u00e9 et la clart\u00e9 de notre impression sont in\u00e9gal\u00e9es. Nous offrons \u00e9galement un large \u00e9ventail de services tels que l\u2019impression recto verso et l\u2019impression de logos bicolores.<\/p>\n<p>Si vous cherchez \u00e0 pr\u00e9senter votre marque avec des ballons personnalis\u00e9s, <a href=\"https:\/\/csaballoons.com\/fr\/contact\/\" target=\"_blank\" rel=\"noopener\">contactez-nous<\/a>. Nous imprimerons des ballons de qualit\u00e9 sup\u00e9rieure plus rapidement que la concurrence.[\/vc_column_text][vc_single_image image=\u00a0\u00bb5415&Prime; img_size=\u00a0\u00bbfull\u00a0\u00bb el_class=\u00a0\u00bbcsa-confetti\u00a0\u00bb][vc_single_image image=\u00a0\u00bb5454&Prime; img_size=\u00a0\u00bbfull\u00a0\u00bb el_class=\u00a0\u00bbcsa-balloon1&Prime;][vc_single_image image=\u00a0\u00bb5456&Prime; img_size=\u00a0\u00bbfull\u00a0\u00bb el_class=\u00a0\u00bbcsa-balloon2&Prime;][\/vc_column][\/vc_row][vc_row el_class=\u00a0\u00bbhome-block5&Prime;][vc_column][vc_column_text css=\u00a0\u00bb.vc_custom_1668071649717{margin-bottom: 0px !important;}\u00a0\u00bb]\n<h2 style=\"text-align: center;\"><a href=\"https:\/\/csaballoons.com\/fr\/demande-de-prix\/\">Demande de prix<\/a><\/h2>\n[\/vc_column_text][\/vc_column][\/vc_row][vc_row el_class=\u00a0\u00bbhome-block6&Prime;][vc_column width=\u00a0\u00bb1\/2&Prime;][vc_column_text css=\u00a0\u00bb.vc_custom_1656292078350{margin-bottom: 0px !important;}\u00a0\u00bb]\n<h2 style=\"text-align: left;\"><strong>Ballons personnalis\u00e9s en mylar<\/strong><strong><br \/>\n<\/strong><\/h2>\n<p>Si vous cherchez \u00e0 \u00e9tonner vos invit\u00e9s ou clients potentiels en cr\u00e9ant une toile de fond fantastique \u00e0 votre \u00e9v\u00e9nement, optez pour nos ballons personnalis\u00e9s en Mylar. Fabriqu\u00e9 \u00e0 partir de feuille d\u2019aluminium ou de poly\u00e9thyl\u00e8ne t\u00e9r\u00e9phtalate (PET), les ballons personnalis\u00e9s en Mylar sont plus durables que les ballons en latex traditionnels. Cela les rend parfaits pour les \u00e9v\u00e9nements qui durent plusieurs jours.<\/p>\n<p>Embellissez votre \u00e9v\u00e9nement avec nos ballons personnalis\u00e9s en Mylar. Ils sont disponibles dans un \u00e9ventail de couleurs vives et une vari\u00e9t\u00e9 de formes. Transmettez votre message avec style et originalit\u00e9. Nos designers vous aideront \u00e0 cr\u00e9er des ballons personnalis\u00e9s en Mylar dynamiques et parfaits pour votre \u00e9v\u00e9nement.<\/p>\n<h2 class=\"red\"><strong>De plus, ils sont 100% recyclables!<\/strong><\/h2>\n<p><a href=\"https:\/\/csaballoons.com\/fr\/ballons-personnalises-en-mylar\/\" target=\"_blank\" rel=\"noopener\">Magasinez les ballons personnalis\u00e9s en Mylar<\/a>[\/vc_column_text][\/vc_column][vc_column width=\u00a0\u00bb1\/2&Prime;][vc_column_text css=\u00a0\u00bb.vc_custom_1657492235232{margin-bottom: 0px !important;}\u00a0\u00bb]\n<h2 style=\"text-align: left;\"><strong>Ballons g\u00e9ants personnalis\u00e9s<\/strong><\/h2>\n<p><span style=\"font-weight: 400;\">Vous cherchez \u00e0 impressionner vos invit\u00e9s? Contactez-nous pour en savoir plus sur nos ballons g\u00e9ants personnalis\u00e9s. <\/span><\/p>\n<p><span style=\"font-weight: 400;\">Une pi\u00e8ce ma\u00eetresse id\u00e9ale pour vos d\u00e9corations de ballons ou pour des \u00e9v\u00e9nements ext\u00e9rieurs de grande envergure, les ballons g\u00e9ants sont disponibles dans une large gamme de couleurs et de finitions. Les ballons g\u00e9ants personnalis\u00e9s sont imprim\u00e9s sur des ballons en latex de 36 pouces.<\/span><\/p>\n<p><span style=\"font-weight: 400;\">Envoyez-nous simplement votre image, logo ou message personnalis\u00e9. Nous imprimerons vos ballons g\u00e9ants personnalis\u00e9s et vous les enverrons rapidement. Faites confiance \u00e0 Ballons CSA. <\/span><span style=\"font-weight: 400;\">Vous recevrez un produit et un service de premi\u00e8re classe \u00e0 un prix comp\u00e9titif.<\/span><\/p>\n<h2 class=\"red\"><strong>De plus, ils sont 100% biod\u00e9gradables !<\/strong><\/h2>\n<p><a href=\"https:\/\/csaballoons.com\/fr\/commande\/#latex-36\" target=\"_blank\" rel=\"noopener\"><span style=\"font-weight: 400;\">Commandez vos ballons g\u00e9ants personnalis\u00e9s<\/span><\/a>[\/vc_column_text][\/vc_column][\/vc_row][vc_row el_class=\u00a0\u00bbhome-block7&Prime;][vc_column][vc_column_text css=\u00a0\u00bb.vc_custom_1668071449012{margin-bottom: 0px !important;}\u00a0\u00bb]\n<p style=\"text-align: center;\"><div class=\"wp-block-button pbutton alt blue-button\"><a class=\"wp-block-button__link blue-button\" href=\"https:\/\/csaballoons.com\/fr\/demande-de-prix\/\" target=\"\"><strong> Demande de Prix <\/strong><\/a><\/div>\n[\/vc_column_text][\/vc_column][\/vc_row][vc_row el_class=\u00a0\u00bbhome-block8&Prime;][vc_column][vc_single_image image=\u00a0\u00bb5466&Prime; img_size=\u00a0\u00bbfull\u00a0\u00bb el_class=\u00a0\u00bbcsa-balloon-banner\u00a0\u00bb][vc_single_image image=\u00a0\u00bb5415&Prime; img_size=\u00a0\u00bbfull\u00a0\u00bb el_class=\u00a0\u00bbcsa-confetti\u00a0\u00bb][vc_column_text css=\u00a0\u00bb.vc_custom_1668071459430{margin-bottom: 0px !important;}\u00a0\u00bb]\n<h2 style=\"text-align: center;\"><strong>Le meilleur service d&rsquo;impression de ballons<\/strong><strong><br \/>\n<\/strong><\/h2>\n<p style=\"text-align: center;\">Depuis plus de 20 ans, Ballons CSA fournit des services d\u2019impression de ballons au Canada et aux \u00c9tats-Unis. Nous sommes engag\u00e9s \u00e0 fournir \u00e0 nos clients la meilleure qualit\u00e9 de service et les produits les plus innovants dans l\u2019industrie de l\u2019impression de ballons. Notre attention aux d\u00e9tails et nos prix comp\u00e9titifs ont fait de nous les leaders de l\u2019industrie.<\/p>\n<p style=\"text-align: center;\">Nos installations et nos techniques d\u2019impression sont parmi les plus avanc\u00e9es de l\u2019industrie. Nos ballons sont de qualit\u00e9 sup\u00e9rieure, 100% biod\u00e9gradables, en latex naturel ou en Mylar, et nous offrons la plus grande collection de couleurs et de finitions de ballons.<\/p>\n<p style=\"text-align: center;\">Commandez vos ballons personnalis\u00e9s des meilleurs imprimeurs sur le march\u00e9.<\/p>\n<p style=\"text-align: center;\"><div class=\"wp-block-button pbutton alt blue-button\"><a class=\"wp-block-button__link blue-button\" href=\"https:\/\/csaballoons.com\/fr\/demande-de-prix\/\" target=\"\"><strong> Demande de Prix <\/strong><\/a><\/div>\n[\/vc_column_text][vc_single_image image=\u00a0\u00bb5415&Prime; img_size=\u00a0\u00bbfull\u00a0\u00bb el_class=\u00a0\u00bbcsa-confetti csa-confettiB\u00a0\u00bb][\/vc_column][\/vc_row][vc_row el_class=\u00a0\u00bbhome-block9&Prime;][vc_column width=\u00a0\u00bb1\/2&Prime;][vc_column_text css=\u00a0\u00bb.vc_custom_1668071572938{margin-bottom: 0px !important;}\u00a0\u00bb]\n<h2 class=\"h2b\" style=\"text-align: left;\"><strong>Ballons personalis\u00e9s pour<br \/>\nles \u00e9<span class=\"corrected-phrase corrected-phrase_synonyms-mode ng-star-inserted\" data-end=\"9\" data-originaltext=\"\u00c9v\u00e9nements\" data-start=\"0\" data-text=\"\"><span class=\"corrected-phrase__displayed-text corrected-phrase__displayed-text_no-correction corrected-phrase__displayed-text_synonyms-mode ng-star-inserted\">v<\/span><span class=\"corrected-phrase__displayed-text corrected-phrase__displayed-text_no-correction ng-star-inserted\">\u00e9<\/span><span class=\"corrected-phrase__displayed-text corrected-phrase__displayed-text_no-correction corrected-phrase__displayed-text_synonyms-mode ng-star-inserted\">nements<\/span><\/span> <span class=\"corrected-phrase corrected-phrase_synonyms-mode ng-star-inserted\" data-end=\"21\" data-originaltext=\"corporatifs\" data-start=\"11\" data-text=\"\"><span class=\"corrected-phrase__displayed-text corrected-phrase__displayed-text_no-correction corrected-phrase__displayed-text_synonyms-mode ng-star-inserted\">corporatifs<\/span><\/span> <\/strong><\/h2>\n<p style=\"text-align: left;\">Pour promouvoir un nouveau produit, d\u00e9corer votre kiosque d\u2019entreprise, mettre en valeur votre magasin ou votre marque d\u2019entreprise,<\/p>\n<h2 class=\"red\"><strong>Pensez aux Ballons CSA!<\/strong><\/h2>\n<p style=\"text-align: left;\">Nos coordonnateurs d\u2019\u00e9v\u00e9nements se feront un plaisir de vous aider \u00e0 d\u00e9terminer les meilleures options en fonction de vos besoins, tout en respectant votre budget. Gr\u00e2ce \u00e0 notre vaste r\u00e9seau de d\u00e9corateurs certifi\u00e9s, nos sp\u00e9cialistes en d\u00e9coration de ballons et structures de ballons, serons en mesure de vous aider, o\u00f9 que vous soyez. Contactez-nous aujourd\u2019hui!<\/p>\n<h2 class=\"red\" style=\"text-align: center;\">Commandez vos ballons personnalis\u00e9s<br \/>\naujourd\u2019hui<\/h2>\n[\/vc_column_text][\/vc_column][vc_column width=\u00a0\u00bb1\/2&Prime;][vc_single_image image=\u00a0\u00bb5468&Prime; img_size=\u00a0\u00bbfull\u00a0\u00bb el_class=\u00a0\u00bbcsa-balloon-banner\u00a0\u00bb][\/vc_column][\/vc_row][vc_row el_class=\u00a0\u00bbcsa-infolettre\u00a0\u00bb][vc_column][vc_column_text css=\u00a0\u00bb.vc_custom_1615320958405{margin-bottom: 0px !important;}\u00a0\u00bb]\n<h2>Inscription \u00e0 notre infolettre<\/h2>\n<div role=\"form\" class=\"wpcf7\" id=\"wpcf7-f5438-o1\" lang=\"en-US\" dir=\"ltr\">\n<div class=\"screen-reader-response\"><p role=\"status\" aria-live=\"polite\" aria-atomic=\"true\"><\/p> <ul><\/ul><\/div>\n<form action=\"\/fr\/wp-json\/wp\/v2\/pages\/5361#wpcf7-f5438-o1\" method=\"post\" class=\"wpcf7-form init\" novalidate=\"novalidate\" data-status=\"init\">\n<div style=\"display: none;\">\n<input type=\"hidden\" name=\"_wpcf7\" value=\"5438\" \/>\n<input type=\"hidden\" name=\"_wpcf7_version\" value=\"5.5.6.1\" \/>\n<input type=\"hidden\" name=\"_wpcf7_locale\" value=\"en_US\" \/>\n<input type=\"hidden\" name=\"_wpcf7_unit_tag\" value=\"wpcf7-f5438-o1\" \/>\n<input type=\"hidden\" name=\"_wpcf7_container_post\" value=\"0\" \/>\n<input type=\"hidden\" name=\"_wpcf7_posted_data_hash\" value=\"\" \/>\n<\/div>\n<div class=\"crow\"><span class=\"wpcf7-form-control-wrap your-last\"><input type=\"text\" name=\"your-last\" value=\"\" size=\"40\" class=\"wpcf7-form-control wpcf7-text wpcf7-validates-as-required\" aria-required=\"true\" aria-invalid=\"false\" placeholder=\"Votre nom\" \/><\/span><span class=\"wpcf7-form-control-wrap your-email\"><input type=\"email\" name=\"your-email\" value=\"\" size=\"40\" class=\"wpcf7-form-control wpcf7-text wpcf7-email wpcf7-validates-as-required wpcf7-validates-as-email\" aria-required=\"true\" aria-invalid=\"false\" placeholder=\"Votre courriel\" \/><\/span>\n<div class=\"cbutton\"><input type=\"submit\" value=\"Je m\u2019inscris\" class=\"wpcf7-form-control has-spinner wpcf7-submit\" \/><\/div>\n<\/div>\n<input type=\"hidden\" id=\"ct_checkjs_cf7_a9a1d5317a33ae8cef33961c34144f84\" name=\"ct_checkjs_cf7\" value=\"0\" \/><input\n                    class=\"apbct_special_field apbct_email_id__wp_contact_form_7\"\n                    name=\"apbct__email_id__wp_contact_form_7\"\n                    aria-label=\"apbct__label_id__wp_contact_form_7\"\n                    type=\"text\" size=\"30\" maxlength=\"200\" autocomplete=\"off\"\n                    value=\"\"\n                \/><div class=\"wpcf7-response-output\" aria-hidden=\"true\"><\/div><\/form><\/div>[\/vc_column_text][\/vc_column][\/vc_row]\n","protected":false},"excerpt":{"rendered":"<p>[vc_row el_class=\u00a0\u00bbhome-header\u00a0\u00bb][vc_column el_class=\u00a0\u00bbhome-slider-header\u00a0\u00bb][mk_fullwidth_slideshow images=\u00a0\u00bb5406&Prime;][\/vc_column][vc_column el_class=\u00a0\u00bbheader-text\u00a0\u00bb][vc_column_text css=\u00a0\u00bb.vc_custom_1696611383977{margin-bottom: 0px !important;}\u00a0\u00bb]Le leader en impression de ballons personnalis\u00e9s [\/vc_column_text][\/vc_column][\/vc_row][vc_row el_class=\u00a0\u00bbhome-block1&Prime;][vc_column][vc_raw_html]JTVCaG9tZS1zbGlkZXIlMjBpZHMlM0QlMjI2MjQ4JTJDNjI0OSUyQzYyNTAlMkM2MjUxJTJDNjI1MiUyQzYyNTMlMkM2MjU0JTJDNjI1NSUyQzYyNTYlMkM2MjU3JTJDNjI1OCUyQzYyNTklMkM2MjYwJTJDNjI2MSUyQzYyNjIlMkM2MjYzJTJDNjI2NSUyQzYyNjYlMkM2MjY3JTJDNjI2OCUyQzYyNjklMkM2MjcwJTJDNjI3MSUyQzYyNzIlMkM2MjczJTJDNjI3NCUyQzYyNzUlMkM2Mjc2JTJDNjI3NyUyQzYyNzglMkM2Mjc5JTJDNjI4MCUyQzYyODElMkM2MjgyJTJDNjI4MyUyQzYyODQlMkM2Mjg1JTJDNjI4NiUyQzYyODclMkM2Mjg4JTJDNjI4OSUyQzYyOTAlMkM2MjkxJTJDNjI5MiUyQzYyOTMlMkM2Mjk0JTJDNjI5NSUyQzYyOTYlMkM2Mjk3JTJDNjI5OCUyQzYyOTklMkM2MzAwJTJDNjMwMSUyQzYzMDIlMkM2MzAzJTJDNjMwNCUyQzYzMDUlMkM2MzA2JTJDNjMwNyUyQzYzMDglMkM2MzA5JTJDNjMxMCUyQzYzMTElMkM2MzEyJTJDNjMxMyUyQzYzMTQlMkM2MzE1JTJDNjMxNiUyQzYzMTclMkM2MzE4JTJDNjMxOSUyQzYzMjAlMkM2MzIxJTJDNjMyMiUyQzYzMjMlMkM2MzI0JTJDNjMyNSUyQzYzMjYlMkM2MzI3JTJDNjMyOCUyQzYzMjklMkM2MzMwJTJDNjMzMSUyQzYzMzIlMkM2MzMzJTJDNjMzNSUyQzYzMzYlMkM2MzM3JTJDNjMzOSUyQzYzNDElMkM2MzQyJTJDNjM0MyUyQzYzNDQlMkM2MzQ1JTJDNjM0NiUyQzYzNDclMkM2MzQ4JTJDNjM0OSUyQzYzNTAlMkM2MzUxJTJDNjM1MiUyQzYzNTMlMkM2MzU0JTJDNjM1NSUyQzYzNTYlMkM2MzU3JTJDNjM1OCUyQzYzNTklMkM2MzYwJTJDNjM2MSUyQzYzNjIlMkM2MzYzJTJDNjM2NCUyQzYzNjUlMkM2MzY2JTJDNjM2NyUyQzYzNjglMkM2MzY5JTJDNjM3MCUyQzYzNzElMkM2MzcyJTJDNjM3MyUyQzYzNzQlMkM2Mzc1JTJDNjM3NiUyQzYzNzclMkM2Mzc4JTJDNjM3OSUyQzYzODAlMkM2MzgxJTIyJTVE[\/vc_raw_html][vc_column_text css=\u00a0\u00bb.vc_custom_1619638996102{margin-bottom: 0px !important;}\u00a0\u00bb] PLUS DE 20 ANS D\u2019EXCELLENCE EN BALLONS PERSONNALIS\u00c9S QUALIT\u00c9 \u2013 SERVICE \u2013 RAPIDIT\u00c9 R\u00e9put\u00e9s pour notre service d\u2019impression de premi\u00e8re classe et nos ballons de qualit\u00e9 sup\u00e9rieure, nous sommes les leaders en impression de ballons personnalis\u00e9s. [&hellip;]<\/p>\n","protected":false},"author":5,"featured_media":0,"parent":0,"menu_order":0,"comment_status":"closed","ping_status":"closed","template":"page-csa.php","meta":{"_monsterinsights_skip_tracking":false,"_monsterinsights_sitenote_active":false,"_monsterinsights_sitenote_note":"","_monsterinsights_sitenote_category":0},"_links":{"self":[{"href":"https:\/\/csaballoons.com\/fr\/wp-json\/wp\/v2\/pages\/5361"}],"collection":[{"href":"https:\/\/csaballoons.com\/fr\/wp-json\/wp\/v2\/pages"}],"about":[{"href":"https:\/\/csaballoons.com\/fr\/wp-json\/wp\/v2\/types\/page"}],"author":[{"embeddable":true,"href":"https:\/\/csaballoons.com\/fr\/wp-json\/wp\/v2\/users\/5"}],"replies":[{"embeddable":true,"href":"https:\/\/csaballoons.com\/fr\/wp-json\/wp\/v2\/comments?post=5361"}],"version-history":[{"count":73,"href":"https:\/\/csaballoons.com\/fr\/wp-json\/wp\/v2\/pages\/5361\/revisions"}],"predecessor-version":[{"id":8148,"href":"https:\/\/csaballoons.com\/fr\/wp-json\/wp\/v2\/pages\/5361\/revisions\/8148"}],"wp:attachment":[{"href":"https:\/\/csaballoons.com\/fr\/wp-json\/wp\/v2\/media?parent=5361"}],"curies":[{"name":"wp","href":"https:\/\/api.w.org\/{rel}","templated":true}]}}