{"id":8246,"date":"2023-11-30T07:25:46","date_gmt":"2023-11-30T07:25:46","guid":{"rendered":"https:\/\/csaballoons.com\/?page_id=8246"},"modified":"2023-11-30T07:43:38","modified_gmt":"2023-11-30T07:43:38","slug":"politique-de-protection-des-renseignements-personnels","status":"publish","type":"page","link":"https:\/\/csaballoons.com\/fr\/politique-de-protection-des-renseignements-personnels\/","title":{"rendered":"Politique de Protection des Renseignements Personnels"},"content":{"rendered":"[vc_row fullwidth=\u00a0\u00bbtrue\u00a0\u00bb css=\u00a0\u00bb.vc_custom_1701329642440{margin-bottom: 50px !important;background-position: center !important;background-repeat: no-repeat !important;background-size: cover !important;}\u00a0\u00bb][vc_column][vc_single_image image=\u00a0\u00bb8247&Prime; img_size=\u00a0\u00bbfull\u00a0\u00bb][\/vc_column][\/vc_row][vc_row fullwidth=\u00a0\u00bbtrue\u00a0\u00bb fullwidth_content=\u00a0\u00bbfalse\u00a0\u00bb css=\u00a0\u00bb.vc_custom_1701329379343{padding-top: 3% !important;padding-bottom: 3% !important;}\u00a0\u00bb][vc_column][vc_column_text css=\u00a0\u00bb.vc_custom_1701329715630{margin-top: -5% !important;margin-bottom: 0px !important;}\u00a0\u00bb]\n<h1><span style=\"color: #000000;\">Politique de Protection des Renseignements Personnels &#8211; Conformit\u00e9 \u00e0 la Loi 25<\/span><\/h1>\n[\/vc_column_text][vc_column_text css=\u00a0\u00bb.vc_custom_1701329402398{margin-bottom: 0px !important;}\u00a0\u00bb]<strong>Introduction<\/strong><\/p>\n<p>La pr\u00e9sente politique de protection des renseignements personnels a pour objectif de vous informer sur la mani\u00e8re dont CSA Balloons recueille, utilise, traite et prot\u00e8ge vos renseignements personnels conform\u00e9ment \u00e0 la Loi 25. Nous prenons la s\u00e9curit\u00e9 et la confidentialit\u00e9 de vos donn\u00e9es personnelles tr\u00e8s au s\u00e9rieux et nous nous engageons \u00e0 respecter les normes \u00e9lev\u00e9es \u00e9tablies par cette loi.<\/p>\n<p><strong>Collecte de Renseignements Personnels<\/strong><\/p>\n<p>Nous recueillons vos renseignements personnels de mani\u00e8re l\u00e9gale, loyale et transparente. Ces renseignements peuvent inclure, mais ne sont pas limit\u00e9s \u00e0 :<\/p>\n<p>Nom, pr\u00e9nom et coordonn\u00e9es<\/p>\n<p>Adresse postale et adresse \u00e9lectronique<\/p>\n<p>Num\u00e9ro de t\u00e9l\u00e9phone<\/p>\n<p>Informations li\u00e9es \u00e0 vos achats et \u00e0 votre compte<\/p>\n<p><strong>Utilisation des Renseignements Personnels<\/strong><\/p>\n<p>Nous utilisons vos renseignements personnels dans le but de fournir nos services, de traiter vos achats, de r\u00e9pondre \u00e0 vos demandes et de vous tenir inform\u00e9 de nos offres et promotions. Vos renseignements peuvent \u00e9galement \u00eatre utilis\u00e9s \u00e0 des fins de gestion interne, d&rsquo;analyse statistique et de conformit\u00e9 l\u00e9gale.<\/p>\n<p><strong>Protection et S\u00e9curit\u00e9<\/strong><\/p>\n<p>Nous avons mis en place des mesures de s\u00e9curit\u00e9 techniques, administratives et physiques pour prot\u00e9ger vos renseignements personnels contre tout acc\u00e8s non autoris\u00e9, perte, vol ou utilisation abusive. Nous veillons \u00e0 ce que nos employ\u00e9s soient form\u00e9s sur la s\u00e9curit\u00e9 des donn\u00e9es et que nos partenaires commerciaux respectent \u00e9galement les normes de confidentialit\u00e9.<\/p>\n<p><strong>Partage de Renseignements Personnels<\/strong><\/p>\n<p>Nous ne partageons vos renseignements personnels avec des tiers que dans la mesure n\u00e9cessaire pour la fourniture de nos services. Cela peut inclure les prestataires de services de paiement, les transporteurs pour l&rsquo;exp\u00e9dition de produits, etc. Nous veillons \u00e0 ce que tout partage de renseignements soit conforme \u00e0 la Loi 25 et \u00e0 notre engagement envers la protection de votre vie priv\u00e9e.<\/p>\n<p><strong>Consentement<\/strong><\/p>\n<p>En utilisant nos services et en fournissant vos renseignements personnels, vous consentez \u00e0 la collecte, \u00e0 l&rsquo;utilisation et au traitement de ces donn\u00e9es conform\u00e9ment \u00e0 la pr\u00e9sente politique. Vous avez le droit de retirer votre consentement \u00e0 tout moment en nous contactant.<\/p>\n<p><strong>Acc\u00e8s et Rectification<\/strong><\/p>\n<p>Vous avez le droit d&rsquo;acc\u00e9der \u00e0 vos renseignements personnels d\u00e9tenus par CSA Balloons et de demander leur rectification si n\u00e9cessaire. Vous pouvez exercer ce droit en nous contactant.<\/p>\n<p><strong>Contact<\/strong><\/p>\n<p>Si vous avez des questions, des pr\u00e9occupations ou des demandes li\u00e9es \u00e0 vos renseignements personnels ou \u00e0 notre politique de protection des renseignements personnels, veuillez nous contacter par courriel csaba@csaballoons.com<\/p>\n<p><strong>Modification de la Politique<\/strong><\/p>\n<p>Nous nous r\u00e9servons le droit de modifier cette politique de protection des renseignements personnels \u00e0 tout moment. Toute modification sera publi\u00e9e sur notre site web et vous serez inform\u00e9 de tout changement majeur.<\/p>\n<p>En acceptant nos services, vous reconnaissez avoir lu, compris et accept\u00e9 les termes de la pr\u00e9sente politique de protection des renseignements personnels.[\/vc_column_text][\/vc_column][\/vc_row]\n","protected":false},"excerpt":{"rendered":"<p>[vc_row fullwidth=\u00a0\u00bbtrue\u00a0\u00bb css=\u00a0\u00bb.vc_custom_1701329642440{margin-bottom: 50px !important;background-position: center !important;background-repeat: no-repeat !important;background-size: cover !important;}\u00a0\u00bb][vc_column][vc_single_image image=\u00a0\u00bb8247&Prime; img_size=\u00a0\u00bbfull\u00a0\u00bb][\/vc_column][\/vc_row][vc_row fullwidth=\u00a0\u00bbtrue\u00a0\u00bb fullwidth_content=\u00a0\u00bbfalse\u00a0\u00bb css=\u00a0\u00bb.vc_custom_1701329379343{padding-top: 3% !important;padding-bottom: 3% !important;}\u00a0\u00bb][vc_column][vc_column_text css=\u00a0\u00bb.vc_custom_1701329715630{margin-top: -5% !important;margin-bottom: 0px !important;}\u00a0\u00bb] Politique de Protection des Renseignements Personnels &#8211; Conformit\u00e9 \u00e0 la Loi 25 [\/vc_column_text][vc_column_text css=\u00a0\u00bb.vc_custom_1701329402398{margin-bottom: 0px !important;}\u00a0\u00bb]Introduction La pr\u00e9sente politique de protection des renseignements personnels a pour objectif de vous informer [&hellip;]<\/p>\n","protected":false},"author":18,"featured_media":0,"parent":0,"menu_order":0,"comment_status":"closed","ping_status":"closed","template":"","meta":{"_monsterinsights_skip_tracking":false,"_monsterinsights_sitenote_active":false,"_monsterinsights_sitenote_note":"","_monsterinsights_sitenote_category":0},"_links":{"self":[{"href":"https:\/\/csaballoons.com\/fr\/wp-json\/wp\/v2\/pages\/8246"}],"collection":[{"href":"https:\/\/csaballoons.com\/fr\/wp-json\/wp\/v2\/pages"}],"about":[{"href":"https:\/\/csaballoons.com\/fr\/wp-json\/wp\/v2\/types\/page"}],"author":[{"embeddable":true,"href":"https:\/\/csaballoons.com\/fr\/wp-json\/wp\/v2\/users\/18"}],"replies":[{"embeddable":true,"href":"https:\/\/csaballoons.com\/fr\/wp-json\/wp\/v2\/comments?post=8246"}],"version-history":[{"count":12,"href":"https:\/\/csaballoons.com\/fr\/wp-json\/wp\/v2\/pages\/8246\/revisions"}],"predecessor-version":[{"id":8260,"href":"https:\/\/csaballoons.com\/fr\/wp-json\/wp\/v2\/pages\/8246\/revisions\/8260"}],"wp:attachment":[{"href":"https:\/\/csaballoons.com\/fr\/wp-json\/wp\/v2\/media?parent=8246"}],"curies":[{"name":"wp","href":"https:\/\/api.w.org\/{rel}","templated":true}]}}