{"id":5987,"date":"2021-04-16T22:22:39","date_gmt":"2021-04-16T22:22:39","guid":{"rendered":"https:\/\/csaballoons.com\/product\/balloon-valves\/"},"modified":"2021-04-29T00:17:56","modified_gmt":"2021-04-29T00:17:56","slug":"valves-a-ballon","status":"publish","type":"product","link":"https:\/\/csaballoons.com\/fr\/produit\/valves-a-ballon\/","title":{"rendered":"Valves \u00e0 Ballon"},"content":{"rendered":"<p>Valve avec 4 pieds de ruban blanc, ballons ne doit PAS \u00eatre nou\u00e9.<\/p>\n","protected":false},"excerpt":{"rendered":"<p>Valve avec 4 pieds de ruban blanc, ballons ne doit PAS \u00eatre nou\u00e9.<\/p>\n","protected":false},"featured_media":5993,"comment_status":"open","ping_status":"closed","template":"","meta":{"_monsterinsights_skip_tracking":false,"_monsterinsights_sitenote_active":false,"_monsterinsights_sitenote_note":"","_monsterinsights_sitenote_category":0},"product_cat":[40,42,34,46],"product_tag":[],"_links":{"self":[{"href":"https:\/\/csaballoons.com\/fr\/wp-json\/wp\/v2\/product\/5987"}],"collection":[{"href":"https:\/\/csaballoons.com\/fr\/wp-json\/wp\/v2\/product"}],"about":[{"href":"https:\/\/csaballoons.com\/fr\/wp-json\/wp\/v2\/types\/product"}],"replies":[{"embeddable":true,"href":"https:\/\/csaballoons.com\/fr\/wp-json\/wp\/v2\/comments?post=5987"}],"wp:featuredmedia":[{"embeddable":true,"href":"https:\/\/csaballoons.com\/fr\/wp-json\/wp\/v2\/media\/5993"}],"wp:attachment":[{"href":"https:\/\/csaballoons.com\/fr\/wp-json\/wp\/v2\/media?parent=5987"}],"wp:term":[{"taxonomy":"product_cat","embeddable":true,"href":"https:\/\/csaballoons.com\/fr\/wp-json\/wp\/v2\/product_cat?post=5987"},{"taxonomy":"product_tag","embeddable":true,"href":"https:\/\/csaballoons.com\/fr\/wp-json\/wp\/v2\/product_tag?post=5987"}],"curies":[{"name":"wp","href":"https:\/\/api.w.org\/{rel}","templated":true}]}}