{"id":5991,"date":"2021-04-16T22:25:51","date_gmt":"2021-04-16T22:25:51","guid":{"rendered":"https:\/\/csaballoons.com\/product\/coupelles\/"},"modified":"2021-04-29T00:15:49","modified_gmt":"2021-04-29T00:15:49","slug":"attaches-a-ballon","status":"publish","type":"product","link":"https:\/\/csaballoons.com\/fr\/produit\/attaches-a-ballon\/","title":{"rendered":"Attaches \u00e0 Ballon"},"content":{"rendered":"<p>Attache avec 4 pieds de rubans blanc, ballon doit \u00eatre nou\u00e9.<\/p>\n","protected":false},"excerpt":{"rendered":"<p>Attache avec 4 pieds de rubans blanc, ballon doit \u00eatre nou\u00e9.<\/p>\n","protected":false},"featured_media":5990,"comment_status":"open","ping_status":"closed","template":"","meta":{"_monsterinsights_skip_tracking":false,"_monsterinsights_sitenote_active":false,"_monsterinsights_sitenote_note":"","_monsterinsights_sitenote_category":0},"product_cat":[40,42,34,46],"product_tag":[],"_links":{"self":[{"href":"https:\/\/csaballoons.com\/fr\/wp-json\/wp\/v2\/product\/5991"}],"collection":[{"href":"https:\/\/csaballoons.com\/fr\/wp-json\/wp\/v2\/product"}],"about":[{"href":"https:\/\/csaballoons.com\/fr\/wp-json\/wp\/v2\/types\/product"}],"replies":[{"embeddable":true,"href":"https:\/\/csaballoons.com\/fr\/wp-json\/wp\/v2\/comments?post=5991"}],"wp:featuredmedia":[{"embeddable":true,"href":"https:\/\/csaballoons.com\/fr\/wp-json\/wp\/v2\/media\/5990"}],"wp:attachment":[{"href":"https:\/\/csaballoons.com\/fr\/wp-json\/wp\/v2\/media?parent=5991"}],"wp:term":[{"taxonomy":"product_cat","embeddable":true,"href":"https:\/\/csaballoons.com\/fr\/wp-json\/wp\/v2\/product_cat?post=5991"},{"taxonomy":"product_tag","embeddable":true,"href":"https:\/\/csaballoons.com\/fr\/wp-json\/wp\/v2\/product_tag?post=5991"}],"curies":[{"name":"wp","href":"https:\/\/api.w.org\/{rel}","templated":true}]}}