{"id":6064,"date":"2021-04-17T03:22:05","date_gmt":"2021-04-17T03:22:05","guid":{"rendered":"https:\/\/csaballoons.com\/product\/pesee-a-ballons\/"},"modified":"2021-04-28T23:08:45","modified_gmt":"2021-04-28T23:08:45","slug":"pesee-a-ballons","status":"publish","type":"product","link":"https:\/\/csaballoons.com\/fr\/produit\/pesee-a-ballons\/","title":{"rendered":"Pes\u00e9e \u00e0 Ballons"},"content":{"rendered":"<p>Retient jusqu&rsquo;\u00e0 10 ballons &#8211; 12&Prime; en latex<br \/>\nRetient jusqu&rsquo;\u00e0 5 ballons &#8211; 16&Prime; &#8211; 17&Prime; en latex <\/p>\n","protected":false},"excerpt":{"rendered":"<p>Retient jusqu&rsquo;\u00e0 10 ballons &#8211; 12&Prime; en latex Retient jusqu&rsquo;\u00e0 5 ballons &#8211; 16&Prime; &#8211; 17&Prime; en latex<\/p>\n","protected":false},"featured_media":6046,"comment_status":"open","ping_status":"closed","template":"","meta":{"_monsterinsights_skip_tracking":false,"_monsterinsights_sitenote_active":false,"_monsterinsights_sitenote_note":"","_monsterinsights_sitenote_category":0},"product_cat":[40,48,41,42,34,46],"product_tag":[],"_links":{"self":[{"href":"https:\/\/csaballoons.com\/fr\/wp-json\/wp\/v2\/product\/6064"}],"collection":[{"href":"https:\/\/csaballoons.com\/fr\/wp-json\/wp\/v2\/product"}],"about":[{"href":"https:\/\/csaballoons.com\/fr\/wp-json\/wp\/v2\/types\/product"}],"replies":[{"embeddable":true,"href":"https:\/\/csaballoons.com\/fr\/wp-json\/wp\/v2\/comments?post=6064"}],"wp:featuredmedia":[{"embeddable":true,"href":"https:\/\/csaballoons.com\/fr\/wp-json\/wp\/v2\/media\/6046"}],"wp:attachment":[{"href":"https:\/\/csaballoons.com\/fr\/wp-json\/wp\/v2\/media?parent=6064"}],"wp:term":[{"taxonomy":"product_cat","embeddable":true,"href":"https:\/\/csaballoons.com\/fr\/wp-json\/wp\/v2\/product_cat?post=6064"},{"taxonomy":"product_tag","embeddable":true,"href":"https:\/\/csaballoons.com\/fr\/wp-json\/wp\/v2\/product_tag?post=6064"}],"curies":[{"name":"wp","href":"https:\/\/api.w.org\/{rel}","templated":true}]}}